{"id":89675,"date":"2023-10-18T13:19:23","date_gmt":"2024-05-17T10:14:57","guid":{"rendered":"http:\/\/blue-heeler.de\/produkt\/jackaroo-nero-sahara\/"},"modified":"2024-05-17T12:14:57","modified_gmt":"2024-05-17T10:14:57","slug":"jackaroo-nero-sahara","status":"publish","type":"product","link":"https:\/\/www.blue-heeler.de\/it\/Produkt\/jackaroo-nero-sahara\/","title":{"rendered":"JACKAROO nero sahara"},"content":{"rendered":"<h1>JACKAROO nero sahara<\/h1>\n<p>Il &#8220;Jackaroo&#8221; \u00e8 uno dei nostri bestseller. Questo classico del design \u00e8 particolarmente apprezzato dalle persone che stanno spesso all&#8217;aperto. Nella stalla, in giro con il cane o al parco giochi: lo stivale casual Chelsea \u00e8 un must-have di stile per tutte le attivit\u00e0 all&#8217;aperto. Da qui il nome: &#8220;Jackaroo&#8221; \u00e8 il nome dei cowboy australiani.<\/p>\n<p>La pelle nappa di vacchetta oliata e spessa 2 mm \u00e8 idrorepellente e non fa paura. La fodera in morbida pelle di vitello assicura un ottimo clima all&#8217;interno della scarpa. Il plantare ammortizzante ti permette di percorrere anche lunghe distanze in tutta comodit\u00e0. E se il terreno \u00e8 irregolare o scivoloso: La suola antiscivolo in gomma naturale ha tutto sotto controllo.<\/p>\n<p><strong>Tira e molla<\/strong><\/p>\n<ul>\n<li>Semplicemente dentro, semplicemente fuori:<br \/>\nStivaletto slip-on con inserti elastici idrorepellenti ai lati<\/li>\n<li>Linguette di presa intelligenti nella parte anteriore e posteriore<\/li>\n<\/ul>\n<p><strong>Buon carattere<\/strong><\/p>\n<ul>\n<li>Robusta pelle nappa di vacchetta oliata e tinta in profondit\u00e0 (2 mm)<\/li>\n<li>Pretrattato idrorepellente<\/li>\n<li>Fodera in pregiata pelle di vitello<\/li>\n<li>Suola in gomma naturale antiscivolo color miele<\/li>\n<li>Cucito e incollato<\/li>\n<li>Calzata anatomica &#8211; anche per i piedi pi\u00f9 stretti<\/li>\n<li>Sottopiede intercambiabile &#8211; EVA con finiture in pelle &#8211; adatto anche per i plantari<\/li>\n<li>Prodotto in Portogallo<\/li>\n<\/ul>\n","protected":false},"excerpt":{"rendered":"<h1>JACKAROO<\/h1>\n<p>Il &#8220;Jackaroo&#8221; \u00e8 uno dei nostri bestseller. Il classico design minimalista \u00e8 particolarmente apprezzato dalle persone che stanno spesso all&#8217;aperto. Nei campi o nei prati, in giro con il cane o sull&#8217;asfalto: lo stivale casual Chelsea \u00e8 un <strong>must-have<\/strong> di stile per tutte le attivit\u00e0 all&#8217;aperto. Da qui il suo nome: &#8220;Jackaroo&#8221;, perch\u00e9 cos\u00ec si chiamano i cowboy australiani.<\/p>\n","protected":false},"featured_media":89676,"comment_status":"closed","ping_status":"closed","template":"","meta":{"inline_featured_image":false},"product_brand":[],"product_cat":[1306,1312],"product_tag":[1164,834,840,1128,915,1209,906,1194,1071,1047,852,960,987,882],"giftcard-category":[],"class_list":{"0":"post-89675","1":"product","2":"type-product","3":"status-publish","4":"has-post-thumbnail","6":"product_cat-scarpe-da-donna","7":"product_cat-stivali-stivaletti-da-donna","8":"product_tag-alta-qualita","9":"product_tag-australia-it","10":"product_tag-barche","11":"product_tag-cucito-attraverso","12":"product_tag-jackaroo-it","13":"product_tag-nero","14":"product_tag-pelle-liscia","15":"product_tag-robusta","16":"product_tag-stivaletto","17":"product_tag-stivaletto-slip-on","18":"product_tag-stivali-chelsea","19":"product_tag-stivali-in-pelle","20":"product_tag-suola-in-gomma-naturale","21":"product_tag-vera-pelle","22":"pa_groesse-36-eu-35-uk","23":"pa_groesse-37-eu-4-uk","24":"pa_groesse-38-eu-5-uk","25":"pa_groesse-39-eu-6-uk","26":"pa_groesse-40-eu-65-uk","27":"pa_groesse-41-eu-7-uk","28":"pa_groesse-42-eu-8-uk","29":"pa_groesse-43-eu-9-uk","31":"first","32":"instock","33":"taxable","34":"shipping-taxable","35":"purchasable","36":"product-type-variable"},"yoast_head":"<!-- This site is optimized with the Yoast SEO Premium plugin v26.6 (Yoast SEO v26.5) - https:\/\/yoast.com\/wordpress\/plugins\/seo\/ -->\n<title>JACKAROO nero sahara | Stivali con tacco blu<\/title>\n<meta name=\"description\" content=\"Acquista online Jackaroo nero per uomo, donna e bambino. Spedizione gratuita. Ritorno facile. 100% Qualit\u00e0 autentica. Consegna gratuita. Heeler blu\" \/>\n<meta name=\"robots\" content=\"index, follow, max-snippet:-1, max-image-preview:large, max-video-preview:-1\" \/>\n<link rel=\"canonical\" href=\"https:\/\/www.blue-heeler.de\/it\/Produkt\/jackaroo-nero-sahara\/\" \/>\n<meta property=\"og:locale\" content=\"it_IT\" \/>\n<meta property=\"og:type\" content=\"article\" \/>\n<meta property=\"og:title\" content=\"JACKAROO nero sahara | Stivali con tacco blu\" \/>\n<meta property=\"og:description\" content=\"Acquista online Jackaroo nero per uomo, donna e bambino. Spedizione gratuita. Ritorno facile. 100% Qualit\u00e0 autentica. Consegna gratuita. Heeler blu\" \/>\n<meta property=\"og:url\" content=\"https:\/\/www.blue-heeler.de\/it\/Produkt\/jackaroo-nero-sahara\/\" \/>\n<meta property=\"og:site_name\" content=\"BLUE HEELER BOOTS\" \/>\n<meta property=\"og:image\" content=\"https:\/\/www.blue-heeler.de\/wp-content\/uploads\/1001SH-00-1.jpg\" \/>\n\t<meta property=\"og:image:width\" content=\"1200\" \/>\n\t<meta property=\"og:image:height\" content=\"1200\" \/>\n\t<meta property=\"og:image:type\" content=\"image\/jpeg\" \/>\n<meta name=\"twitter:card\" content=\"summary_large_image\" \/>\n<script type=\"application\/ld+json\" class=\"yoast-schema-graph\">{\"@context\":\"https:\/\/schema.org\",\"@graph\":[{\"@type\":\"WebPage\",\"@id\":\"https:\/\/www.blue-heeler.de\/it\/Produkt\/jackaroo-nero-sahara\/\",\"url\":\"https:\/\/www.blue-heeler.de\/it\/Produkt\/jackaroo-nero-sahara\/\",\"name\":\"JACKAROO nero sahara | Stivali con tacco blu\",\"isPartOf\":{\"@id\":\"https:\/\/www.blue-heeler.de\/it\/#website\"},\"primaryImageOfPage\":{\"@id\":\"https:\/\/www.blue-heeler.de\/it\/Produkt\/jackaroo-nero-sahara\/#primaryimage\"},\"image\":{\"@id\":\"https:\/\/www.blue-heeler.de\/it\/Produkt\/jackaroo-nero-sahara\/#primaryimage\"},\"thumbnailUrl\":\"https:\/\/www.blue-heeler.de\/wp-content\/uploads\/1001SH-00-1.jpg\",\"datePublished\":\"2024-05-17T10:14:57+00:00\",\"description\":\"Acquista online Jackaroo nero per uomo, donna e bambino. Spedizione gratuita. Ritorno facile. 100% Qualit\u00e0 autentica. Consegna gratuita. Heeler blu\",\"breadcrumb\":{\"@id\":\"https:\/\/www.blue-heeler.de\/it\/Produkt\/jackaroo-nero-sahara\/#breadcrumb\"},\"inLanguage\":\"it-IT\",\"potentialAction\":[{\"@type\":\"ReadAction\",\"target\":[\"https:\/\/www.blue-heeler.de\/it\/Produkt\/jackaroo-nero-sahara\/\"]}]},{\"@type\":\"ImageObject\",\"inLanguage\":\"it-IT\",\"@id\":\"https:\/\/www.blue-heeler.de\/it\/Produkt\/jackaroo-nero-sahara\/#primaryimage\",\"url\":\"https:\/\/www.blue-heeler.de\/wp-content\/uploads\/1001SH-00-1.jpg\",\"contentUrl\":\"https:\/\/www.blue-heeler.de\/wp-content\/uploads\/1001SH-00-1.jpg\",\"width\":1200,\"height\":1200},{\"@type\":\"BreadcrumbList\",\"@id\":\"https:\/\/www.blue-heeler.de\/it\/Produkt\/jackaroo-nero-sahara\/#breadcrumb\",\"itemListElement\":[{\"@type\":\"ListItem\",\"position\":1,\"name\":\"Startseite\",\"item\":\"https:\/\/www.blue-heeler.de\/it\/\"},{\"@type\":\"ListItem\",\"position\":2,\"name\":\"Negozio\",\"item\":\"https:\/\/www.blue-heeler.de\/it\/negozio\/\"},{\"@type\":\"ListItem\",\"position\":3,\"name\":\"JACKAROO nero sahara\"}]},{\"@type\":\"WebSite\",\"@id\":\"https:\/\/www.blue-heeler.de\/it\/#website\",\"url\":\"https:\/\/www.blue-heeler.de\/it\/\",\"name\":\"BLUE HEELER BOOTS\",\"description\":\"\",\"publisher\":{\"@id\":\"https:\/\/www.blue-heeler.de\/it\/#organization\"},\"potentialAction\":[{\"@type\":\"SearchAction\",\"target\":{\"@type\":\"EntryPoint\",\"urlTemplate\":\"https:\/\/www.blue-heeler.de\/it\/?s={search_term_string}\"},\"query-input\":{\"@type\":\"PropertyValueSpecification\",\"valueRequired\":true,\"valueName\":\"search_term_string\"}}],\"inLanguage\":\"it-IT\"},{\"@type\":\"Organization\",\"@id\":\"https:\/\/www.blue-heeler.de\/it\/#organization\",\"name\":\"blue heeler Europe\",\"url\":\"https:\/\/www.blue-heeler.de\/it\/\",\"logo\":{\"@type\":\"ImageObject\",\"inLanguage\":\"it-IT\",\"@id\":\"https:\/\/www.blue-heeler.de\/it\/#\/schema\/logo\/image\/\",\"url\":\"https:\/\/www.blue-heeler.de\/wp-content\/uploads\/Blue-Heeler-logo.png\",\"contentUrl\":\"https:\/\/www.blue-heeler.de\/wp-content\/uploads\/Blue-Heeler-logo.png\",\"width\":1024,\"height\":292,\"caption\":\"blue heeler Europe\"},\"image\":{\"@id\":\"https:\/\/www.blue-heeler.de\/it\/#\/schema\/logo\/image\/\"}}]}<\/script>\n<!-- \/ Yoast SEO Premium plugin. -->","yoast_head_json":{"title":"JACKAROO nero sahara | Stivali con tacco blu","description":"Acquista online Jackaroo nero per uomo, donna e bambino. Spedizione gratuita. Ritorno facile. 100% Qualit\u00e0 autentica. Consegna gratuita. Heeler blu","robots":{"index":"index","follow":"follow","max-snippet":"max-snippet:-1","max-image-preview":"max-image-preview:large","max-video-preview":"max-video-preview:-1"},"canonical":"https:\/\/www.blue-heeler.de\/it\/Produkt\/jackaroo-nero-sahara\/","og_locale":"it_IT","og_type":"article","og_title":"JACKAROO nero sahara | Stivali con tacco blu","og_description":"Acquista online Jackaroo nero per uomo, donna e bambino. Spedizione gratuita. Ritorno facile. 100% Qualit\u00e0 autentica. Consegna gratuita. Heeler blu","og_url":"https:\/\/www.blue-heeler.de\/it\/Produkt\/jackaroo-nero-sahara\/","og_site_name":"BLUE HEELER BOOTS","og_image":[{"width":1200,"height":1200,"url":"https:\/\/www.blue-heeler.de\/wp-content\/uploads\/1001SH-00-1.jpg","type":"image\/jpeg"}],"twitter_card":"summary_large_image","schema":{"@context":"https:\/\/schema.org","@graph":[{"@type":"WebPage","@id":"https:\/\/www.blue-heeler.de\/it\/Produkt\/jackaroo-nero-sahara\/","url":"https:\/\/www.blue-heeler.de\/it\/Produkt\/jackaroo-nero-sahara\/","name":"JACKAROO nero sahara | Stivali con tacco blu","isPartOf":{"@id":"https:\/\/www.blue-heeler.de\/it\/#website"},"primaryImageOfPage":{"@id":"https:\/\/www.blue-heeler.de\/it\/Produkt\/jackaroo-nero-sahara\/#primaryimage"},"image":{"@id":"https:\/\/www.blue-heeler.de\/it\/Produkt\/jackaroo-nero-sahara\/#primaryimage"},"thumbnailUrl":"https:\/\/www.blue-heeler.de\/wp-content\/uploads\/1001SH-00-1.jpg","datePublished":"2024-05-17T10:14:57+00:00","description":"Acquista online Jackaroo nero per uomo, donna e bambino. Spedizione gratuita. Ritorno facile. 100% Qualit\u00e0 autentica. Consegna gratuita. Heeler blu","breadcrumb":{"@id":"https:\/\/www.blue-heeler.de\/it\/Produkt\/jackaroo-nero-sahara\/#breadcrumb"},"inLanguage":"it-IT","potentialAction":[{"@type":"ReadAction","target":["https:\/\/www.blue-heeler.de\/it\/Produkt\/jackaroo-nero-sahara\/"]}]},{"@type":"ImageObject","inLanguage":"it-IT","@id":"https:\/\/www.blue-heeler.de\/it\/Produkt\/jackaroo-nero-sahara\/#primaryimage","url":"https:\/\/www.blue-heeler.de\/wp-content\/uploads\/1001SH-00-1.jpg","contentUrl":"https:\/\/www.blue-heeler.de\/wp-content\/uploads\/1001SH-00-1.jpg","width":1200,"height":1200},{"@type":"BreadcrumbList","@id":"https:\/\/www.blue-heeler.de\/it\/Produkt\/jackaroo-nero-sahara\/#breadcrumb","itemListElement":[{"@type":"ListItem","position":1,"name":"Startseite","item":"https:\/\/www.blue-heeler.de\/it\/"},{"@type":"ListItem","position":2,"name":"Negozio","item":"https:\/\/www.blue-heeler.de\/it\/negozio\/"},{"@type":"ListItem","position":3,"name":"JACKAROO nero sahara"}]},{"@type":"WebSite","@id":"https:\/\/www.blue-heeler.de\/it\/#website","url":"https:\/\/www.blue-heeler.de\/it\/","name":"BLUE HEELER BOOTS","description":"","publisher":{"@id":"https:\/\/www.blue-heeler.de\/it\/#organization"},"potentialAction":[{"@type":"SearchAction","target":{"@type":"EntryPoint","urlTemplate":"https:\/\/www.blue-heeler.de\/it\/?s={search_term_string}"},"query-input":{"@type":"PropertyValueSpecification","valueRequired":true,"valueName":"search_term_string"}}],"inLanguage":"it-IT"},{"@type":"Organization","@id":"https:\/\/www.blue-heeler.de\/it\/#organization","name":"blue heeler Europe","url":"https:\/\/www.blue-heeler.de\/it\/","logo":{"@type":"ImageObject","inLanguage":"it-IT","@id":"https:\/\/www.blue-heeler.de\/it\/#\/schema\/logo\/image\/","url":"https:\/\/www.blue-heeler.de\/wp-content\/uploads\/Blue-Heeler-logo.png","contentUrl":"https:\/\/www.blue-heeler.de\/wp-content\/uploads\/Blue-Heeler-logo.png","width":1024,"height":292,"caption":"blue heeler Europe"},"image":{"@id":"https:\/\/www.blue-heeler.de\/it\/#\/schema\/logo\/image\/"}}]}},"_links":{"self":[{"href":"https:\/\/www.blue-heeler.de\/it\/wp-json\/wp\/v2\/product\/89675","targetHints":{"allow":["GET"]}}],"collection":[{"href":"https:\/\/www.blue-heeler.de\/it\/wp-json\/wp\/v2\/product"}],"about":[{"href":"https:\/\/www.blue-heeler.de\/it\/wp-json\/wp\/v2\/types\/product"}],"replies":[{"embeddable":true,"href":"https:\/\/www.blue-heeler.de\/it\/wp-json\/wp\/v2\/comments?post=89675"}],"wp:featuredmedia":[{"embeddable":true,"href":"https:\/\/www.blue-heeler.de\/it\/wp-json\/wp\/v2\/media\/89676"}],"wp:attachment":[{"href":"https:\/\/www.blue-heeler.de\/it\/wp-json\/wp\/v2\/media?parent=89675"}],"wp:term":[{"taxonomy":"product_brand","embeddable":true,"href":"https:\/\/www.blue-heeler.de\/it\/wp-json\/wp\/v2\/product_brand?post=89675"},{"taxonomy":"product_cat","embeddable":true,"href":"https:\/\/www.blue-heeler.de\/it\/wp-json\/wp\/v2\/product_cat?post=89675"},{"taxonomy":"product_tag","embeddable":true,"href":"https:\/\/www.blue-heeler.de\/it\/wp-json\/wp\/v2\/product_tag?post=89675"},{"taxonomy":"giftcard-category","embeddable":true,"href":"https:\/\/www.blue-heeler.de\/it\/wp-json\/wp\/v2\/giftcard-category?post=89675"}],"curies":[{"name":"wp","href":"https:\/\/api.w.org\/{rel}","templated":true}]}}