{"id":85580,"date":"2018-11-12T17:07:00","date_gmt":"2024-05-10T10:59:17","guid":{"rendered":"http:\/\/blue-heeler.de\/produkt\/jackaroo-marrone-xxl\/"},"modified":"2024-05-10T12:59:17","modified_gmt":"2024-05-10T10:59:17","slug":"jackaroo-marrone-xxl","status":"publish","type":"product","link":"https:\/\/www.blue-heeler.de\/it\/Produkt\/jackaroo-marrone-xxl\/","title":{"rendered":"JACKAROO marrone XXL"},"content":{"rendered":"<p>Il &#8220;JACKAROO&#8221; \u00e8 uno dei nostri bestseller. Questo classico del design \u00e8 particolarmente apprezzato dalle persone che stanno spesso all&#8217;aperto. Nella stalla, in giro con il cane o al parco giochi: lo stivale casual Chelsea \u00e8 un must-have di stile per tutte le attivit\u00e0 all&#8217;aperto. Da qui il suo nome: &#8220;JACKAROO&#8221; \u00e8 il nome dei cowboy australiani.<\/p>\n<p>La pelle nappa di vacchetta oliata e spessa 2,2 mm \u00e8 idrorepellente e non fa paura. La fodera in morbida pelle di vitello assicura un ottimo clima all&#8217;interno della scarpa. Il plantare ammortizzante ti permette di percorrere anche lunghe distanze in tutta comodit\u00e0. E se il terreno \u00e8 irregolare o scivoloso: La suola antiscivolo in gomma naturale ha tutto sotto controllo.<\/p>\n<p><strong>Tira e molla<\/strong><\/p>\n<ul>\n<li>Semplicemente dentro, semplicemente fuori:<br \/>\nStivaletto slip-on con inserti elastici idrorepellenti ai lati<\/li>\n<li>Linguette di presa intelligenti nella parte anteriore e posteriore<\/li>\n<\/ul>\n<p><strong>Buon carattere<\/strong><\/p>\n<ul>\n<li>Robusta pelle nappa di vacchetta oliata e tinta (2,2 mm)<\/li>\n<li>Pretrattato idrorepellente<\/li>\n<li>Fodera in pregiata pelle di vitello<\/li>\n<li>Suola in gomma naturale antiscivolo<\/li>\n<li>Cucito e incollato<\/li>\n<li>Calzata anatomica &#8211; anche per i piedi pi\u00f9 stretti<\/li>\n<li>Sottopiede intercambiabile &#8211; EVA con finiture in pelle &#8211; adatto anche per i plantari<\/li>\n<li>Prodotto in Portogallo<\/li>\n<\/ul>\n","protected":false},"excerpt":{"rendered":"<h2>JACKAROO<\/h2>\n<p>Il &#8220;JACKAROO&#8221; \u00e8 uno dei nostri bestseller. Questo classico del design \u00e8 particolarmente apprezzato dalle persone che stanno spesso all&#8217;aperto. Nella stalla, in giro con il cane o al parco giochi: lo stivale casual Chelsea \u00e8 un must-have di stile per tutte le attivit\u00e0 all&#8217;aperto. Da qui il suo nome: &#8220;JACKAROO&#8221; \u00e8 il nome dei cowboy australiani.<\/p>\n","protected":false},"featured_media":85604,"comment_status":"closed","ping_status":"closed","template":"","meta":{"inline_featured_image":false},"product_brand":[],"product_cat":[1348,1351],"product_tag":[1008,1203,834,840,1128,888,1236,915,1110,975,906,1194,1071,1032,1047,1068,852,1029,960,1044,987,1074,882],"giftcard-category":[],"class_list":{"0":"post-85580","1":"product","2":"type-product","3":"status-publish","4":"has-post-thumbnail","6":"product_cat-scarpe-oversize","7":"product_cat-scarpe-da-donna-in-taglie-forti","8":"product_tag-allaperto","9":"product_tag-antiscivolo","10":"product_tag-australia-it","11":"product_tag-barche","12":"product_tag-cucito-attraverso","13":"product_tag-emma-it","14":"product_tag-idrorepellente-it","15":"product_tag-jackaroo-it","16":"product_tag-marrone","17":"product_tag-meryl-it","18":"product_tag-pelle-liscia","19":"product_tag-robusta","20":"product_tag-stivaletto","21":"product_tag-stivaletto-da-equitazione","22":"product_tag-stivaletto-slip-on","23":"product_tag-stivali","24":"product_tag-stivali-chelsea","25":"product_tag-stivali-da-equitazione","26":"product_tag-stivali-in-pelle","27":"product_tag-stivali-slip-on","28":"product_tag-suola-in-gomma-naturale","29":"product_tag-sydney-it","30":"product_tag-vera-pelle","31":"pa_groesse-43-eu-9-uk","32":"pa_groesse-44-eu-10-uk","33":"pa_groesse-45-eu-105-uk","34":"pa_groesse-46-eu-11-uk","36":"first","37":"instock","38":"taxable","39":"shipping-taxable","40":"purchasable","41":"product-type-variable"},"yoast_head":"<!-- This site is optimized with the Yoast SEO Premium plugin v26.6 (Yoast SEO v26.5) - https:\/\/yoast.com\/wordpress\/plugins\/seo\/ -->\n<title>Stivali Jackaroo Brown XXL | Blue Heeler<\/title>\n<meta name=\"description\" content=\"Acquista online Jackaroo Brown XXl da uomo, donna e bambino. Spedizione gratuita. Ritorno facile. 100% Qualit\u00e0 autentica. Consegna gratuita. Heeler blu\" \/>\n<meta name=\"robots\" content=\"index, follow, max-snippet:-1, max-image-preview:large, max-video-preview:-1\" \/>\n<link rel=\"canonical\" href=\"https:\/\/www.blue-heeler.de\/it\/Produkt\/jackaroo-marrone-xxl\/\" \/>\n<meta property=\"og:locale\" content=\"it_IT\" \/>\n<meta property=\"og:type\" content=\"article\" \/>\n<meta property=\"og:title\" content=\"Stivali Jackaroo Brown XXL | Blue Heeler\" \/>\n<meta property=\"og:description\" content=\"Acquista online Jackaroo Brown XXl da uomo, donna e bambino. Spedizione gratuita. Ritorno facile. 100% Qualit\u00e0 autentica. Consegna gratuita. Heeler blu\" \/>\n<meta property=\"og:url\" content=\"https:\/\/www.blue-heeler.de\/it\/Produkt\/jackaroo-marrone-xxl\/\" \/>\n<meta property=\"og:site_name\" content=\"BLUE HEELER BOOTS\" \/>\n<meta property=\"og:image\" content=\"https:\/\/www.blue-heeler.de\/wp-content\/uploads\/blue-heeler-damenschuh-boots-jackaroo-braun-2.jpg\" \/>\n\t<meta property=\"og:image:width\" content=\"1000\" \/>\n\t<meta property=\"og:image:height\" content=\"1000\" \/>\n\t<meta property=\"og:image:type\" content=\"image\/jpeg\" \/>\n<meta name=\"twitter:card\" content=\"summary_large_image\" \/>\n<script type=\"application\/ld+json\" class=\"yoast-schema-graph\">{\"@context\":\"https:\/\/schema.org\",\"@graph\":[{\"@type\":\"WebPage\",\"@id\":\"https:\/\/www.blue-heeler.de\/it\/Produkt\/jackaroo-marrone-xxl\/\",\"url\":\"https:\/\/www.blue-heeler.de\/it\/Produkt\/jackaroo-marrone-xxl\/\",\"name\":\"Stivali Jackaroo Brown XXL | Blue Heeler\",\"isPartOf\":{\"@id\":\"https:\/\/www.blue-heeler.de\/it\/#website\"},\"primaryImageOfPage\":{\"@id\":\"https:\/\/www.blue-heeler.de\/it\/Produkt\/jackaroo-marrone-xxl\/#primaryimage\"},\"image\":{\"@id\":\"https:\/\/www.blue-heeler.de\/it\/Produkt\/jackaroo-marrone-xxl\/#primaryimage\"},\"thumbnailUrl\":\"https:\/\/www.blue-heeler.de\/wp-content\/uploads\/blue-heeler-damenschuh-boots-jackaroo-braun-2.jpg\",\"datePublished\":\"2024-05-10T10:59:17+00:00\",\"description\":\"Acquista online Jackaroo Brown XXl da uomo, donna e bambino. Spedizione gratuita. Ritorno facile. 100% Qualit\u00e0 autentica. Consegna gratuita. Heeler blu\",\"breadcrumb\":{\"@id\":\"https:\/\/www.blue-heeler.de\/it\/Produkt\/jackaroo-marrone-xxl\/#breadcrumb\"},\"inLanguage\":\"it-IT\",\"potentialAction\":[{\"@type\":\"ReadAction\",\"target\":[\"https:\/\/www.blue-heeler.de\/it\/Produkt\/jackaroo-marrone-xxl\/\"]}]},{\"@type\":\"ImageObject\",\"inLanguage\":\"it-IT\",\"@id\":\"https:\/\/www.blue-heeler.de\/it\/Produkt\/jackaroo-marrone-xxl\/#primaryimage\",\"url\":\"https:\/\/www.blue-heeler.de\/wp-content\/uploads\/blue-heeler-damenschuh-boots-jackaroo-braun-2.jpg\",\"contentUrl\":\"https:\/\/www.blue-heeler.de\/wp-content\/uploads\/blue-heeler-damenschuh-boots-jackaroo-braun-2.jpg\",\"width\":1000,\"height\":1000,\"caption\":\"scarpa da donna blue heeler\"},{\"@type\":\"BreadcrumbList\",\"@id\":\"https:\/\/www.blue-heeler.de\/it\/Produkt\/jackaroo-marrone-xxl\/#breadcrumb\",\"itemListElement\":[{\"@type\":\"ListItem\",\"position\":1,\"name\":\"Startseite\",\"item\":\"https:\/\/www.blue-heeler.de\/it\/\"},{\"@type\":\"ListItem\",\"position\":2,\"name\":\"Negozio\",\"item\":\"https:\/\/www.blue-heeler.de\/it\/negozio\/\"},{\"@type\":\"ListItem\",\"position\":3,\"name\":\"JACKAROO marrone XXL\"}]},{\"@type\":\"WebSite\",\"@id\":\"https:\/\/www.blue-heeler.de\/it\/#website\",\"url\":\"https:\/\/www.blue-heeler.de\/it\/\",\"name\":\"BLUE HEELER BOOTS\",\"description\":\"\",\"publisher\":{\"@id\":\"https:\/\/www.blue-heeler.de\/it\/#organization\"},\"potentialAction\":[{\"@type\":\"SearchAction\",\"target\":{\"@type\":\"EntryPoint\",\"urlTemplate\":\"https:\/\/www.blue-heeler.de\/it\/?s={search_term_string}\"},\"query-input\":{\"@type\":\"PropertyValueSpecification\",\"valueRequired\":true,\"valueName\":\"search_term_string\"}}],\"inLanguage\":\"it-IT\"},{\"@type\":\"Organization\",\"@id\":\"https:\/\/www.blue-heeler.de\/it\/#organization\",\"name\":\"blue heeler Europe\",\"url\":\"https:\/\/www.blue-heeler.de\/it\/\",\"logo\":{\"@type\":\"ImageObject\",\"inLanguage\":\"it-IT\",\"@id\":\"https:\/\/www.blue-heeler.de\/it\/#\/schema\/logo\/image\/\",\"url\":\"https:\/\/www.blue-heeler.de\/wp-content\/uploads\/Blue-Heeler-logo.png\",\"contentUrl\":\"https:\/\/www.blue-heeler.de\/wp-content\/uploads\/Blue-Heeler-logo.png\",\"width\":1024,\"height\":292,\"caption\":\"blue heeler Europe\"},\"image\":{\"@id\":\"https:\/\/www.blue-heeler.de\/it\/#\/schema\/logo\/image\/\"}}]}<\/script>\n<!-- \/ Yoast SEO Premium plugin. -->","yoast_head_json":{"title":"Stivali Jackaroo Brown XXL | Blue Heeler","description":"Acquista online Jackaroo Brown XXl da uomo, donna e bambino. Spedizione gratuita. Ritorno facile. 100% Qualit\u00e0 autentica. Consegna gratuita. Heeler blu","robots":{"index":"index","follow":"follow","max-snippet":"max-snippet:-1","max-image-preview":"max-image-preview:large","max-video-preview":"max-video-preview:-1"},"canonical":"https:\/\/www.blue-heeler.de\/it\/Produkt\/jackaroo-marrone-xxl\/","og_locale":"it_IT","og_type":"article","og_title":"Stivali Jackaroo Brown XXL | Blue Heeler","og_description":"Acquista online Jackaroo Brown XXl da uomo, donna e bambino. Spedizione gratuita. Ritorno facile. 100% Qualit\u00e0 autentica. Consegna gratuita. Heeler blu","og_url":"https:\/\/www.blue-heeler.de\/it\/Produkt\/jackaroo-marrone-xxl\/","og_site_name":"BLUE HEELER BOOTS","og_image":[{"width":1000,"height":1000,"url":"https:\/\/www.blue-heeler.de\/wp-content\/uploads\/blue-heeler-damenschuh-boots-jackaroo-braun-2.jpg","type":"image\/jpeg"}],"twitter_card":"summary_large_image","schema":{"@context":"https:\/\/schema.org","@graph":[{"@type":"WebPage","@id":"https:\/\/www.blue-heeler.de\/it\/Produkt\/jackaroo-marrone-xxl\/","url":"https:\/\/www.blue-heeler.de\/it\/Produkt\/jackaroo-marrone-xxl\/","name":"Stivali Jackaroo Brown XXL | Blue Heeler","isPartOf":{"@id":"https:\/\/www.blue-heeler.de\/it\/#website"},"primaryImageOfPage":{"@id":"https:\/\/www.blue-heeler.de\/it\/Produkt\/jackaroo-marrone-xxl\/#primaryimage"},"image":{"@id":"https:\/\/www.blue-heeler.de\/it\/Produkt\/jackaroo-marrone-xxl\/#primaryimage"},"thumbnailUrl":"https:\/\/www.blue-heeler.de\/wp-content\/uploads\/blue-heeler-damenschuh-boots-jackaroo-braun-2.jpg","datePublished":"2024-05-10T10:59:17+00:00","description":"Acquista online Jackaroo Brown XXl da uomo, donna e bambino. Spedizione gratuita. Ritorno facile. 100% Qualit\u00e0 autentica. Consegna gratuita. Heeler blu","breadcrumb":{"@id":"https:\/\/www.blue-heeler.de\/it\/Produkt\/jackaroo-marrone-xxl\/#breadcrumb"},"inLanguage":"it-IT","potentialAction":[{"@type":"ReadAction","target":["https:\/\/www.blue-heeler.de\/it\/Produkt\/jackaroo-marrone-xxl\/"]}]},{"@type":"ImageObject","inLanguage":"it-IT","@id":"https:\/\/www.blue-heeler.de\/it\/Produkt\/jackaroo-marrone-xxl\/#primaryimage","url":"https:\/\/www.blue-heeler.de\/wp-content\/uploads\/blue-heeler-damenschuh-boots-jackaroo-braun-2.jpg","contentUrl":"https:\/\/www.blue-heeler.de\/wp-content\/uploads\/blue-heeler-damenschuh-boots-jackaroo-braun-2.jpg","width":1000,"height":1000,"caption":"scarpa da donna blue heeler"},{"@type":"BreadcrumbList","@id":"https:\/\/www.blue-heeler.de\/it\/Produkt\/jackaroo-marrone-xxl\/#breadcrumb","itemListElement":[{"@type":"ListItem","position":1,"name":"Startseite","item":"https:\/\/www.blue-heeler.de\/it\/"},{"@type":"ListItem","position":2,"name":"Negozio","item":"https:\/\/www.blue-heeler.de\/it\/negozio\/"},{"@type":"ListItem","position":3,"name":"JACKAROO marrone XXL"}]},{"@type":"WebSite","@id":"https:\/\/www.blue-heeler.de\/it\/#website","url":"https:\/\/www.blue-heeler.de\/it\/","name":"BLUE HEELER BOOTS","description":"","publisher":{"@id":"https:\/\/www.blue-heeler.de\/it\/#organization"},"potentialAction":[{"@type":"SearchAction","target":{"@type":"EntryPoint","urlTemplate":"https:\/\/www.blue-heeler.de\/it\/?s={search_term_string}"},"query-input":{"@type":"PropertyValueSpecification","valueRequired":true,"valueName":"search_term_string"}}],"inLanguage":"it-IT"},{"@type":"Organization","@id":"https:\/\/www.blue-heeler.de\/it\/#organization","name":"blue heeler Europe","url":"https:\/\/www.blue-heeler.de\/it\/","logo":{"@type":"ImageObject","inLanguage":"it-IT","@id":"https:\/\/www.blue-heeler.de\/it\/#\/schema\/logo\/image\/","url":"https:\/\/www.blue-heeler.de\/wp-content\/uploads\/Blue-Heeler-logo.png","contentUrl":"https:\/\/www.blue-heeler.de\/wp-content\/uploads\/Blue-Heeler-logo.png","width":1024,"height":292,"caption":"blue heeler Europe"},"image":{"@id":"https:\/\/www.blue-heeler.de\/it\/#\/schema\/logo\/image\/"}}]}},"_links":{"self":[{"href":"https:\/\/www.blue-heeler.de\/it\/wp-json\/wp\/v2\/product\/85580","targetHints":{"allow":["GET"]}}],"collection":[{"href":"https:\/\/www.blue-heeler.de\/it\/wp-json\/wp\/v2\/product"}],"about":[{"href":"https:\/\/www.blue-heeler.de\/it\/wp-json\/wp\/v2\/types\/product"}],"replies":[{"embeddable":true,"href":"https:\/\/www.blue-heeler.de\/it\/wp-json\/wp\/v2\/comments?post=85580"}],"wp:featuredmedia":[{"embeddable":true,"href":"https:\/\/www.blue-heeler.de\/it\/wp-json\/wp\/v2\/media\/85604"}],"wp:attachment":[{"href":"https:\/\/www.blue-heeler.de\/it\/wp-json\/wp\/v2\/media?parent=85580"}],"wp:term":[{"taxonomy":"product_brand","embeddable":true,"href":"https:\/\/www.blue-heeler.de\/it\/wp-json\/wp\/v2\/product_brand?post=85580"},{"taxonomy":"product_cat","embeddable":true,"href":"https:\/\/www.blue-heeler.de\/it\/wp-json\/wp\/v2\/product_cat?post=85580"},{"taxonomy":"product_tag","embeddable":true,"href":"https:\/\/www.blue-heeler.de\/it\/wp-json\/wp\/v2\/product_tag?post=85580"},{"taxonomy":"giftcard-category","embeddable":true,"href":"https:\/\/www.blue-heeler.de\/it\/wp-json\/wp\/v2\/giftcard-category?post=85580"}],"curies":[{"name":"wp","href":"https:\/\/api.w.org\/{rel}","templated":true}]}}