{"id":82649,"date":"2024-05-08T16:26:14","date_gmt":"2024-05-08T14:26:14","guid":{"rendered":"http:\/\/blue-heeler.de\/politica-e-modulo-di-cancellazione\/"},"modified":"2024-05-08T16:26:15","modified_gmt":"2024-05-08T14:26:15","slug":"politica-e-modulo-di-cancellazione","status":"publish","type":"page","link":"https:\/\/www.blue-heeler.de\/it\/politica-e-modulo-di-cancellazione\/","title":{"rendered":"Politica e modulo di cancellazione"},"content":{"rendered":"\t\t<div data-elementor-type=\"wp-page\" data-elementor-id=\"82649\" class=\"elementor elementor-82649 elementor-81280\" data-elementor-post-type=\"page\">\n\t\t\t\t\t\t<section class=\"elementor-section elementor-top-section elementor-element elementor-element-dda6287 elementor-section-stretched elementor-section-boxed elementor-section-height-default elementor-section-height-default\" data-id=\"dda6287\" data-element_type=\"section\" data-e-type=\"section\" data-settings=\"{&quot;stretch_section&quot;:&quot;section-stretched&quot;}\">\n\t\t\t\t\t\t<div class=\"elementor-container elementor-column-gap-no\">\n\t\t\t\t\t<div class=\"elementor-column elementor-col-100 elementor-top-column elementor-element elementor-element-2d8f857\" data-id=\"2d8f857\" data-element_type=\"column\" data-e-type=\"column\">\n\t\t\t<div class=\"elementor-widget-wrap elementor-element-populated\">\n\t\t\t\t\t\t<div class=\"elementor-element elementor-element-728b585 elementor-widget elementor-widget-heading\" data-id=\"728b585\" data-element_type=\"widget\" data-e-type=\"widget\" data-widget_type=\"heading.default\">\n\t\t\t\t<div class=\"elementor-widget-container\">\n\t\t\t\t\t<h5 class=\"elementor-heading-title elementor-size-default\">Politica e modulo di cancellazione<\/h5>\t\t\t\t<\/div>\n\t\t\t\t<\/div>\n\t\t\t\t<div class=\"elementor-element elementor-element-fdb1127 elementor-widget elementor-widget-text-editor\" data-id=\"fdb1127\" data-element_type=\"widget\" data-e-type=\"widget\" data-widget_type=\"text-editor.default\">\n\t\t\t\t<div class=\"elementor-widget-container\">\n\t\t\t\t\t\t\t\t\t<h4>Diritto di cancellazione<\/h4>\n<p>In qualit\u00e0 di consumatore, ai sensi del \u00a713 BGB, hai il diritto di recedere dal contratto entro quattordici giorni senza fornire alcuna motivazione. Il periodo di cancellazione \u00e8 di quattordici giorni a partire dal giorno in cui tu o un terzo da te nominato, che non sia il vettore, siete entrati in possesso della merce. Se hai ordinato diversi beni come parte di un unico ordine, che vengono consegnati separatamente, il periodo di cancellazione inizia dal giorno in cui tu o un terzo da te indicato, che non sia il vettore, avete preso possesso degli ultimi beni. Per esercitare il tuo diritto di cancellazione, devi inviarci  <strong>Blue Heeler Europe (proprietario Ira Neumann e.K.)<\/strong> <strong>Servizio clienti<\/strong>  Eickedorfer Str.1A 28879 Grasberg Tel:  <a href=\"tel:+4942088285280\">04208-8285280<\/a>  e-mail:  <a href=\"mailto:service@blue-heeler.de\">service@blue-heeler.de<\/a>  della tua decisione di recedere dal presente contratto mediante una dichiarazione inequivocabile (ad esempio, una lettera inviata per posta, fax o e-mail). Puoi utilizzare il modulo di cancellazione allegato in fondo alla pagina, ma non \u00e8 obbligatorio. Per rispettare il termine di cancellazione, \u00e8 sufficiente che tu invii la notifica di esercizio del diritto di cancellazione prima della scadenza del periodo di cancellazione.<\/p>\n<h4>Conseguenze della cancellazione<\/h4>\n<p>Se recede dal presente contratto, le rimborseremo tutti i pagamenti da lei ricevuti, compresi i costi di consegna (ad eccezione dei costi supplementari derivanti dalla sua scelta di un tipo di consegna diverso dal tipo meno costoso di consegna standard da noi offerto), senza indebito ritardo e in ogni caso non oltre 14 giorni dal giorno in cui siamo stati informati della sua decisione di recedere dal presente contratto. Per questo rimborso, utilizzeremo lo stesso mezzo di pagamento che hai usato per la transazione originale, a meno che non sia stato espressamente concordato diversamente con te; in nessun caso ti verr\u00e0 addebitata alcuna commissione per questo rimborso. Potremmo rifiutarci di rimborsarti fino a quando non avremo ricevuto la merce o fino a quando non avrai fornito la prova di averla restituita, a seconda di quale delle due condizioni si verifichi per prima. Dovrai restituirci la merce immediatamente e in ogni caso non oltre quattordici giorni dalla data in cui ci hai comunicato la cancellazione del presente contratto Blue Heeler Europe (Inh.Ira Neumann e.K.), Dept. Retouren, Eickedorfer Str.1A, 28879 Grasberg, Tel.04208-8285280, E-Mail: <a href=\"mailto:service@blue-heeler.de\">service@blue-heeler.de).<\/a> Il termine \u00e8 rispettato se ci spedisci o ci consegni i beni prima che il periodo di quattordici giorni sia scaduto. Dovrai pagare solo l&#8217;eventuale perdita di valore dei beni se questa \u00e8 dovuta a una manipolazione dei beni non necessaria per verificarne le condizioni, le propriet\u00e0 e la funzionalit\u00e0. Motivi di esclusione e annullamento del diritto di recesso Salvo diverso accordo tra le parti, il diritto di recesso non si applica ai seguenti contratti: Contratti per la fornitura di beni che non sono prefabbricati e per la cui produzione \u00e8 determinante una scelta o una determinazione individuale da parte del consumatore o che sono chiaramente personalizzati in base alle esigenze personali del consumatore.<\/p>\n<hr>\n<p><strong>Diritto di recesso per i consumatori<\/strong><br \/>(Un consumatore \u00e8 una persona fisica che conclude un negozio giuridico per scopi prevalentemente estranei alla sua attivit\u00e0 commerciale, imprenditoriale o professionale).<\/p>\n<p><strong>Politica di cancellazione per i contenuti digitali<\/strong><\/p>\n<p><strong>Diritto di cancellazione<\/strong><br \/>Hai il diritto di annullare il contratto entro quattordici giorni senza fornire alcuna motivazione.<br \/>Il periodo di cancellazione \u00e8 di quattordici giorni dal giorno della conclusione del contratto.<\/p>\n<p>Per esercitare il diritto di recesso, devi informarci<strong>(Blue Heeler Europe (Inh. Ira Neumann e.K.), Eickedorfer Str. 1A, 28879 Grasberg, numero di telefono: 04208-8285280, indirizzo e-mail: bestellung@blue-heeler.de)<\/strong> della tua decisione di recedere dal presente contratto tramite una dichiarazione chiara (ad esempio una lettera inviata per posta o un&#8217;e-mail). Puoi utilizzare il modulo di cancellazione allegato, ma non \u00e8 obbligatorio.<\/p>\n<p>Per rispettare il termine di cancellazione, \u00e8 sufficiente che tu invii la notifica di esercizio del diritto di cancellazione prima della scadenza del periodo di cancellazione.<\/p>\n<p><strong>Conseguenze della cancellazione<\/strong><\/p>\n<p>Se recede dal presente contratto, le rimborseremo tutti i pagamenti da lei ricevuti, compresi i costi di consegna (ad eccezione dei costi supplementari derivanti dalla sua scelta di un tipo di consegna diverso dal tipo meno costoso di consegna standard da noi offerto), senza indebito ritardo e in ogni caso non oltre 14 giorni dal giorno in cui siamo stati informati della sua decisione di recedere dal presente contratto. Per questo rimborso, utilizzeremo lo stesso mezzo di pagamento che hai usato per la transazione originale, a meno che non sia stato espressamente concordato diversamente con te; in nessun caso ti verr\u00e0 addebitata alcuna commissione per questo rimborso.<\/p>\n<p><strong>Motivi della cancellazione<\/strong><\/p>\n<div>Il diritto di recesso scade nel caso di un contratto per la fornitura di contenuti digitali non su supporto tangibile che obbliga il consumatore a pagare un prezzo se il consumatore:<\/div>\n<div> <\/div>\n<div>1. ha espressamente acconsentito all&#8217;inizio dell&#8217;esecuzione del contratto da parte dell&#8217;imprenditore prima della scadenza del periodo di recesso e<\/div>\n<div>2. ha confermato di essere a conoscenza del fatto che il suo diritto di recesso scade con l&#8217;inizio dell&#8217;esecuzione del contratto e<\/div>\n<div>3. il professionista ha fornito al consumatore una conferma del contratto su un supporto durevole entro un periodo di tempo ragionevole dalla conclusione del contratto, ma al pi\u00f9 tardi quando il contenuto digitale non su supporto tangibile \u00e8 reso disponibile:<\/div>\n<ul>\n<li>in cui \u00e8 riprodotto il contenuto del contratto e<\/li>\n<li>in cui si dichiara che il consumatore ha espressamente acconsentito, prima dell&#8217;esecuzione del contratto, che il professionista inizi l&#8217;esecuzione del contratto prima della scadenza del periodo di recesso e ha confermato di essere a conoscenza del fatto che perder\u00e0 il diritto di recesso acconsentendo all&#8217;inizio dell&#8217;esecuzione del contratto.<\/li>\n<\/ul>\n<hr>\n<p><strong>Esempio di modulo di cancellazione<\/strong><\/p>\n<p>(Se desideri annullare il contratto, compila e restituisci questo modulo).<\/p>\n<p>&#8211; A Blue Heeler Europe (Inh. Ira Neumann e.K.), Eickedorfer Str. 1A, 28879 Grasberg, indirizzo e-mail: bestellung@blue-heeler.de:<\/p>\n<p>&#8211; Con la presente io\/noi (*) annulliamo il contratto stipulato da me\/noi (*) per l&#8217;acquisto dei seguenti beni (*)\/<br \/>la fornitura del seguente servizio (*)<\/p>\n<p>&#8211; Ordinato il (*)\/ ricevuto il (*)<\/p>\n<p>&#8211; Nome del\/i consumatore\/i<br \/>&#8211; Indirizzo del\/i consumatore\/i<br \/>&#8211; Firma del\/i consumatore\/i (solo per la notifica su carta)<br \/>&#8211; data<\/p>\n<p>(*) Cancellare la dicitura appropriata.<\/p>\n<p><em>FINE DELLA POLITICA DI CANCELLAZIONE<\/em><\/p>\n\t\t\t\t\t\t\t\t<\/div>\n\t\t\t\t<\/div>\n\t\t\t\t\t<\/div>\n\t\t<\/div>\n\t\t\t\t\t<\/div>\n\t\t<\/section>\n\t\t\t\t<section class=\"elementor-section elementor-top-section elementor-element elementor-element-56d59a2 elementor-section-stretched elementor-section-boxed elementor-section-height-default elementor-section-height-default\" data-id=\"56d59a2\" data-element_type=\"section\" data-e-type=\"section\" data-settings=\"{&quot;stretch_section&quot;:&quot;section-stretched&quot;}\">\n\t\t\t\t\t\t<div class=\"elementor-container elementor-column-gap-no\">\n\t\t\t\t\t<div class=\"elementor-column elementor-col-50 elementor-top-column elementor-element elementor-element-478557f\" data-id=\"478557f\" data-element_type=\"column\" data-e-type=\"column\">\n\t\t\t<div class=\"elementor-widget-wrap elementor-element-populated\">\n\t\t\t\t\t\t<div class=\"elementor-element elementor-element-26f58a6 elementor-widget elementor-widget-heading\" data-id=\"26f58a6\" data-element_type=\"widget\" data-e-type=\"widget\" data-widget_type=\"heading.default\">\n\t\t\t\t<div class=\"elementor-widget-container\">\n\t\t\t\t\t<h5 class=\"elementor-heading-title elementor-size-default\">Modulo di cancellazione da scaricare in PDF<\/h5>\t\t\t\t<\/div>\n\t\t\t\t<\/div>\n\t\t\t\t<div class=\"elementor-element elementor-element-8327dbc elementor-widget elementor-widget-text-editor\" data-id=\"8327dbc\" data-element_type=\"widget\" data-e-type=\"widget\" data-widget_type=\"text-editor.default\">\n\t\t\t\t<div class=\"elementor-widget-container\">\n\t\t\t\t\t\t\t\t\t<p>Qui puoi scaricare un <a href=\"http:\/\/blue-heeler.de\/wp-content\/uploads\/widerrufsformular-blue-heeler_202008.pdf\" target=\"_blank\" rel=\"noopener noreferrer\">esempio di modulo di cancellazione in formato .pdf<\/a>.<\/p>\n<p>E qui puoi scaricare il <a href=\"http:\/\/get.adobe.com\/reader\/\" target=\"_blank\" rel=\"noopener noreferrer\">lettore PDF<\/a> <\/p>\n\t\t\t\t\t\t\t\t<\/div>\n\t\t\t\t<\/div>\n\t\t\t\t\t<\/div>\n\t\t<\/div>\n\t\t\t\t<div class=\"elementor-column elementor-col-50 elementor-top-column elementor-element elementor-element-059c525\" data-id=\"059c525\" data-element_type=\"column\" data-e-type=\"column\">\n\t\t\t<div class=\"elementor-widget-wrap elementor-element-populated\">\n\t\t\t\t\t\t<div class=\"elementor-element elementor-element-b7eae69 elementor-widget elementor-widget-image\" data-id=\"b7eae69\" data-element_type=\"widget\" data-e-type=\"widget\" data-widget_type=\"image.default\">\n\t\t\t\t<div class=\"elementor-widget-container\">\n\t\t\t\t\t\t\t\t\t\t\t\t\t\t\t\t<a href=\"http:\/\/blue-heeler.de\/wp-content\/uploads\/widerrufsformular-blue-heeler_202008.pdf\">\n\t\t\t\t\t\t\t<img fetchpriority=\"high\" decoding=\"async\" width=\"599\" height=\"752\" src=\"https:\/\/www.blue-heeler.de\/wp-content\/uploads\/widerrufsformular-blue-heeler-foto-202008-1-1.jpg\" class=\"attachment-large size-large wp-image-82337\" alt=\"\" srcset=\"https:\/\/www.blue-heeler.de\/wp-content\/uploads\/widerrufsformular-blue-heeler-foto-202008-1-1.jpg 599w, https:\/\/www.blue-heeler.de\/wp-content\/uploads\/widerrufsformular-blue-heeler-foto-202008-1-1-335x420.jpg 335w, https:\/\/www.blue-heeler.de\/wp-content\/uploads\/widerrufsformular-blue-heeler-foto-202008-1-1-19x24.jpg 19w, https:\/\/www.blue-heeler.de\/wp-content\/uploads\/widerrufsformular-blue-heeler-foto-202008-1-1-29x36.jpg 29w, https:\/\/www.blue-heeler.de\/wp-content\/uploads\/widerrufsformular-blue-heeler-foto-202008-1-1-38x48.jpg 38w, https:\/\/www.blue-heeler.de\/wp-content\/uploads\/widerrufsformular-blue-heeler-foto-202008-1-1-450x565.jpg 450w\" sizes=\"(max-width: 599px) 100vw, 599px\" \/>\t\t\t\t\t\t\t\t<\/a>\n\t\t\t\t\t\t\t\t\t\t\t\t\t\t\t<\/div>\n\t\t\t\t<\/div>\n\t\t\t\t\t<\/div>\n\t\t<\/div>\n\t\t\t\t\t<\/div>\n\t\t<\/section>\n\t\t\t\t<\/div>\n\t\t","protected":false},"excerpt":{"rendered":"<p>Politica e modulo di cancellazione Diritto di cancellazione In qualit\u00e0 di consumatore, ai sensi del \u00a713 BGB, hai il diritto di recedere dal contratto entro quattordici giorni senza fornire alcuna motivazione. Il periodo di cancellazione \u00e8 di quattordici giorni a partire dal giorno in cui tu o un terzo da te nominato, che non sia [&hellip;]<\/p>\n","protected":false},"author":612,"featured_media":0,"parent":0,"menu_order":0,"comment_status":"closed","ping_status":"closed","template":"elementor_header_footer","meta":{"inline_featured_image":false,"footnotes":""},"class_list":["post-82649","page","type-page","status-publish","hentry"],"yoast_head":"<!-- This site is optimized with the Yoast SEO Premium plugin v26.6 (Yoast SEO v26.5) - https:\/\/yoast.com\/wordpress\/plugins\/seo\/ -->\n<title>Politica di cancellazione |Blue Heeler Europe<\/title>\n<meta name=\"description\" content=\"Le istruzioni del nostro modulo di cancellazione Blue Heeler Europe garantiscono un&#039;esperienza senza problemi. Contattaci per ricevere ulteriore assistenza.\" \/>\n<meta name=\"robots\" content=\"index, follow, max-snippet:-1, max-image-preview:large, max-video-preview:-1\" \/>\n<link rel=\"canonical\" href=\"https:\/\/www.blue-heeler.de\/it\/politica-e-modulo-di-cancellazione\/\" \/>\n<meta property=\"og:locale\" content=\"it_IT\" \/>\n<meta property=\"og:type\" content=\"article\" \/>\n<meta property=\"og:title\" content=\"Politica di cancellazione |Blue Heeler Europe\" \/>\n<meta property=\"og:description\" content=\"Le istruzioni del nostro modulo di cancellazione Blue Heeler Europe garantiscono un&#039;esperienza senza problemi. Contattaci per ricevere ulteriore assistenza.\" \/>\n<meta property=\"og:url\" content=\"https:\/\/www.blue-heeler.de\/it\/politica-e-modulo-di-cancellazione\/\" \/>\n<meta property=\"og:site_name\" content=\"BLUE HEELER BOOTS\" \/>\n<meta property=\"article:modified_time\" content=\"2024-05-08T14:26:15+00:00\" \/>\n<meta property=\"og:image\" content=\"https:\/\/blue-heeler.de\/wp-content\/uploads\/widerrufsformular-blue-heeler-foto-202008-1-1.jpg\" \/>\n<meta name=\"twitter:card\" content=\"summary_large_image\" \/>\n<script type=\"application\/ld+json\" class=\"yoast-schema-graph\">{\"@context\":\"https:\/\/schema.org\",\"@graph\":[{\"@type\":\"WebPage\",\"@id\":\"https:\/\/www.blue-heeler.de\/it\/politica-e-modulo-di-cancellazione\/\",\"url\":\"https:\/\/www.blue-heeler.de\/it\/politica-e-modulo-di-cancellazione\/\",\"name\":\"Politica di cancellazione |Blue Heeler Europe\",\"isPartOf\":{\"@id\":\"https:\/\/www.blue-heeler.de\/it\/#website\"},\"primaryImageOfPage\":{\"@id\":\"https:\/\/www.blue-heeler.de\/it\/politica-e-modulo-di-cancellazione\/#primaryimage\"},\"image\":{\"@id\":\"https:\/\/www.blue-heeler.de\/it\/politica-e-modulo-di-cancellazione\/#primaryimage\"},\"thumbnailUrl\":\"https:\/\/blue-heeler.de\/wp-content\/uploads\/widerrufsformular-blue-heeler-foto-202008-1-1.jpg\",\"datePublished\":\"2024-05-08T14:26:14+00:00\",\"dateModified\":\"2024-05-08T14:26:15+00:00\",\"description\":\"Le istruzioni del nostro modulo di cancellazione Blue Heeler Europe garantiscono un'esperienza senza problemi. Contattaci per ricevere ulteriore assistenza.\",\"breadcrumb\":{\"@id\":\"https:\/\/www.blue-heeler.de\/it\/politica-e-modulo-di-cancellazione\/#breadcrumb\"},\"inLanguage\":\"it-IT\",\"potentialAction\":[{\"@type\":\"ReadAction\",\"target\":[\"https:\/\/www.blue-heeler.de\/it\/politica-e-modulo-di-cancellazione\/\"]}]},{\"@type\":\"ImageObject\",\"inLanguage\":\"it-IT\",\"@id\":\"https:\/\/www.blue-heeler.de\/it\/politica-e-modulo-di-cancellazione\/#primaryimage\",\"url\":\"https:\/\/blue-heeler.de\/wp-content\/uploads\/widerrufsformular-blue-heeler-foto-202008-1-1.jpg\",\"contentUrl\":\"https:\/\/blue-heeler.de\/wp-content\/uploads\/widerrufsformular-blue-heeler-foto-202008-1-1.jpg\"},{\"@type\":\"BreadcrumbList\",\"@id\":\"https:\/\/www.blue-heeler.de\/it\/politica-e-modulo-di-cancellazione\/#breadcrumb\",\"itemListElement\":[{\"@type\":\"ListItem\",\"position\":1,\"name\":\"Startseite\",\"item\":\"https:\/\/www.blue-heeler.de\/it\/\"},{\"@type\":\"ListItem\",\"position\":2,\"name\":\"Politica e modulo di cancellazione\"}]},{\"@type\":\"WebSite\",\"@id\":\"https:\/\/www.blue-heeler.de\/it\/#website\",\"url\":\"https:\/\/www.blue-heeler.de\/it\/\",\"name\":\"BLUE HEELER BOOTS\",\"description\":\"\",\"publisher\":{\"@id\":\"https:\/\/www.blue-heeler.de\/it\/#organization\"},\"potentialAction\":[{\"@type\":\"SearchAction\",\"target\":{\"@type\":\"EntryPoint\",\"urlTemplate\":\"https:\/\/www.blue-heeler.de\/it\/?s={search_term_string}\"},\"query-input\":{\"@type\":\"PropertyValueSpecification\",\"valueRequired\":true,\"valueName\":\"search_term_string\"}}],\"inLanguage\":\"it-IT\"},{\"@type\":\"Organization\",\"@id\":\"https:\/\/www.blue-heeler.de\/it\/#organization\",\"name\":\"blue heeler Europe\",\"url\":\"https:\/\/www.blue-heeler.de\/it\/\",\"logo\":{\"@type\":\"ImageObject\",\"inLanguage\":\"it-IT\",\"@id\":\"https:\/\/www.blue-heeler.de\/it\/#\/schema\/logo\/image\/\",\"url\":\"https:\/\/www.blue-heeler.de\/wp-content\/uploads\/Blue-Heeler-logo.png\",\"contentUrl\":\"https:\/\/www.blue-heeler.de\/wp-content\/uploads\/Blue-Heeler-logo.png\",\"width\":1024,\"height\":292,\"caption\":\"blue heeler Europe\"},\"image\":{\"@id\":\"https:\/\/www.blue-heeler.de\/it\/#\/schema\/logo\/image\/\"}}]}<\/script>\n<!-- \/ Yoast SEO Premium plugin. -->","yoast_head_json":{"title":"Politica di cancellazione |Blue Heeler Europe","description":"Le istruzioni del nostro modulo di cancellazione Blue Heeler Europe garantiscono un'esperienza senza problemi. Contattaci per ricevere ulteriore assistenza.","robots":{"index":"index","follow":"follow","max-snippet":"max-snippet:-1","max-image-preview":"max-image-preview:large","max-video-preview":"max-video-preview:-1"},"canonical":"https:\/\/www.blue-heeler.de\/it\/politica-e-modulo-di-cancellazione\/","og_locale":"it_IT","og_type":"article","og_title":"Politica di cancellazione |Blue Heeler Europe","og_description":"Le istruzioni del nostro modulo di cancellazione Blue Heeler Europe garantiscono un'esperienza senza problemi. Contattaci per ricevere ulteriore assistenza.","og_url":"https:\/\/www.blue-heeler.de\/it\/politica-e-modulo-di-cancellazione\/","og_site_name":"BLUE HEELER BOOTS","article_modified_time":"2024-05-08T14:26:15+00:00","og_image":[{"url":"https:\/\/blue-heeler.de\/wp-content\/uploads\/widerrufsformular-blue-heeler-foto-202008-1-1.jpg","type":"","width":"","height":""}],"twitter_card":"summary_large_image","schema":{"@context":"https:\/\/schema.org","@graph":[{"@type":"WebPage","@id":"https:\/\/www.blue-heeler.de\/it\/politica-e-modulo-di-cancellazione\/","url":"https:\/\/www.blue-heeler.de\/it\/politica-e-modulo-di-cancellazione\/","name":"Politica di cancellazione |Blue Heeler Europe","isPartOf":{"@id":"https:\/\/www.blue-heeler.de\/it\/#website"},"primaryImageOfPage":{"@id":"https:\/\/www.blue-heeler.de\/it\/politica-e-modulo-di-cancellazione\/#primaryimage"},"image":{"@id":"https:\/\/www.blue-heeler.de\/it\/politica-e-modulo-di-cancellazione\/#primaryimage"},"thumbnailUrl":"https:\/\/blue-heeler.de\/wp-content\/uploads\/widerrufsformular-blue-heeler-foto-202008-1-1.jpg","datePublished":"2024-05-08T14:26:14+00:00","dateModified":"2024-05-08T14:26:15+00:00","description":"Le istruzioni del nostro modulo di cancellazione Blue Heeler Europe garantiscono un'esperienza senza problemi. Contattaci per ricevere ulteriore assistenza.","breadcrumb":{"@id":"https:\/\/www.blue-heeler.de\/it\/politica-e-modulo-di-cancellazione\/#breadcrumb"},"inLanguage":"it-IT","potentialAction":[{"@type":"ReadAction","target":["https:\/\/www.blue-heeler.de\/it\/politica-e-modulo-di-cancellazione\/"]}]},{"@type":"ImageObject","inLanguage":"it-IT","@id":"https:\/\/www.blue-heeler.de\/it\/politica-e-modulo-di-cancellazione\/#primaryimage","url":"https:\/\/blue-heeler.de\/wp-content\/uploads\/widerrufsformular-blue-heeler-foto-202008-1-1.jpg","contentUrl":"https:\/\/blue-heeler.de\/wp-content\/uploads\/widerrufsformular-blue-heeler-foto-202008-1-1.jpg"},{"@type":"BreadcrumbList","@id":"https:\/\/www.blue-heeler.de\/it\/politica-e-modulo-di-cancellazione\/#breadcrumb","itemListElement":[{"@type":"ListItem","position":1,"name":"Startseite","item":"https:\/\/www.blue-heeler.de\/it\/"},{"@type":"ListItem","position":2,"name":"Politica e modulo di cancellazione"}]},{"@type":"WebSite","@id":"https:\/\/www.blue-heeler.de\/it\/#website","url":"https:\/\/www.blue-heeler.de\/it\/","name":"BLUE HEELER BOOTS","description":"","publisher":{"@id":"https:\/\/www.blue-heeler.de\/it\/#organization"},"potentialAction":[{"@type":"SearchAction","target":{"@type":"EntryPoint","urlTemplate":"https:\/\/www.blue-heeler.de\/it\/?s={search_term_string}"},"query-input":{"@type":"PropertyValueSpecification","valueRequired":true,"valueName":"search_term_string"}}],"inLanguage":"it-IT"},{"@type":"Organization","@id":"https:\/\/www.blue-heeler.de\/it\/#organization","name":"blue heeler Europe","url":"https:\/\/www.blue-heeler.de\/it\/","logo":{"@type":"ImageObject","inLanguage":"it-IT","@id":"https:\/\/www.blue-heeler.de\/it\/#\/schema\/logo\/image\/","url":"https:\/\/www.blue-heeler.de\/wp-content\/uploads\/Blue-Heeler-logo.png","contentUrl":"https:\/\/www.blue-heeler.de\/wp-content\/uploads\/Blue-Heeler-logo.png","width":1024,"height":292,"caption":"blue heeler Europe"},"image":{"@id":"https:\/\/www.blue-heeler.de\/it\/#\/schema\/logo\/image\/"}}]}},"_links":{"self":[{"href":"https:\/\/www.blue-heeler.de\/it\/wp-json\/wp\/v2\/pages\/82649","targetHints":{"allow":["GET"]}}],"collection":[{"href":"https:\/\/www.blue-heeler.de\/it\/wp-json\/wp\/v2\/pages"}],"about":[{"href":"https:\/\/www.blue-heeler.de\/it\/wp-json\/wp\/v2\/types\/page"}],"author":[{"embeddable":true,"href":"https:\/\/www.blue-heeler.de\/it\/wp-json\/wp\/v2\/users\/612"}],"replies":[{"embeddable":true,"href":"https:\/\/www.blue-heeler.de\/it\/wp-json\/wp\/v2\/comments?post=82649"}],"version-history":[{"count":0,"href":"https:\/\/www.blue-heeler.de\/it\/wp-json\/wp\/v2\/pages\/82649\/revisions"}],"wp:attachment":[{"href":"https:\/\/www.blue-heeler.de\/it\/wp-json\/wp\/v2\/media?parent=82649"}],"curies":[{"name":"wp","href":"https:\/\/api.w.org\/{rel}","templated":true}]}}