{"id":90488,"date":"2022-11-24T12:27:21","date_gmt":"2024-05-17T11:37:17","guid":{"rendered":"http:\/\/blue-heeler.de\/produkt\/wombat-guinness-bleu-bottes-dhiver\/"},"modified":"2024-05-17T13:37:17","modified_gmt":"2024-05-17T11:37:17","slug":"wombat-guinness-bleu-bottes-dhiver","status":"publish","type":"product","link":"https:\/\/www.blue-heeler.de\/fr\/Produkt\/wombat-guinness-bleu-bottes-dhiver\/","title":{"rendered":"WOMBAT guinness bleu Bottes d&rsquo;hiver"},"content":{"rendered":"<p>Nos bottes d&rsquo;hiver fourr\u00e9es ne doivent en aucun cas manquer lors de temp\u00e9ratures froides. Ces classiques du design sont particuli\u00e8rement l\u00e9gers, dot\u00e9s d&rsquo;une assise plantaire antichoc et d&rsquo;une semelle antid\u00e9rapante. Le confort de marche est assur\u00e9 par une doublure chaude et douillette. Les bottes \u00e0 enfiler sont \u00e9galement id\u00e9ales pour les enfants car elles sont faciles \u00e0 enfiler et \u00e0 retirer. En outre, le Wombat convainc par son cuir robuste et facile \u00e0 entretenir : le cuir nappa de vache cir\u00e9 hydrofuge garantit une amiti\u00e9 durable.<\/p>\n<p><strong>Pull on, kick off<\/strong><\/p>\n<ul>\n<li>Entrer et sortir est un jeu d&rsquo;enfant :<br \/>\nBottine \u00e0 enfiler avec inserts lat\u00e9raux en stretch hydrofuge<\/li>\n<li>Patte de pr\u00e9hension astucieuse \u00e0 l&rsquo;avant et \u00e0 l&rsquo;arri\u00e8re<\/li>\n<\/ul>\n<p><strong>Bon caract\u00e8re<\/strong><\/p>\n<ul>\n<li>Couleur : Marron fonc\u00e9 &#8211; presque comme un wombat<\/li>\n<li>Cuir de vache nappa cir\u00e9 robuste (1,8 mm)<\/li>\n<li>Doublure en polaire douce<\/li>\n<li>Semelle PU\/TPU antid\u00e9rapante et amortissante<\/li>\n<li>Extr\u00eamement r\u00e9sistant \u00e0 l&rsquo;eau<\/li>\n<li>Forme anatomique unisexe &#8211; convient \u00e9galement aux pieds plus \u00e9troits<\/li>\n<li>Assise plantaire anti-choc interchangeable &#8211; convient \u00e9galement aux semelles orthop\u00e9diques<\/li>\n<li>Produit en Europe<\/li>\n<\/ul>\n","protected":false},"excerpt":{"rendered":"<h2>WOMBAT<\/h2>\n<p>Le plumpbeutler &#8211; plus connu sous le nom de wombat &#8211; aime creuser des grottes dans lesquelles il vit ensuite. Et il est brun. Vous devinez pourquoi nous avons donn\u00e9 ce nom \u00e0 nos Chelsea Boots r\u00e9sistantes pour enfants ? Les enfants aiment courir et se d\u00e9fouler, et ils creusent parfois dans le sable et la terre, comme les wombats. Nos bottes \u00e0 enfiler sont les meilleures camarades pour toutes ces activit\u00e9s. Ces classiques du design sont particuli\u00e8rement l\u00e9gers, dot\u00e9s d&rsquo;une assise plantaire antichoc et d&rsquo;une semelle antid\u00e9rapante.<\/p>\n","protected":false},"featured_media":90489,"comment_status":"closed","ping_status":"closed","template":"","meta":{"inline_featured_image":false},"product_brand":[],"product_cat":[1335,1356,1341],"product_tag":[1202,833,1103,839,1067,1043,1031,1028,1373,851,959,926,1046,1070,929,1109,905,881,1372,1007,1130,1148,1235,1004,1193,1094],"giftcard-category":[],"class_list":{"0":"post-90488","1":"product","2":"type-product","3":"status-publish","4":"has-post-thumbnail","6":"product_cat-chaussures-pour-enfants","7":"product_cat-boots-bottes-pour-enfants","8":"product_cat-boots-pour-enfants","9":"product_tag-antiderapant","10":"product_tag-australie","11":"product_tag-bleu","12":"product_tag-bottes","13":"product_tag-bottes-fr","14":"product_tag-bottes-a-enfiler","15":"product_tag-bottes-dequitation-fr","16":"product_tag-bottes-dequitation","17":"product_tag-bottes-dhiver","18":"product_tag-bottes-de-chelsea","19":"product_tag-bottes-en-cuir","20":"product_tag-bottes-pour-enfants","21":"product_tag-bottine-a-enfiler","22":"product_tag-bottines","23":"product_tag-bottines-pour-enfants","24":"product_tag-brown-fr","25":"product_tag-cuir-lisse","26":"product_tag-cuir-veritable","27":"product_tag-double","28":"product_tag-en-plein-air","29":"product_tag-extremement-leger","30":"product_tag-guinness-fr","31":"product_tag-hydrofuge-fr","32":"product_tag-outback-fr","33":"product_tag-robuste","34":"product_tag-wombat-fr","35":"product_shipping_class-1-fr-2","36":"pa_groesse-28-eu-10-uk","37":"pa_groesse-29-eu-11-uk","38":"pa_groesse-305-eu-12-uk","39":"pa_groesse-315-eu-13-uk","40":"pa_groesse-33-eu-1-uk","41":"pa_groesse-345-eu-2-uk","42":"pa_groesse-355-eu-3-uk","43":"pa_groesse-37-eu-4-uk","44":"pa_groesse-38-eu-5-uk","46":"first","47":"instock","48":"taxable","49":"shipping-taxable","50":"purchasable","51":"product-type-variable"},"yoast_head":"<!-- This site is optimized with the Yoast SEO Premium plugin v26.6 (Yoast SEO v26.5) - https:\/\/yoast.com\/wordpress\/plugins\/seo\/ -->\n<title>WOMBAT guinness bleu Bottes d&#039;hiver | Blue Heeler Boots<\/title>\n<meta name=\"description\" content=\"Buy Online Hommes, Femmes &amp; Enfants Wombat Guinness Bleu Bottes d&#039;hiver . Livraison gratuite. Retour facile. Qualit\u00e9 100% authentique. Livraison gratuite\" \/>\n<meta name=\"robots\" content=\"index, follow, max-snippet:-1, max-image-preview:large, max-video-preview:-1\" \/>\n<link rel=\"canonical\" href=\"https:\/\/www.blue-heeler.de\/fr\/Produkt\/wombat-guinness-bleu-bottes-dhiver\/\" \/>\n<meta property=\"og:locale\" content=\"fr_FR\" \/>\n<meta property=\"og:type\" content=\"article\" \/>\n<meta property=\"og:title\" content=\"WOMBAT guinness bleu Bottes d&#039;hiver | Blue Heeler Boots\" \/>\n<meta property=\"og:description\" content=\"Buy Online Hommes, Femmes &amp; Enfants Wombat Guinness Bleu Bottes d&#039;hiver . Livraison gratuite. Retour facile. Qualit\u00e9 100% authentique. Livraison gratuite\" \/>\n<meta property=\"og:url\" content=\"https:\/\/www.blue-heeler.de\/fr\/Produkt\/wombat-guinness-bleu-bottes-dhiver\/\" \/>\n<meta property=\"og:site_name\" content=\"BLUE HEELER BOOTS\" \/>\n<meta property=\"og:image\" content=\"https:\/\/www.blue-heeler.de\/wp-content\/uploads\/Artboard-4-1-1-20240501-162129.jpg\" \/>\n\t<meta property=\"og:image:width\" content=\"400\" \/>\n\t<meta property=\"og:image:height\" content=\"400\" \/>\n\t<meta property=\"og:image:type\" content=\"image\/jpeg\" \/>\n<meta name=\"twitter:card\" content=\"summary_large_image\" \/>\n<script type=\"application\/ld+json\" class=\"yoast-schema-graph\">{\"@context\":\"https:\/\/schema.org\",\"@graph\":[{\"@type\":\"WebPage\",\"@id\":\"https:\/\/www.blue-heeler.de\/fr\/Produkt\/wombat-guinness-bleu-bottes-dhiver\/\",\"url\":\"https:\/\/www.blue-heeler.de\/fr\/Produkt\/wombat-guinness-bleu-bottes-dhiver\/\",\"name\":\"WOMBAT guinness bleu Bottes d'hiver | Blue Heeler Boots\",\"isPartOf\":{\"@id\":\"https:\/\/www.blue-heeler.de\/fr\/#website\"},\"primaryImageOfPage\":{\"@id\":\"https:\/\/www.blue-heeler.de\/fr\/Produkt\/wombat-guinness-bleu-bottes-dhiver\/#primaryimage\"},\"image\":{\"@id\":\"https:\/\/www.blue-heeler.de\/fr\/Produkt\/wombat-guinness-bleu-bottes-dhiver\/#primaryimage\"},\"thumbnailUrl\":\"https:\/\/www.blue-heeler.de\/wp-content\/uploads\/Artboard-4-1-1-20240501-162129.jpg\",\"datePublished\":\"2024-05-17T11:37:17+00:00\",\"description\":\"Buy Online Hommes, Femmes & Enfants Wombat Guinness Bleu Bottes d'hiver . Livraison gratuite. Retour facile. Qualit\u00e9 100% authentique. Livraison gratuite\",\"breadcrumb\":{\"@id\":\"https:\/\/www.blue-heeler.de\/fr\/Produkt\/wombat-guinness-bleu-bottes-dhiver\/#breadcrumb\"},\"inLanguage\":\"fr-FR\",\"potentialAction\":[{\"@type\":\"ReadAction\",\"target\":[\"https:\/\/www.blue-heeler.de\/fr\/Produkt\/wombat-guinness-bleu-bottes-dhiver\/\"]}]},{\"@type\":\"ImageObject\",\"inLanguage\":\"fr-FR\",\"@id\":\"https:\/\/www.blue-heeler.de\/fr\/Produkt\/wombat-guinness-bleu-bottes-dhiver\/#primaryimage\",\"url\":\"https:\/\/www.blue-heeler.de\/wp-content\/uploads\/Artboard-4-1-1-20240501-162129.jpg\",\"contentUrl\":\"https:\/\/www.blue-heeler.de\/wp-content\/uploads\/Artboard-4-1-1-20240501-162129.jpg\",\"width\":400,\"height\":400},{\"@type\":\"BreadcrumbList\",\"@id\":\"https:\/\/www.blue-heeler.de\/fr\/Produkt\/wombat-guinness-bleu-bottes-dhiver\/#breadcrumb\",\"itemListElement\":[{\"@type\":\"ListItem\",\"position\":1,\"name\":\"Startseite\",\"item\":\"https:\/\/www.blue-heeler.de\/fr\/\"},{\"@type\":\"ListItem\",\"position\":2,\"name\":\"Boutique\",\"item\":\"https:\/\/www.blue-heeler.de\/fr\/boutique\/\"},{\"@type\":\"ListItem\",\"position\":3,\"name\":\"WOMBAT guinness bleu Bottes d&#8217;hiver\"}]},{\"@type\":\"WebSite\",\"@id\":\"https:\/\/www.blue-heeler.de\/fr\/#website\",\"url\":\"https:\/\/www.blue-heeler.de\/fr\/\",\"name\":\"BLUE HEELER BOOTS\",\"description\":\"\",\"publisher\":{\"@id\":\"https:\/\/www.blue-heeler.de\/fr\/#organization\"},\"potentialAction\":[{\"@type\":\"SearchAction\",\"target\":{\"@type\":\"EntryPoint\",\"urlTemplate\":\"https:\/\/www.blue-heeler.de\/fr\/?s={search_term_string}\"},\"query-input\":{\"@type\":\"PropertyValueSpecification\",\"valueRequired\":true,\"valueName\":\"search_term_string\"}}],\"inLanguage\":\"fr-FR\"},{\"@type\":\"Organization\",\"@id\":\"https:\/\/www.blue-heeler.de\/fr\/#organization\",\"name\":\"blue heeler Europe\",\"url\":\"https:\/\/www.blue-heeler.de\/fr\/\",\"logo\":{\"@type\":\"ImageObject\",\"inLanguage\":\"fr-FR\",\"@id\":\"https:\/\/www.blue-heeler.de\/fr\/#\/schema\/logo\/image\/\",\"url\":\"https:\/\/www.blue-heeler.de\/wp-content\/uploads\/Blue-Heeler-logo.png\",\"contentUrl\":\"https:\/\/www.blue-heeler.de\/wp-content\/uploads\/Blue-Heeler-logo.png\",\"width\":1024,\"height\":292,\"caption\":\"blue heeler Europe\"},\"image\":{\"@id\":\"https:\/\/www.blue-heeler.de\/fr\/#\/schema\/logo\/image\/\"}}]}<\/script>\n<!-- \/ Yoast SEO Premium plugin. -->","yoast_head_json":{"title":"WOMBAT guinness bleu Bottes d'hiver | Blue Heeler Boots","description":"Buy Online Hommes, Femmes & Enfants Wombat Guinness Bleu Bottes d'hiver . Livraison gratuite. Retour facile. Qualit\u00e9 100% authentique. Livraison gratuite","robots":{"index":"index","follow":"follow","max-snippet":"max-snippet:-1","max-image-preview":"max-image-preview:large","max-video-preview":"max-video-preview:-1"},"canonical":"https:\/\/www.blue-heeler.de\/fr\/Produkt\/wombat-guinness-bleu-bottes-dhiver\/","og_locale":"fr_FR","og_type":"article","og_title":"WOMBAT guinness bleu Bottes d'hiver | Blue Heeler Boots","og_description":"Buy Online Hommes, Femmes & Enfants Wombat Guinness Bleu Bottes d'hiver . Livraison gratuite. Retour facile. Qualit\u00e9 100% authentique. Livraison gratuite","og_url":"https:\/\/www.blue-heeler.de\/fr\/Produkt\/wombat-guinness-bleu-bottes-dhiver\/","og_site_name":"BLUE HEELER BOOTS","og_image":[{"width":400,"height":400,"url":"https:\/\/www.blue-heeler.de\/wp-content\/uploads\/Artboard-4-1-1-20240501-162129.jpg","type":"image\/jpeg"}],"twitter_card":"summary_large_image","schema":{"@context":"https:\/\/schema.org","@graph":[{"@type":"WebPage","@id":"https:\/\/www.blue-heeler.de\/fr\/Produkt\/wombat-guinness-bleu-bottes-dhiver\/","url":"https:\/\/www.blue-heeler.de\/fr\/Produkt\/wombat-guinness-bleu-bottes-dhiver\/","name":"WOMBAT guinness bleu Bottes d'hiver | Blue Heeler Boots","isPartOf":{"@id":"https:\/\/www.blue-heeler.de\/fr\/#website"},"primaryImageOfPage":{"@id":"https:\/\/www.blue-heeler.de\/fr\/Produkt\/wombat-guinness-bleu-bottes-dhiver\/#primaryimage"},"image":{"@id":"https:\/\/www.blue-heeler.de\/fr\/Produkt\/wombat-guinness-bleu-bottes-dhiver\/#primaryimage"},"thumbnailUrl":"https:\/\/www.blue-heeler.de\/wp-content\/uploads\/Artboard-4-1-1-20240501-162129.jpg","datePublished":"2024-05-17T11:37:17+00:00","description":"Buy Online Hommes, Femmes & Enfants Wombat Guinness Bleu Bottes d'hiver . Livraison gratuite. Retour facile. Qualit\u00e9 100% authentique. Livraison gratuite","breadcrumb":{"@id":"https:\/\/www.blue-heeler.de\/fr\/Produkt\/wombat-guinness-bleu-bottes-dhiver\/#breadcrumb"},"inLanguage":"fr-FR","potentialAction":[{"@type":"ReadAction","target":["https:\/\/www.blue-heeler.de\/fr\/Produkt\/wombat-guinness-bleu-bottes-dhiver\/"]}]},{"@type":"ImageObject","inLanguage":"fr-FR","@id":"https:\/\/www.blue-heeler.de\/fr\/Produkt\/wombat-guinness-bleu-bottes-dhiver\/#primaryimage","url":"https:\/\/www.blue-heeler.de\/wp-content\/uploads\/Artboard-4-1-1-20240501-162129.jpg","contentUrl":"https:\/\/www.blue-heeler.de\/wp-content\/uploads\/Artboard-4-1-1-20240501-162129.jpg","width":400,"height":400},{"@type":"BreadcrumbList","@id":"https:\/\/www.blue-heeler.de\/fr\/Produkt\/wombat-guinness-bleu-bottes-dhiver\/#breadcrumb","itemListElement":[{"@type":"ListItem","position":1,"name":"Startseite","item":"https:\/\/www.blue-heeler.de\/fr\/"},{"@type":"ListItem","position":2,"name":"Boutique","item":"https:\/\/www.blue-heeler.de\/fr\/boutique\/"},{"@type":"ListItem","position":3,"name":"WOMBAT guinness bleu Bottes d&#8217;hiver"}]},{"@type":"WebSite","@id":"https:\/\/www.blue-heeler.de\/fr\/#website","url":"https:\/\/www.blue-heeler.de\/fr\/","name":"BLUE HEELER BOOTS","description":"","publisher":{"@id":"https:\/\/www.blue-heeler.de\/fr\/#organization"},"potentialAction":[{"@type":"SearchAction","target":{"@type":"EntryPoint","urlTemplate":"https:\/\/www.blue-heeler.de\/fr\/?s={search_term_string}"},"query-input":{"@type":"PropertyValueSpecification","valueRequired":true,"valueName":"search_term_string"}}],"inLanguage":"fr-FR"},{"@type":"Organization","@id":"https:\/\/www.blue-heeler.de\/fr\/#organization","name":"blue heeler Europe","url":"https:\/\/www.blue-heeler.de\/fr\/","logo":{"@type":"ImageObject","inLanguage":"fr-FR","@id":"https:\/\/www.blue-heeler.de\/fr\/#\/schema\/logo\/image\/","url":"https:\/\/www.blue-heeler.de\/wp-content\/uploads\/Blue-Heeler-logo.png","contentUrl":"https:\/\/www.blue-heeler.de\/wp-content\/uploads\/Blue-Heeler-logo.png","width":1024,"height":292,"caption":"blue heeler Europe"},"image":{"@id":"https:\/\/www.blue-heeler.de\/fr\/#\/schema\/logo\/image\/"}}]}},"_links":{"self":[{"href":"https:\/\/www.blue-heeler.de\/fr\/wp-json\/wp\/v2\/product\/90488","targetHints":{"allow":["GET"]}}],"collection":[{"href":"https:\/\/www.blue-heeler.de\/fr\/wp-json\/wp\/v2\/product"}],"about":[{"href":"https:\/\/www.blue-heeler.de\/fr\/wp-json\/wp\/v2\/types\/product"}],"replies":[{"embeddable":true,"href":"https:\/\/www.blue-heeler.de\/fr\/wp-json\/wp\/v2\/comments?post=90488"}],"wp:featuredmedia":[{"embeddable":true,"href":"https:\/\/www.blue-heeler.de\/fr\/wp-json\/wp\/v2\/media\/90489"}],"wp:attachment":[{"href":"https:\/\/www.blue-heeler.de\/fr\/wp-json\/wp\/v2\/media?parent=90488"}],"wp:term":[{"taxonomy":"product_brand","embeddable":true,"href":"https:\/\/www.blue-heeler.de\/fr\/wp-json\/wp\/v2\/product_brand?post=90488"},{"taxonomy":"product_cat","embeddable":true,"href":"https:\/\/www.blue-heeler.de\/fr\/wp-json\/wp\/v2\/product_cat?post=90488"},{"taxonomy":"product_tag","embeddable":true,"href":"https:\/\/www.blue-heeler.de\/fr\/wp-json\/wp\/v2\/product_tag?post=90488"},{"taxonomy":"giftcard-category","embeddable":true,"href":"https:\/\/www.blue-heeler.de\/fr\/wp-json\/wp\/v2\/giftcard-category?post=90488"}],"curies":[{"name":"wp","href":"https:\/\/api.w.org\/{rel}","templated":true}]}}