{"id":90217,"date":"2023-08-16T09:28:07","date_gmt":"2024-05-17T11:20:18","guid":{"rendered":"http:\/\/blue-heeler.de\/produkt\/pash-raw-kaki-marron\/"},"modified":"2024-05-17T13:20:18","modified_gmt":"2024-05-17T11:20:18","slug":"pash-raw-kaki-marron","status":"publish","type":"product","link":"https:\/\/www.blue-heeler.de\/fr\/Produkt\/pash-raw-kaki-marron\/","title":{"rendered":"PASH RAW kaki marron"},"content":{"rendered":"<h1>PASH RAW<\/h1>\n<p>C\u0153ur de m\u00e9tier et f\u00e9minit\u00e9 affirm\u00e9e &#8211; est-ce que cela va ensemble ? Tr\u00e8s bon ! C&rsquo;est ce que montre \u00ab\u00a0PASH\u00a0\u00bb &#8211; une variante de la botte Chelsea embl\u00e9matique avec de petites, mais tr\u00e8s belles, particularit\u00e9s. La tige arri\u00e8re est allong\u00e9e, ce qui conf\u00e8re \u00e0 la demi-botte un look fantaisiste. Le talon de 3,5 cm assure le format et attire encore plus l&rsquo;attention avec son aspect bois. Les empi\u00e8cements en stretch sont de couleur contrast\u00e9e, parfois discr\u00e8te, parfois contrastante.<\/p>\n<p>Le daim cir\u00e9 de 2,2 mm d&rsquo;\u00e9paisseur est imperm\u00e9able et n&rsquo;a pas froid aux yeux. La doublure int\u00e9rieure en cuir de veau souple assure un excellent climat dans la chaussure. L&rsquo;assise plantaire amortissant les chocs vous permet de parcourir de longues distances sans probl\u00e8me. Et si le sol est in\u00e9gal ou glissant : La semelle profil\u00e9e antid\u00e9rapante permet de ma\u00eetriser parfaitement la situation. En somme, tout simplement un vrai \u00ab\u00a0PASH\u00a0\u00bb &#8211; c&rsquo;est ainsi que l&rsquo;on appelle un baiser intime en Australie.<\/p>\n<p><strong>Pull on, kick off<\/strong><\/p>\n<ul>\n<li>Il suffit d&rsquo;entrer et de sortir :<br \/>\nBottine \u00e0 enfiler avec inserts lat\u00e9raux en stretch hydrofuge<\/li>\n<li>Patte de pr\u00e9hension astucieuse \u00e0 l&rsquo;arri\u00e8re<\/li>\n<li><strong>F<\/strong><strong>taille plus petite<\/strong><\/li>\n<\/ul>\n<p><strong>Bon caract\u00e8re<\/strong><\/p>\n<ul>\n<li>Cuir de vache sauvage robuste, cir\u00e9 et teint\u00e9 dans la masse (2,2 mm)<\/li>\n<li>Pr\u00e9traitement hydrofuge<\/li>\n<li>Doublure en cuir de veau fin<\/li>\n<li>Doublure 100% coton au niveau des orteils<\/li>\n<li>Semelle antid\u00e9rapante en TPR<\/li>\n<li>Cousu et coll\u00e9<\/li>\n<li>Forme anatomique unisexe &#8211; convient \u00e9galement aux pieds plus \u00e9troits<\/li>\n<li>Assise plantaire amovible &#8211; EVA avec garniture en cuir &#8211; convient \u00e9galement aux semelles orthop\u00e9diques<\/li>\n<li>Produit au Portugal<\/li>\n<\/ul>\n","protected":false},"excerpt":{"rendered":"<h2>PASH RAW<\/h2>\n<p>C\u0153ur de m\u00e9tier et f\u00e9minit\u00e9 affirm\u00e9e &#8211; est-ce que cela va ensemble ? Tr\u00e8s bon ! C&rsquo;est ce que montre \u00ab\u00a0PASH\u00a0\u00bb &#8211; une variante de la botte Chelsea embl\u00e9matique avec de petites, mais tr\u00e8s belles, particularit\u00e9s. La tige arri\u00e8re est allong\u00e9e, ce qui conf\u00e8re \u00e0 la demi-botte un look fantaisiste. Le talon de 3,5 cm assure le format et attire encore plus l&rsquo;attention avec son aspect bois. Les empi\u00e8cements en stretch sont de couleur contrast\u00e9e, parfois discr\u00e8te, parfois contrastante.<\/p>\n","protected":false},"featured_media":90218,"comment_status":"closed","ping_status":"closed","template":"","meta":{"inline_featured_image":false},"product_brand":[],"product_cat":[1305,1311],"product_tag":[833,839,1067,851,959,1046,1070,1109,1088,1163,1007,1365,1016],"giftcard-category":[],"class_list":{"0":"post-90217","1":"product","2":"type-product","3":"status-publish","4":"has-post-thumbnail","6":"product_cat-chaussures-pour-femmes","7":"product_cat-bottes-bottines-pour-femmes","8":"product_tag-australie","9":"product_tag-bottes","10":"product_tag-bottes-fr","11":"product_tag-bottes-de-chelsea","12":"product_tag-bottes-en-cuir","13":"product_tag-bottine-a-enfiler","14":"product_tag-bottines","15":"product_tag-brown-fr","16":"product_tag-cuir-de-daim","17":"product_tag-de-haute-qualite","18":"product_tag-en-plein-air","19":"product_tag-khaki-fr","20":"product_tag-pash-fr","21":"pa_groesse-37-eu-4-uk","22":"pa_groesse-38-eu-5-uk","23":"pa_groesse-39-eu-6-uk","24":"pa_groesse-40-eu-65-uk","25":"pa_groesse-41-eu-7-uk","26":"pa_groesse-42-eu-8-uk","27":"pa_groesse-43-eu-9-uk","29":"first","30":"instock","31":"taxable","32":"shipping-taxable","33":"purchasable","34":"product-type-variable"},"yoast_head":"<!-- This site is optimized with the Yoast SEO Premium plugin v26.6 (Yoast SEO v26.5) - https:\/\/yoast.com\/wordpress\/plugins\/seo\/ -->\n<title>PASH RAW kaki marron | Blue Heeler Boots<\/title>\n<meta name=\"description\" content=\"Acheter en ligne Hommes, Femmes &amp; Enfants Pash Raw kaki brown. Livraison gratuite. Retour facile. Qualit\u00e9 100% authentique. Livraison gratuite.Blue Heeler\" \/>\n<meta name=\"robots\" content=\"index, follow, max-snippet:-1, max-image-preview:large, max-video-preview:-1\" \/>\n<link rel=\"canonical\" href=\"https:\/\/www.blue-heeler.de\/fr\/Produkt\/pash-raw-kaki-marron\/\" \/>\n<meta property=\"og:locale\" content=\"fr_FR\" \/>\n<meta property=\"og:type\" content=\"article\" \/>\n<meta property=\"og:title\" content=\"PASH RAW kaki marron | Blue Heeler Boots\" \/>\n<meta property=\"og:description\" content=\"Acheter en ligne Hommes, Femmes &amp; Enfants Pash Raw kaki brown. Livraison gratuite. Retour facile. Qualit\u00e9 100% authentique. Livraison gratuite.Blue Heeler\" \/>\n<meta property=\"og:url\" content=\"https:\/\/www.blue-heeler.de\/fr\/Produkt\/pash-raw-kaki-marron\/\" \/>\n<meta property=\"og:site_name\" content=\"BLUE HEELER BOOTS\" \/>\n<meta property=\"og:image\" content=\"https:\/\/www.blue-heeler.de\/wp-content\/uploads\/1793BN-00-1.jpg\" \/>\n\t<meta property=\"og:image:width\" content=\"1200\" \/>\n\t<meta property=\"og:image:height\" content=\"1200\" \/>\n\t<meta property=\"og:image:type\" content=\"image\/jpeg\" \/>\n<meta name=\"twitter:card\" content=\"summary_large_image\" \/>\n<script type=\"application\/ld+json\" class=\"yoast-schema-graph\">{\"@context\":\"https:\/\/schema.org\",\"@graph\":[{\"@type\":\"WebPage\",\"@id\":\"https:\/\/www.blue-heeler.de\/fr\/Produkt\/pash-raw-kaki-marron\/\",\"url\":\"https:\/\/www.blue-heeler.de\/fr\/Produkt\/pash-raw-kaki-marron\/\",\"name\":\"PASH RAW kaki marron | Blue Heeler Boots\",\"isPartOf\":{\"@id\":\"https:\/\/www.blue-heeler.de\/fr\/#website\"},\"primaryImageOfPage\":{\"@id\":\"https:\/\/www.blue-heeler.de\/fr\/Produkt\/pash-raw-kaki-marron\/#primaryimage\"},\"image\":{\"@id\":\"https:\/\/www.blue-heeler.de\/fr\/Produkt\/pash-raw-kaki-marron\/#primaryimage\"},\"thumbnailUrl\":\"https:\/\/www.blue-heeler.de\/wp-content\/uploads\/1793BN-00-1.jpg\",\"datePublished\":\"2024-05-17T11:20:18+00:00\",\"description\":\"Acheter en ligne Hommes, Femmes & Enfants Pash Raw kaki brown. Livraison gratuite. Retour facile. Qualit\u00e9 100% authentique. Livraison gratuite.Blue Heeler\",\"breadcrumb\":{\"@id\":\"https:\/\/www.blue-heeler.de\/fr\/Produkt\/pash-raw-kaki-marron\/#breadcrumb\"},\"inLanguage\":\"fr-FR\",\"potentialAction\":[{\"@type\":\"ReadAction\",\"target\":[\"https:\/\/www.blue-heeler.de\/fr\/Produkt\/pash-raw-kaki-marron\/\"]}]},{\"@type\":\"ImageObject\",\"inLanguage\":\"fr-FR\",\"@id\":\"https:\/\/www.blue-heeler.de\/fr\/Produkt\/pash-raw-kaki-marron\/#primaryimage\",\"url\":\"https:\/\/www.blue-heeler.de\/wp-content\/uploads\/1793BN-00-1.jpg\",\"contentUrl\":\"https:\/\/www.blue-heeler.de\/wp-content\/uploads\/1793BN-00-1.jpg\",\"width\":1200,\"height\":1200},{\"@type\":\"BreadcrumbList\",\"@id\":\"https:\/\/www.blue-heeler.de\/fr\/Produkt\/pash-raw-kaki-marron\/#breadcrumb\",\"itemListElement\":[{\"@type\":\"ListItem\",\"position\":1,\"name\":\"Startseite\",\"item\":\"https:\/\/www.blue-heeler.de\/fr\/\"},{\"@type\":\"ListItem\",\"position\":2,\"name\":\"Boutique\",\"item\":\"https:\/\/www.blue-heeler.de\/fr\/boutique\/\"},{\"@type\":\"ListItem\",\"position\":3,\"name\":\"PASH RAW kaki marron\"}]},{\"@type\":\"WebSite\",\"@id\":\"https:\/\/www.blue-heeler.de\/fr\/#website\",\"url\":\"https:\/\/www.blue-heeler.de\/fr\/\",\"name\":\"BLUE HEELER BOOTS\",\"description\":\"\",\"publisher\":{\"@id\":\"https:\/\/www.blue-heeler.de\/fr\/#organization\"},\"potentialAction\":[{\"@type\":\"SearchAction\",\"target\":{\"@type\":\"EntryPoint\",\"urlTemplate\":\"https:\/\/www.blue-heeler.de\/fr\/?s={search_term_string}\"},\"query-input\":{\"@type\":\"PropertyValueSpecification\",\"valueRequired\":true,\"valueName\":\"search_term_string\"}}],\"inLanguage\":\"fr-FR\"},{\"@type\":\"Organization\",\"@id\":\"https:\/\/www.blue-heeler.de\/fr\/#organization\",\"name\":\"blue heeler Europe\",\"url\":\"https:\/\/www.blue-heeler.de\/fr\/\",\"logo\":{\"@type\":\"ImageObject\",\"inLanguage\":\"fr-FR\",\"@id\":\"https:\/\/www.blue-heeler.de\/fr\/#\/schema\/logo\/image\/\",\"url\":\"https:\/\/www.blue-heeler.de\/wp-content\/uploads\/Blue-Heeler-logo.png\",\"contentUrl\":\"https:\/\/www.blue-heeler.de\/wp-content\/uploads\/Blue-Heeler-logo.png\",\"width\":1024,\"height\":292,\"caption\":\"blue heeler Europe\"},\"image\":{\"@id\":\"https:\/\/www.blue-heeler.de\/fr\/#\/schema\/logo\/image\/\"}}]}<\/script>\n<!-- \/ Yoast SEO Premium plugin. -->","yoast_head_json":{"title":"PASH RAW kaki marron | Blue Heeler Boots","description":"Acheter en ligne Hommes, Femmes & Enfants Pash Raw kaki brown. Livraison gratuite. Retour facile. Qualit\u00e9 100% authentique. Livraison gratuite.Blue Heeler","robots":{"index":"index","follow":"follow","max-snippet":"max-snippet:-1","max-image-preview":"max-image-preview:large","max-video-preview":"max-video-preview:-1"},"canonical":"https:\/\/www.blue-heeler.de\/fr\/Produkt\/pash-raw-kaki-marron\/","og_locale":"fr_FR","og_type":"article","og_title":"PASH RAW kaki marron | Blue Heeler Boots","og_description":"Acheter en ligne Hommes, Femmes & Enfants Pash Raw kaki brown. Livraison gratuite. Retour facile. Qualit\u00e9 100% authentique. Livraison gratuite.Blue Heeler","og_url":"https:\/\/www.blue-heeler.de\/fr\/Produkt\/pash-raw-kaki-marron\/","og_site_name":"BLUE HEELER BOOTS","og_image":[{"width":1200,"height":1200,"url":"https:\/\/www.blue-heeler.de\/wp-content\/uploads\/1793BN-00-1.jpg","type":"image\/jpeg"}],"twitter_card":"summary_large_image","schema":{"@context":"https:\/\/schema.org","@graph":[{"@type":"WebPage","@id":"https:\/\/www.blue-heeler.de\/fr\/Produkt\/pash-raw-kaki-marron\/","url":"https:\/\/www.blue-heeler.de\/fr\/Produkt\/pash-raw-kaki-marron\/","name":"PASH RAW kaki marron | Blue Heeler Boots","isPartOf":{"@id":"https:\/\/www.blue-heeler.de\/fr\/#website"},"primaryImageOfPage":{"@id":"https:\/\/www.blue-heeler.de\/fr\/Produkt\/pash-raw-kaki-marron\/#primaryimage"},"image":{"@id":"https:\/\/www.blue-heeler.de\/fr\/Produkt\/pash-raw-kaki-marron\/#primaryimage"},"thumbnailUrl":"https:\/\/www.blue-heeler.de\/wp-content\/uploads\/1793BN-00-1.jpg","datePublished":"2024-05-17T11:20:18+00:00","description":"Acheter en ligne Hommes, Femmes & Enfants Pash Raw kaki brown. Livraison gratuite. Retour facile. Qualit\u00e9 100% authentique. Livraison gratuite.Blue Heeler","breadcrumb":{"@id":"https:\/\/www.blue-heeler.de\/fr\/Produkt\/pash-raw-kaki-marron\/#breadcrumb"},"inLanguage":"fr-FR","potentialAction":[{"@type":"ReadAction","target":["https:\/\/www.blue-heeler.de\/fr\/Produkt\/pash-raw-kaki-marron\/"]}]},{"@type":"ImageObject","inLanguage":"fr-FR","@id":"https:\/\/www.blue-heeler.de\/fr\/Produkt\/pash-raw-kaki-marron\/#primaryimage","url":"https:\/\/www.blue-heeler.de\/wp-content\/uploads\/1793BN-00-1.jpg","contentUrl":"https:\/\/www.blue-heeler.de\/wp-content\/uploads\/1793BN-00-1.jpg","width":1200,"height":1200},{"@type":"BreadcrumbList","@id":"https:\/\/www.blue-heeler.de\/fr\/Produkt\/pash-raw-kaki-marron\/#breadcrumb","itemListElement":[{"@type":"ListItem","position":1,"name":"Startseite","item":"https:\/\/www.blue-heeler.de\/fr\/"},{"@type":"ListItem","position":2,"name":"Boutique","item":"https:\/\/www.blue-heeler.de\/fr\/boutique\/"},{"@type":"ListItem","position":3,"name":"PASH RAW kaki marron"}]},{"@type":"WebSite","@id":"https:\/\/www.blue-heeler.de\/fr\/#website","url":"https:\/\/www.blue-heeler.de\/fr\/","name":"BLUE HEELER BOOTS","description":"","publisher":{"@id":"https:\/\/www.blue-heeler.de\/fr\/#organization"},"potentialAction":[{"@type":"SearchAction","target":{"@type":"EntryPoint","urlTemplate":"https:\/\/www.blue-heeler.de\/fr\/?s={search_term_string}"},"query-input":{"@type":"PropertyValueSpecification","valueRequired":true,"valueName":"search_term_string"}}],"inLanguage":"fr-FR"},{"@type":"Organization","@id":"https:\/\/www.blue-heeler.de\/fr\/#organization","name":"blue heeler Europe","url":"https:\/\/www.blue-heeler.de\/fr\/","logo":{"@type":"ImageObject","inLanguage":"fr-FR","@id":"https:\/\/www.blue-heeler.de\/fr\/#\/schema\/logo\/image\/","url":"https:\/\/www.blue-heeler.de\/wp-content\/uploads\/Blue-Heeler-logo.png","contentUrl":"https:\/\/www.blue-heeler.de\/wp-content\/uploads\/Blue-Heeler-logo.png","width":1024,"height":292,"caption":"blue heeler Europe"},"image":{"@id":"https:\/\/www.blue-heeler.de\/fr\/#\/schema\/logo\/image\/"}}]}},"_links":{"self":[{"href":"https:\/\/www.blue-heeler.de\/fr\/wp-json\/wp\/v2\/product\/90217","targetHints":{"allow":["GET"]}}],"collection":[{"href":"https:\/\/www.blue-heeler.de\/fr\/wp-json\/wp\/v2\/product"}],"about":[{"href":"https:\/\/www.blue-heeler.de\/fr\/wp-json\/wp\/v2\/types\/product"}],"replies":[{"embeddable":true,"href":"https:\/\/www.blue-heeler.de\/fr\/wp-json\/wp\/v2\/comments?post=90217"}],"wp:featuredmedia":[{"embeddable":true,"href":"https:\/\/www.blue-heeler.de\/fr\/wp-json\/wp\/v2\/media\/90218"}],"wp:attachment":[{"href":"https:\/\/www.blue-heeler.de\/fr\/wp-json\/wp\/v2\/media?parent=90217"}],"wp:term":[{"taxonomy":"product_brand","embeddable":true,"href":"https:\/\/www.blue-heeler.de\/fr\/wp-json\/wp\/v2\/product_brand?post=90217"},{"taxonomy":"product_cat","embeddable":true,"href":"https:\/\/www.blue-heeler.de\/fr\/wp-json\/wp\/v2\/product_cat?post=90217"},{"taxonomy":"product_tag","embeddable":true,"href":"https:\/\/www.blue-heeler.de\/fr\/wp-json\/wp\/v2\/product_tag?post=90217"},{"taxonomy":"giftcard-category","embeddable":true,"href":"https:\/\/www.blue-heeler.de\/fr\/wp-json\/wp\/v2\/giftcard-category?post=90217"}],"curies":[{"name":"wp","href":"https:\/\/api.w.org\/{rel}","templated":true}]}}