{"id":89989,"date":"2023-09-11T14:10:30","date_gmt":"2024-05-17T11:02:17","guid":{"rendered":"http:\/\/blue-heeler.de\/produkt\/outback-kids-bleu-mauve\/"},"modified":"2024-05-17T13:02:17","modified_gmt":"2024-05-17T11:02:17","slug":"outback-kids-bleu-mauve","status":"publish","type":"product","link":"https:\/\/www.blue-heeler.de\/fr\/Produkt\/outback-kids-bleu-mauve\/","title":{"rendered":"OUTBACK KIDS bleu mauve"},"content":{"rendered":"<p>Les enfants aiment courir, se d\u00e9fouler et creuser dans le sable et la terre. Nos bottes \u00e0 enfiler sont les meilleures camarades pour toutes ces activit\u00e9s. Ces classiques du design sont particuli\u00e8rement l\u00e9gers, dot\u00e9s d&rsquo;une assise plantaire antichoc et d&rsquo;une semelle antid\u00e9rapante. Les bottes \u00e0 enfiler sont \u00e9galement id\u00e9ales pour les enfants car elles sont faciles \u00e0 enfiler et \u00e0 retirer. Le cuir robuste et facile \u00e0 entretenir est id\u00e9al pour tous : le cuir nappa de vache cir\u00e9 hydrofuge garantit une amiti\u00e9 durable. Enfin, le profil prononc\u00e9 de la semelle ext\u00e9rieure en PU vulcanis\u00e9 permet aux pieds des enfants de se d\u00e9placer en toute s\u00e9curit\u00e9, m\u00eame sur des surfaces glissantes.<\/p>\n<p><strong>Pull on, kick off<\/strong><\/p>\n<ul>\n<li>Entrer et sortir est un jeu d&rsquo;enfant :<br \/>\nBottine \u00e0 enfiler avec inserts lat\u00e9raux en stretch hydrofuge<\/li>\n<li>Patte de pr\u00e9hension astucieuse \u00e0 l&rsquo;avant et \u00e0 l&rsquo;arri\u00e8re<\/li>\n<\/ul>\n<p><strong>Bon caract\u00e8re<\/strong><\/p>\n<ul>\n<li>Couleur : Bleu<\/li>\n<li>Cuir de vache nappa cir\u00e9 robuste (1,8 mm)<\/li>\n<li>Doublure en cuir de veau souple<\/li>\n<li>Semelle PU\/TPU antid\u00e9rapante et amortissante<\/li>\n<li>Extr\u00eamement r\u00e9sistant \u00e0 l&rsquo;eau<\/li>\n<li>Forme anatomique unisexe &#8211; convient \u00e9galement aux pieds plus \u00e9troits<\/li>\n<li>Assise plantaire anti-choc interchangeable &#8211; convient \u00e9galement aux semelles orthop\u00e9diques<\/li>\n<li>Produit au Portugal<\/li>\n<\/ul>\n","protected":false},"excerpt":{"rendered":"<h2><span style=\"vertical-align: inherit;\">OUTBACK KIDS<\/span><\/h2>\n<p>Les enfants aiment courir et se d\u00e9fouler, et il leur arrive aussi de creuser dans le sable et la terre. Nos bottes \u00e0 enfiler sont les meilleures camarades pour toutes ces activit\u00e9s. Ces classiques du design sont particuli\u00e8rement l\u00e9gers, dot\u00e9s d&rsquo;une assise plantaire antichoc et d&rsquo;une semelle antid\u00e9rapante.<\/p>\n","protected":false},"featured_media":89990,"comment_status":"closed","ping_status":"closed","template":"","meta":{"inline_featured_image":false},"product_brand":[],"product_cat":[1335,1356,1341],"product_tag":[1202,833,1103,839,1067,1043,959,926,1046,1070,929,905,1163,1007,1130,1235,1383,1004,1193],"giftcard-category":[],"class_list":{"0":"post-89989","1":"product","2":"type-product","3":"status-publish","4":"has-post-thumbnail","6":"product_cat-chaussures-pour-enfants","7":"product_cat-boots-bottes-pour-enfants","8":"product_cat-boots-pour-enfants","9":"product_tag-antiderapant","10":"product_tag-australie","11":"product_tag-bleu","12":"product_tag-bottes","13":"product_tag-bottes-fr","14":"product_tag-bottes-a-enfiler","15":"product_tag-bottes-en-cuir","16":"product_tag-bottes-pour-enfants","17":"product_tag-bottine-a-enfiler","18":"product_tag-bottines","19":"product_tag-bottines-pour-enfants","20":"product_tag-cuir-lisse","21":"product_tag-de-haute-qualite","22":"product_tag-en-plein-air","23":"product_tag-extremement-leger","24":"product_tag-hydrofuge-fr","25":"product_tag-mauve-fr","26":"product_tag-outback-fr","27":"product_tag-robuste","28":"pa_groesse-28-eu-10-uk","29":"pa_groesse-29-eu-11-uk","30":"pa_groesse-30-eu-115-uk","31":"pa_groesse-31-eu-125-uk","32":"pa_groesse-32-eu-135-uk","33":"pa_groesse-33-eu-1-uk","34":"pa_groesse-34-eu-2-uk","35":"pa_groesse-35-eu-3-uk","36":"pa_groesse-36-eu-35-uk","37":"pa_groesse-37-eu-4-uk","38":"pa_groesse-38-eu-5-uk","39":"pa_groesse-39-eu-6-uk","40":"pa_groesse-40-eu-65-uk","42":"first","43":"instock","44":"taxable","45":"shipping-taxable","46":"purchasable","47":"product-type-variable"},"yoast_head":"<!-- This site is optimized with the Yoast SEO Premium plugin v26.6 (Yoast SEO v26.5) - https:\/\/yoast.com\/wordpress\/plugins\/seo\/ -->\n<title>OUTBACK KIDS bleu mauve | Blue Heeler Boots<\/title>\n<meta name=\"description\" content=\"Acheter en ligne Hommes, Femmes &amp; Enfants Petit patron Marron. Livraison gratuite. Retour facile. Qualit\u00e9 100% authentique. % de livraison gratuite\" \/>\n<meta name=\"robots\" content=\"index, follow, max-snippet:-1, max-image-preview:large, max-video-preview:-1\" \/>\n<link rel=\"canonical\" href=\"https:\/\/www.blue-heeler.de\/fr\/Produkt\/outback-kids-bleu-mauve\/\" \/>\n<meta property=\"og:locale\" content=\"fr_FR\" \/>\n<meta property=\"og:type\" content=\"article\" \/>\n<meta property=\"og:title\" content=\"OUTBACK KIDS bleu mauve | Blue Heeler Boots\" \/>\n<meta property=\"og:description\" content=\"Acheter en ligne Hommes, Femmes &amp; Enfants Petit patron Marron. Livraison gratuite. Retour facile. Qualit\u00e9 100% authentique. % de livraison gratuite\" \/>\n<meta property=\"og:url\" content=\"https:\/\/www.blue-heeler.de\/fr\/Produkt\/outback-kids-bleu-mauve\/\" \/>\n<meta property=\"og:site_name\" content=\"BLUE HEELER BOOTS\" \/>\n<meta property=\"og:image\" content=\"https:\/\/www.blue-heeler.de\/wp-content\/uploads\/887MV-00-1-20240501-162231.jpg\" \/>\n\t<meta property=\"og:image:width\" content=\"1200\" \/>\n\t<meta property=\"og:image:height\" content=\"1200\" \/>\n\t<meta property=\"og:image:type\" content=\"image\/jpeg\" \/>\n<meta name=\"twitter:card\" content=\"summary_large_image\" \/>\n<script type=\"application\/ld+json\" class=\"yoast-schema-graph\">{\"@context\":\"https:\/\/schema.org\",\"@graph\":[{\"@type\":\"WebPage\",\"@id\":\"https:\/\/www.blue-heeler.de\/fr\/Produkt\/outback-kids-bleu-mauve\/\",\"url\":\"https:\/\/www.blue-heeler.de\/fr\/Produkt\/outback-kids-bleu-mauve\/\",\"name\":\"OUTBACK KIDS bleu mauve | Blue Heeler Boots\",\"isPartOf\":{\"@id\":\"https:\/\/www.blue-heeler.de\/fr\/#website\"},\"primaryImageOfPage\":{\"@id\":\"https:\/\/www.blue-heeler.de\/fr\/Produkt\/outback-kids-bleu-mauve\/#primaryimage\"},\"image\":{\"@id\":\"https:\/\/www.blue-heeler.de\/fr\/Produkt\/outback-kids-bleu-mauve\/#primaryimage\"},\"thumbnailUrl\":\"https:\/\/www.blue-heeler.de\/wp-content\/uploads\/887MV-00-1-20240501-162231.jpg\",\"datePublished\":\"2024-05-17T11:02:17+00:00\",\"description\":\"Acheter en ligne Hommes, Femmes & Enfants Petit patron Marron. Livraison gratuite. Retour facile. Qualit\u00e9 100% authentique. % de livraison gratuite\",\"breadcrumb\":{\"@id\":\"https:\/\/www.blue-heeler.de\/fr\/Produkt\/outback-kids-bleu-mauve\/#breadcrumb\"},\"inLanguage\":\"fr-FR\",\"potentialAction\":[{\"@type\":\"ReadAction\",\"target\":[\"https:\/\/www.blue-heeler.de\/fr\/Produkt\/outback-kids-bleu-mauve\/\"]}]},{\"@type\":\"ImageObject\",\"inLanguage\":\"fr-FR\",\"@id\":\"https:\/\/www.blue-heeler.de\/fr\/Produkt\/outback-kids-bleu-mauve\/#primaryimage\",\"url\":\"https:\/\/www.blue-heeler.de\/wp-content\/uploads\/887MV-00-1-20240501-162231.jpg\",\"contentUrl\":\"https:\/\/www.blue-heeler.de\/wp-content\/uploads\/887MV-00-1-20240501-162231.jpg\",\"width\":1200,\"height\":1200},{\"@type\":\"BreadcrumbList\",\"@id\":\"https:\/\/www.blue-heeler.de\/fr\/Produkt\/outback-kids-bleu-mauve\/#breadcrumb\",\"itemListElement\":[{\"@type\":\"ListItem\",\"position\":1,\"name\":\"Startseite\",\"item\":\"https:\/\/www.blue-heeler.de\/fr\/\"},{\"@type\":\"ListItem\",\"position\":2,\"name\":\"Boutique\",\"item\":\"https:\/\/www.blue-heeler.de\/fr\/boutique\/\"},{\"@type\":\"ListItem\",\"position\":3,\"name\":\"OUTBACK KIDS bleu mauve\"}]},{\"@type\":\"WebSite\",\"@id\":\"https:\/\/www.blue-heeler.de\/fr\/#website\",\"url\":\"https:\/\/www.blue-heeler.de\/fr\/\",\"name\":\"BLUE HEELER BOOTS\",\"description\":\"\",\"publisher\":{\"@id\":\"https:\/\/www.blue-heeler.de\/fr\/#organization\"},\"potentialAction\":[{\"@type\":\"SearchAction\",\"target\":{\"@type\":\"EntryPoint\",\"urlTemplate\":\"https:\/\/www.blue-heeler.de\/fr\/?s={search_term_string}\"},\"query-input\":{\"@type\":\"PropertyValueSpecification\",\"valueRequired\":true,\"valueName\":\"search_term_string\"}}],\"inLanguage\":\"fr-FR\"},{\"@type\":\"Organization\",\"@id\":\"https:\/\/www.blue-heeler.de\/fr\/#organization\",\"name\":\"blue heeler Europe\",\"url\":\"https:\/\/www.blue-heeler.de\/fr\/\",\"logo\":{\"@type\":\"ImageObject\",\"inLanguage\":\"fr-FR\",\"@id\":\"https:\/\/www.blue-heeler.de\/fr\/#\/schema\/logo\/image\/\",\"url\":\"https:\/\/www.blue-heeler.de\/wp-content\/uploads\/Blue-Heeler-logo.png\",\"contentUrl\":\"https:\/\/www.blue-heeler.de\/wp-content\/uploads\/Blue-Heeler-logo.png\",\"width\":1024,\"height\":292,\"caption\":\"blue heeler Europe\"},\"image\":{\"@id\":\"https:\/\/www.blue-heeler.de\/fr\/#\/schema\/logo\/image\/\"}}]}<\/script>\n<!-- \/ Yoast SEO Premium plugin. -->","yoast_head_json":{"title":"OUTBACK KIDS bleu mauve | Blue Heeler Boots","description":"Acheter en ligne Hommes, Femmes & Enfants Petit patron Marron. Livraison gratuite. Retour facile. Qualit\u00e9 100% authentique. % de livraison gratuite","robots":{"index":"index","follow":"follow","max-snippet":"max-snippet:-1","max-image-preview":"max-image-preview:large","max-video-preview":"max-video-preview:-1"},"canonical":"https:\/\/www.blue-heeler.de\/fr\/Produkt\/outback-kids-bleu-mauve\/","og_locale":"fr_FR","og_type":"article","og_title":"OUTBACK KIDS bleu mauve | Blue Heeler Boots","og_description":"Acheter en ligne Hommes, Femmes & Enfants Petit patron Marron. Livraison gratuite. Retour facile. Qualit\u00e9 100% authentique. % de livraison gratuite","og_url":"https:\/\/www.blue-heeler.de\/fr\/Produkt\/outback-kids-bleu-mauve\/","og_site_name":"BLUE HEELER BOOTS","og_image":[{"width":1200,"height":1200,"url":"https:\/\/www.blue-heeler.de\/wp-content\/uploads\/887MV-00-1-20240501-162231.jpg","type":"image\/jpeg"}],"twitter_card":"summary_large_image","schema":{"@context":"https:\/\/schema.org","@graph":[{"@type":"WebPage","@id":"https:\/\/www.blue-heeler.de\/fr\/Produkt\/outback-kids-bleu-mauve\/","url":"https:\/\/www.blue-heeler.de\/fr\/Produkt\/outback-kids-bleu-mauve\/","name":"OUTBACK KIDS bleu mauve | Blue Heeler Boots","isPartOf":{"@id":"https:\/\/www.blue-heeler.de\/fr\/#website"},"primaryImageOfPage":{"@id":"https:\/\/www.blue-heeler.de\/fr\/Produkt\/outback-kids-bleu-mauve\/#primaryimage"},"image":{"@id":"https:\/\/www.blue-heeler.de\/fr\/Produkt\/outback-kids-bleu-mauve\/#primaryimage"},"thumbnailUrl":"https:\/\/www.blue-heeler.de\/wp-content\/uploads\/887MV-00-1-20240501-162231.jpg","datePublished":"2024-05-17T11:02:17+00:00","description":"Acheter en ligne Hommes, Femmes & Enfants Petit patron Marron. Livraison gratuite. Retour facile. Qualit\u00e9 100% authentique. % de livraison gratuite","breadcrumb":{"@id":"https:\/\/www.blue-heeler.de\/fr\/Produkt\/outback-kids-bleu-mauve\/#breadcrumb"},"inLanguage":"fr-FR","potentialAction":[{"@type":"ReadAction","target":["https:\/\/www.blue-heeler.de\/fr\/Produkt\/outback-kids-bleu-mauve\/"]}]},{"@type":"ImageObject","inLanguage":"fr-FR","@id":"https:\/\/www.blue-heeler.de\/fr\/Produkt\/outback-kids-bleu-mauve\/#primaryimage","url":"https:\/\/www.blue-heeler.de\/wp-content\/uploads\/887MV-00-1-20240501-162231.jpg","contentUrl":"https:\/\/www.blue-heeler.de\/wp-content\/uploads\/887MV-00-1-20240501-162231.jpg","width":1200,"height":1200},{"@type":"BreadcrumbList","@id":"https:\/\/www.blue-heeler.de\/fr\/Produkt\/outback-kids-bleu-mauve\/#breadcrumb","itemListElement":[{"@type":"ListItem","position":1,"name":"Startseite","item":"https:\/\/www.blue-heeler.de\/fr\/"},{"@type":"ListItem","position":2,"name":"Boutique","item":"https:\/\/www.blue-heeler.de\/fr\/boutique\/"},{"@type":"ListItem","position":3,"name":"OUTBACK KIDS bleu mauve"}]},{"@type":"WebSite","@id":"https:\/\/www.blue-heeler.de\/fr\/#website","url":"https:\/\/www.blue-heeler.de\/fr\/","name":"BLUE HEELER BOOTS","description":"","publisher":{"@id":"https:\/\/www.blue-heeler.de\/fr\/#organization"},"potentialAction":[{"@type":"SearchAction","target":{"@type":"EntryPoint","urlTemplate":"https:\/\/www.blue-heeler.de\/fr\/?s={search_term_string}"},"query-input":{"@type":"PropertyValueSpecification","valueRequired":true,"valueName":"search_term_string"}}],"inLanguage":"fr-FR"},{"@type":"Organization","@id":"https:\/\/www.blue-heeler.de\/fr\/#organization","name":"blue heeler Europe","url":"https:\/\/www.blue-heeler.de\/fr\/","logo":{"@type":"ImageObject","inLanguage":"fr-FR","@id":"https:\/\/www.blue-heeler.de\/fr\/#\/schema\/logo\/image\/","url":"https:\/\/www.blue-heeler.de\/wp-content\/uploads\/Blue-Heeler-logo.png","contentUrl":"https:\/\/www.blue-heeler.de\/wp-content\/uploads\/Blue-Heeler-logo.png","width":1024,"height":292,"caption":"blue heeler Europe"},"image":{"@id":"https:\/\/www.blue-heeler.de\/fr\/#\/schema\/logo\/image\/"}}]}},"_links":{"self":[{"href":"https:\/\/www.blue-heeler.de\/fr\/wp-json\/wp\/v2\/product\/89989","targetHints":{"allow":["GET"]}}],"collection":[{"href":"https:\/\/www.blue-heeler.de\/fr\/wp-json\/wp\/v2\/product"}],"about":[{"href":"https:\/\/www.blue-heeler.de\/fr\/wp-json\/wp\/v2\/types\/product"}],"replies":[{"embeddable":true,"href":"https:\/\/www.blue-heeler.de\/fr\/wp-json\/wp\/v2\/comments?post=89989"}],"wp:featuredmedia":[{"embeddable":true,"href":"https:\/\/www.blue-heeler.de\/fr\/wp-json\/wp\/v2\/media\/89990"}],"wp:attachment":[{"href":"https:\/\/www.blue-heeler.de\/fr\/wp-json\/wp\/v2\/media?parent=89989"}],"wp:term":[{"taxonomy":"product_brand","embeddable":true,"href":"https:\/\/www.blue-heeler.de\/fr\/wp-json\/wp\/v2\/product_brand?post=89989"},{"taxonomy":"product_cat","embeddable":true,"href":"https:\/\/www.blue-heeler.de\/fr\/wp-json\/wp\/v2\/product_cat?post=89989"},{"taxonomy":"product_tag","embeddable":true,"href":"https:\/\/www.blue-heeler.de\/fr\/wp-json\/wp\/v2\/product_tag?post=89989"},{"taxonomy":"giftcard-category","embeddable":true,"href":"https:\/\/www.blue-heeler.de\/fr\/wp-json\/wp\/v2\/giftcard-category?post=89989"}],"curies":[{"name":"wp","href":"https:\/\/api.w.org\/{rel}","templated":true}]}}