{"id":89884,"date":"2023-08-16T08:59:09","date_gmt":"2024-05-17T10:27:20","guid":{"rendered":"http:\/\/blue-heeler.de\/produkt\/molly-noir\/"},"modified":"2024-05-17T12:27:20","modified_gmt":"2024-05-17T10:27:20","slug":"molly-noir","status":"publish","type":"product","link":"https:\/\/www.blue-heeler.de\/fr\/Produkt\/molly-noir\/","title":{"rendered":"MOLLY noir"},"content":{"rendered":"<h1>MOLLY<\/h1>\n<h3>Veuillez commander une taille sup\u00e9rieure !<\/h3>\n<p>Blue Heelers bottine chelsea classique avec semelle plateforme tendance pour des tenues cool. La doublure int\u00e9rieure douillette 100% fourrure d&rsquo;agneau garde les pieds au chaud et vous invite \u00e0 vous y glisser pieds nus. Fabriqu\u00e9 au Portugal pour des distances de transport r\u00e9duites. \u00c9quip\u00e9 d&rsquo;une vo\u00fbte plantaire amovible, il convient \u00e9galement aux semelles orthop\u00e9diques.<\/p>\n<ul>\n<li>Semelle amovible : Oui<\/li>\n<li>Semelle de propret\u00e9 \/ semelle int\u00e9rieure : PU avec garniture en fourrure d&rsquo;agneau<\/li>\n<li>Hauteur du talon : 3.5 cm<\/li>\n<li>Hauteur de la plate-forme \u00e0 l&rsquo;avant-pied : 2,5 cm<\/li>\n<li>Forme du talon : Talon bloc plat<\/li>\n<li>Doublure : fourrure d&rsquo;agneau douillette<\/li>\n<li>Dessus : cuir de vache<\/li>\n<li>Fermeture : \u00e0 enfiler<\/li>\n<li>Largeur de la chaussure : Normal (G)<\/li>\n<li>Semelle ext\u00e9rieure profil\u00e9e<\/li>\n<li>Semelle ext\u00e9rieure\/ext\u00e9rieure : EVA<\/li>\n<li>Inserts lat\u00e9raux en stretch<\/li>\n<li>Une tirette logo \u00e0 l&rsquo;arri\u00e8re de la tige<\/li>\n<li>Blue Heeler embl\u00e8me en cuir sur la tige<\/li>\n<li>Tr\u00e8s agr\u00e9able \u00e0 porter pieds nus<\/li>\n<\/ul>\n","protected":false},"excerpt":{"rendered":"<h2>MOLLY<\/h2>\n<p>Blue Heelers bottine chelsea classique avec semelle plateforme tendance pour des tenues cool. La doublure int\u00e9rieure douillette 100% fourrure d&rsquo;agneau garde les pieds au chaud et vous invite \u00e0 vous y glisser pieds nus. Fabriqu\u00e9 au Portugal pour des distances de transport r\u00e9duites. \u00c9quip\u00e9 d&rsquo;une vo\u00fbte plantaire amovible, il convient \u00e9galement aux semelles orthop\u00e9diques.<\/p>\n","protected":false},"featured_media":89885,"comment_status":"closed","ping_status":"closed","template":"","meta":{"inline_featured_image":false},"product_brand":[],"product_cat":[1305,1311],"product_tag":[833,839,1067,851,1046,1070,905,881,1372,1007,1235,1208,938],"giftcard-category":[],"class_list":{"0":"post-89884","1":"product","2":"type-product","3":"status-publish","4":"has-post-thumbnail","6":"product_cat-chaussures-pour-femmes","7":"product_cat-bottes-bottines-pour-femmes","8":"product_tag-australie","9":"product_tag-bottes","10":"product_tag-bottes-fr","11":"product_tag-bottes-de-chelsea","12":"product_tag-bottine-a-enfiler","13":"product_tag-bottines","14":"product_tag-cuir-lisse","15":"product_tag-cuir-veritable","16":"product_tag-double","17":"product_tag-en-plein-air","18":"product_tag-hydrofuge-fr","19":"product_tag-noir","20":"product_tag-peau-de-mouton","21":"pa_groesse-36-eu-35-uk","22":"pa_groesse-37-eu-4-uk","23":"pa_groesse-38-eu-5-uk","24":"pa_groesse-39-eu-6-uk","25":"pa_groesse-40-eu-65-uk","26":"pa_groesse-41-eu-7-uk","27":"pa_groesse-42-eu-8-uk","28":"pa_groesse-43-eu-9-uk","30":"first","31":"instock","32":"taxable","33":"shipping-taxable","34":"purchasable","35":"product-type-variable"},"yoast_head":"<!-- This site is optimized with the Yoast SEO Premium plugin v26.6 (Yoast SEO v26.5) - https:\/\/yoast.com\/wordpress\/plugins\/seo\/ -->\n<title>MOLLY noir | Blue Heeler Boots<\/title>\n<meta name=\"description\" content=\"Acheter en ligne Hommes,Acheter en ligne Hommes, Femmes &amp; Enfants . Livraison gratuite. Retour facile. Qualit\u00e9 100% authentique. Livraison gratuite. Talon bleu\" \/>\n<meta name=\"robots\" content=\"index, follow, max-snippet:-1, max-image-preview:large, max-video-preview:-1\" \/>\n<link rel=\"canonical\" href=\"https:\/\/www.blue-heeler.de\/fr\/Produkt\/molly-noir\/\" \/>\n<meta property=\"og:locale\" content=\"fr_FR\" \/>\n<meta property=\"og:type\" content=\"article\" \/>\n<meta property=\"og:title\" content=\"MOLLY noir | Blue Heeler Boots\" \/>\n<meta property=\"og:description\" content=\"Acheter en ligne Hommes,Acheter en ligne Hommes, Femmes &amp; Enfants . Livraison gratuite. Retour facile. Qualit\u00e9 100% authentique. Livraison gratuite. Talon bleu\" \/>\n<meta property=\"og:url\" content=\"https:\/\/www.blue-heeler.de\/fr\/Produkt\/molly-noir\/\" \/>\n<meta property=\"og:site_name\" content=\"BLUE HEELER BOOTS\" \/>\n<meta property=\"og:image\" content=\"https:\/\/www.blue-heeler.de\/wp-content\/uploads\/1204-Molly-00-1.jpg\" \/>\n\t<meta property=\"og:image:width\" content=\"1200\" \/>\n\t<meta property=\"og:image:height\" content=\"1200\" \/>\n\t<meta property=\"og:image:type\" content=\"image\/jpeg\" \/>\n<meta name=\"twitter:card\" content=\"summary_large_image\" \/>\n<script type=\"application\/ld+json\" class=\"yoast-schema-graph\">{\"@context\":\"https:\/\/schema.org\",\"@graph\":[{\"@type\":\"WebPage\",\"@id\":\"https:\/\/www.blue-heeler.de\/fr\/Produkt\/molly-noir\/\",\"url\":\"https:\/\/www.blue-heeler.de\/fr\/Produkt\/molly-noir\/\",\"name\":\"MOLLY noir | Blue Heeler Boots\",\"isPartOf\":{\"@id\":\"https:\/\/www.blue-heeler.de\/fr\/#website\"},\"primaryImageOfPage\":{\"@id\":\"https:\/\/www.blue-heeler.de\/fr\/Produkt\/molly-noir\/#primaryimage\"},\"image\":{\"@id\":\"https:\/\/www.blue-heeler.de\/fr\/Produkt\/molly-noir\/#primaryimage\"},\"thumbnailUrl\":\"https:\/\/www.blue-heeler.de\/wp-content\/uploads\/1204-Molly-00-1.jpg\",\"datePublished\":\"2024-05-17T10:27:20+00:00\",\"description\":\"Acheter en ligne Hommes,Acheter en ligne Hommes, Femmes & Enfants . Livraison gratuite. Retour facile. Qualit\u00e9 100% authentique. Livraison gratuite. Talon bleu\",\"breadcrumb\":{\"@id\":\"https:\/\/www.blue-heeler.de\/fr\/Produkt\/molly-noir\/#breadcrumb\"},\"inLanguage\":\"fr-FR\",\"potentialAction\":[{\"@type\":\"ReadAction\",\"target\":[\"https:\/\/www.blue-heeler.de\/fr\/Produkt\/molly-noir\/\"]}]},{\"@type\":\"ImageObject\",\"inLanguage\":\"fr-FR\",\"@id\":\"https:\/\/www.blue-heeler.de\/fr\/Produkt\/molly-noir\/#primaryimage\",\"url\":\"https:\/\/www.blue-heeler.de\/wp-content\/uploads\/1204-Molly-00-1.jpg\",\"contentUrl\":\"https:\/\/www.blue-heeler.de\/wp-content\/uploads\/1204-Molly-00-1.jpg\",\"width\":1200,\"height\":1200},{\"@type\":\"BreadcrumbList\",\"@id\":\"https:\/\/www.blue-heeler.de\/fr\/Produkt\/molly-noir\/#breadcrumb\",\"itemListElement\":[{\"@type\":\"ListItem\",\"position\":1,\"name\":\"Startseite\",\"item\":\"https:\/\/www.blue-heeler.de\/fr\/\"},{\"@type\":\"ListItem\",\"position\":2,\"name\":\"Boutique\",\"item\":\"https:\/\/www.blue-heeler.de\/fr\/boutique\/\"},{\"@type\":\"ListItem\",\"position\":3,\"name\":\"MOLLY noir\"}]},{\"@type\":\"WebSite\",\"@id\":\"https:\/\/www.blue-heeler.de\/fr\/#website\",\"url\":\"https:\/\/www.blue-heeler.de\/fr\/\",\"name\":\"BLUE HEELER BOOTS\",\"description\":\"\",\"publisher\":{\"@id\":\"https:\/\/www.blue-heeler.de\/fr\/#organization\"},\"potentialAction\":[{\"@type\":\"SearchAction\",\"target\":{\"@type\":\"EntryPoint\",\"urlTemplate\":\"https:\/\/www.blue-heeler.de\/fr\/?s={search_term_string}\"},\"query-input\":{\"@type\":\"PropertyValueSpecification\",\"valueRequired\":true,\"valueName\":\"search_term_string\"}}],\"inLanguage\":\"fr-FR\"},{\"@type\":\"Organization\",\"@id\":\"https:\/\/www.blue-heeler.de\/fr\/#organization\",\"name\":\"blue heeler Europe\",\"url\":\"https:\/\/www.blue-heeler.de\/fr\/\",\"logo\":{\"@type\":\"ImageObject\",\"inLanguage\":\"fr-FR\",\"@id\":\"https:\/\/www.blue-heeler.de\/fr\/#\/schema\/logo\/image\/\",\"url\":\"https:\/\/www.blue-heeler.de\/wp-content\/uploads\/Blue-Heeler-logo.png\",\"contentUrl\":\"https:\/\/www.blue-heeler.de\/wp-content\/uploads\/Blue-Heeler-logo.png\",\"width\":1024,\"height\":292,\"caption\":\"blue heeler Europe\"},\"image\":{\"@id\":\"https:\/\/www.blue-heeler.de\/fr\/#\/schema\/logo\/image\/\"}}]}<\/script>\n<!-- \/ Yoast SEO Premium plugin. -->","yoast_head_json":{"title":"MOLLY noir | Blue Heeler Boots","description":"Acheter en ligne Hommes,Acheter en ligne Hommes, Femmes & Enfants . Livraison gratuite. Retour facile. Qualit\u00e9 100% authentique. Livraison gratuite. Talon bleu","robots":{"index":"index","follow":"follow","max-snippet":"max-snippet:-1","max-image-preview":"max-image-preview:large","max-video-preview":"max-video-preview:-1"},"canonical":"https:\/\/www.blue-heeler.de\/fr\/Produkt\/molly-noir\/","og_locale":"fr_FR","og_type":"article","og_title":"MOLLY noir | Blue Heeler Boots","og_description":"Acheter en ligne Hommes,Acheter en ligne Hommes, Femmes & Enfants . Livraison gratuite. Retour facile. Qualit\u00e9 100% authentique. Livraison gratuite. Talon bleu","og_url":"https:\/\/www.blue-heeler.de\/fr\/Produkt\/molly-noir\/","og_site_name":"BLUE HEELER BOOTS","og_image":[{"width":1200,"height":1200,"url":"https:\/\/www.blue-heeler.de\/wp-content\/uploads\/1204-Molly-00-1.jpg","type":"image\/jpeg"}],"twitter_card":"summary_large_image","schema":{"@context":"https:\/\/schema.org","@graph":[{"@type":"WebPage","@id":"https:\/\/www.blue-heeler.de\/fr\/Produkt\/molly-noir\/","url":"https:\/\/www.blue-heeler.de\/fr\/Produkt\/molly-noir\/","name":"MOLLY noir | Blue Heeler Boots","isPartOf":{"@id":"https:\/\/www.blue-heeler.de\/fr\/#website"},"primaryImageOfPage":{"@id":"https:\/\/www.blue-heeler.de\/fr\/Produkt\/molly-noir\/#primaryimage"},"image":{"@id":"https:\/\/www.blue-heeler.de\/fr\/Produkt\/molly-noir\/#primaryimage"},"thumbnailUrl":"https:\/\/www.blue-heeler.de\/wp-content\/uploads\/1204-Molly-00-1.jpg","datePublished":"2024-05-17T10:27:20+00:00","description":"Acheter en ligne Hommes,Acheter en ligne Hommes, Femmes & Enfants . Livraison gratuite. Retour facile. Qualit\u00e9 100% authentique. Livraison gratuite. Talon bleu","breadcrumb":{"@id":"https:\/\/www.blue-heeler.de\/fr\/Produkt\/molly-noir\/#breadcrumb"},"inLanguage":"fr-FR","potentialAction":[{"@type":"ReadAction","target":["https:\/\/www.blue-heeler.de\/fr\/Produkt\/molly-noir\/"]}]},{"@type":"ImageObject","inLanguage":"fr-FR","@id":"https:\/\/www.blue-heeler.de\/fr\/Produkt\/molly-noir\/#primaryimage","url":"https:\/\/www.blue-heeler.de\/wp-content\/uploads\/1204-Molly-00-1.jpg","contentUrl":"https:\/\/www.blue-heeler.de\/wp-content\/uploads\/1204-Molly-00-1.jpg","width":1200,"height":1200},{"@type":"BreadcrumbList","@id":"https:\/\/www.blue-heeler.de\/fr\/Produkt\/molly-noir\/#breadcrumb","itemListElement":[{"@type":"ListItem","position":1,"name":"Startseite","item":"https:\/\/www.blue-heeler.de\/fr\/"},{"@type":"ListItem","position":2,"name":"Boutique","item":"https:\/\/www.blue-heeler.de\/fr\/boutique\/"},{"@type":"ListItem","position":3,"name":"MOLLY noir"}]},{"@type":"WebSite","@id":"https:\/\/www.blue-heeler.de\/fr\/#website","url":"https:\/\/www.blue-heeler.de\/fr\/","name":"BLUE HEELER BOOTS","description":"","publisher":{"@id":"https:\/\/www.blue-heeler.de\/fr\/#organization"},"potentialAction":[{"@type":"SearchAction","target":{"@type":"EntryPoint","urlTemplate":"https:\/\/www.blue-heeler.de\/fr\/?s={search_term_string}"},"query-input":{"@type":"PropertyValueSpecification","valueRequired":true,"valueName":"search_term_string"}}],"inLanguage":"fr-FR"},{"@type":"Organization","@id":"https:\/\/www.blue-heeler.de\/fr\/#organization","name":"blue heeler Europe","url":"https:\/\/www.blue-heeler.de\/fr\/","logo":{"@type":"ImageObject","inLanguage":"fr-FR","@id":"https:\/\/www.blue-heeler.de\/fr\/#\/schema\/logo\/image\/","url":"https:\/\/www.blue-heeler.de\/wp-content\/uploads\/Blue-Heeler-logo.png","contentUrl":"https:\/\/www.blue-heeler.de\/wp-content\/uploads\/Blue-Heeler-logo.png","width":1024,"height":292,"caption":"blue heeler Europe"},"image":{"@id":"https:\/\/www.blue-heeler.de\/fr\/#\/schema\/logo\/image\/"}}]}},"_links":{"self":[{"href":"https:\/\/www.blue-heeler.de\/fr\/wp-json\/wp\/v2\/product\/89884","targetHints":{"allow":["GET"]}}],"collection":[{"href":"https:\/\/www.blue-heeler.de\/fr\/wp-json\/wp\/v2\/product"}],"about":[{"href":"https:\/\/www.blue-heeler.de\/fr\/wp-json\/wp\/v2\/types\/product"}],"replies":[{"embeddable":true,"href":"https:\/\/www.blue-heeler.de\/fr\/wp-json\/wp\/v2\/comments?post=89884"}],"wp:featuredmedia":[{"embeddable":true,"href":"https:\/\/www.blue-heeler.de\/fr\/wp-json\/wp\/v2\/media\/89885"}],"wp:attachment":[{"href":"https:\/\/www.blue-heeler.de\/fr\/wp-json\/wp\/v2\/media?parent=89884"}],"wp:term":[{"taxonomy":"product_brand","embeddable":true,"href":"https:\/\/www.blue-heeler.de\/fr\/wp-json\/wp\/v2\/product_brand?post=89884"},{"taxonomy":"product_cat","embeddable":true,"href":"https:\/\/www.blue-heeler.de\/fr\/wp-json\/wp\/v2\/product_cat?post=89884"},{"taxonomy":"product_tag","embeddable":true,"href":"https:\/\/www.blue-heeler.de\/fr\/wp-json\/wp\/v2\/product_tag?post=89884"},{"taxonomy":"giftcard-category","embeddable":true,"href":"https:\/\/www.blue-heeler.de\/fr\/wp-json\/wp\/v2\/giftcard-category?post=89884"}],"curies":[{"name":"wp","href":"https:\/\/api.w.org\/{rel}","templated":true}]}}