{"id":89847,"date":"2024-01-31T20:13:23","date_gmt":"2024-05-17T10:23:05","guid":{"rendered":"http:\/\/blue-heeler.de\/produkt\/molly-raw-rose-orchidee\/"},"modified":"2024-05-17T12:23:05","modified_gmt":"2024-05-17T10:23:05","slug":"molly-raw-rose-orchidee","status":"publish","type":"product","link":"https:\/\/www.blue-heeler.de\/fr\/Produkt\/molly-raw-rose-orchidee\/","title":{"rendered":"MOLLY RAW rose orchid\u00e9e"},"content":{"rendered":"<h1>MOLLY RAW rose orchid\u00e9e<\/h1>\n<p>Blue Heelers bottine chelsea classique avec semelle plateforme tendance pour des tenues cool. La doublure int\u00e9rieure douillette 100% fourrure d&rsquo;agneau garde les pieds au chaud et vous invite \u00e0 vous y glisser pieds nus. Fabriqu\u00e9 au Portugal pour des distances de transport r\u00e9duites. \u00c9quip\u00e9 d&rsquo;une vo\u00fbte plantaire amovible, il convient \u00e9galement aux semelles orthop\u00e9diques.<\/p>\n<ul>\n<li>Semelle amovible : Oui<\/li>\n<li>Semelle de propret\u00e9 \/ semelle int\u00e9rieure : PU avec garniture en fourrure d&rsquo;agneau<\/li>\n<li>Hauteur du talon : 3.5 cm<\/li>\n<li>Hauteur de la plate-forme \u00e0 l&rsquo;avant-pied : 2,5 cm<\/li>\n<li>Forme du talon : Talon bloc plat<\/li>\n<li>Doublure : fourrure d&rsquo;agneau douillette<\/li>\n<li>Tige : daim cir\u00e9<\/li>\n<li>Fermeture : \u00e0 enfiler<\/li>\n<li>Largeur de la chaussure : Normal (G)<\/li>\n<li>Semelle ext\u00e9rieure profil\u00e9e<\/li>\n<li>Semelle ext\u00e9rieure\/ext\u00e9rieure : EVA<\/li>\n<li>Inserts lat\u00e9raux en stretch<\/li>\n<li>Une tirette logo \u00e0 l&rsquo;arri\u00e8re de la tige<\/li>\n<li>Blue Heeler embl\u00e8me en cuir sur la tige<\/li>\n<li>Tr\u00e8s agr\u00e9able \u00e0 porter pieds nus<\/li>\n<\/ul>\n","protected":false},"excerpt":{"rendered":"<h1>MOLLY RAW<\/h1>\n<p>Blue Heelers bottine chelsea classique avec semelle plateforme tendance pour des tenues cool. La doublure int\u00e9rieure douillette 100% fourrure d&rsquo;agneau garde les pieds au chaud et vous invite \u00e0 vous y glisser pieds nus. Fabriqu\u00e9 au Portugal pour des distances de transport r\u00e9duites. \u00c9quip\u00e9 d&rsquo;une vo\u00fbte plantaire amovible, il convient \u00e9galement aux semelles orthop\u00e9diques.<\/p>\n","protected":false},"featured_media":89848,"comment_status":"closed","ping_status":"closed","template":"","meta":{"inline_featured_image":false},"product_brand":[],"product_cat":[1305,1311],"product_tag":[],"giftcard-category":[],"class_list":{"0":"post-89847","1":"product","2":"type-product","3":"status-publish","4":"has-post-thumbnail","6":"product_cat-chaussures-pour-femmes","7":"product_cat-bottes-bottines-pour-femmes","8":"pa_groesse-36-eu-35-uk","9":"pa_groesse-37-eu-4-uk","10":"pa_groesse-38-eu-5-uk","11":"pa_groesse-39-eu-6-uk","12":"pa_groesse-40-eu-65-uk","13":"pa_groesse-41-eu-7-uk","14":"pa_groesse-42-eu-8-uk","15":"pa_groesse-43-eu-9-uk","17":"first","18":"instock","19":"taxable","20":"shipping-taxable","21":"purchasable","22":"product-type-variable"},"yoast_head":"<!-- This site is optimized with the Yoast SEO Premium plugin v26.6 (Yoast SEO v26.5) - https:\/\/yoast.com\/wordpress\/plugins\/seo\/ -->\n<title>MOLLY RAW orchid pink | Bottes Blue Heeler<\/title>\n<meta name=\"description\" content=\"Acheter en ligne Hommes, Femmes &amp; Enfants . Livraison gratuite. Retour facile. 100% Qualit\u00e9 authentique.Livraison gratuite. Talon bleu\" \/>\n<meta name=\"robots\" content=\"index, follow, max-snippet:-1, max-image-preview:large, max-video-preview:-1\" \/>\n<link rel=\"canonical\" href=\"https:\/\/www.blue-heeler.de\/fr\/Produkt\/molly-raw-rose-orchidee\/\" \/>\n<meta property=\"og:locale\" content=\"fr_FR\" \/>\n<meta property=\"og:type\" content=\"article\" \/>\n<meta property=\"og:title\" content=\"MOLLY RAW orchid pink | Bottes Blue Heeler\" \/>\n<meta property=\"og:description\" content=\"Acheter en ligne Hommes, Femmes &amp; Enfants . Livraison gratuite. Retour facile. 100% Qualit\u00e9 authentique.Livraison gratuite. Talon bleu\" \/>\n<meta property=\"og:url\" content=\"https:\/\/www.blue-heeler.de\/fr\/Produkt\/molly-raw-rose-orchidee\/\" \/>\n<meta property=\"og:site_name\" content=\"BLUE HEELER BOOTS\" \/>\n<meta property=\"og:image\" content=\"https:\/\/www.blue-heeler.de\/wp-content\/uploads\/1201PK.01-20240501-162306.jpeg\" \/>\n\t<meta property=\"og:image:width\" content=\"1200\" \/>\n\t<meta property=\"og:image:height\" content=\"1200\" \/>\n\t<meta property=\"og:image:type\" content=\"image\/jpeg\" \/>\n<meta name=\"twitter:card\" content=\"summary_large_image\" \/>\n<script type=\"application\/ld+json\" class=\"yoast-schema-graph\">{\"@context\":\"https:\/\/schema.org\",\"@graph\":[{\"@type\":\"WebPage\",\"@id\":\"https:\/\/www.blue-heeler.de\/fr\/Produkt\/molly-raw-rose-orchidee\/\",\"url\":\"https:\/\/www.blue-heeler.de\/fr\/Produkt\/molly-raw-rose-orchidee\/\",\"name\":\"MOLLY RAW orchid pink | Bottes Blue Heeler\",\"isPartOf\":{\"@id\":\"https:\/\/www.blue-heeler.de\/fr\/#website\"},\"primaryImageOfPage\":{\"@id\":\"https:\/\/www.blue-heeler.de\/fr\/Produkt\/molly-raw-rose-orchidee\/#primaryimage\"},\"image\":{\"@id\":\"https:\/\/www.blue-heeler.de\/fr\/Produkt\/molly-raw-rose-orchidee\/#primaryimage\"},\"thumbnailUrl\":\"https:\/\/www.blue-heeler.de\/wp-content\/uploads\/1201PK.01-20240501-162306.jpeg\",\"datePublished\":\"2024-05-17T10:23:05+00:00\",\"description\":\"Acheter en ligne Hommes, Femmes & Enfants . Livraison gratuite. Retour facile. 100% Qualit\u00e9 authentique.Livraison gratuite. Talon bleu\",\"breadcrumb\":{\"@id\":\"https:\/\/www.blue-heeler.de\/fr\/Produkt\/molly-raw-rose-orchidee\/#breadcrumb\"},\"inLanguage\":\"fr-FR\",\"potentialAction\":[{\"@type\":\"ReadAction\",\"target\":[\"https:\/\/www.blue-heeler.de\/fr\/Produkt\/molly-raw-rose-orchidee\/\"]}]},{\"@type\":\"ImageObject\",\"inLanguage\":\"fr-FR\",\"@id\":\"https:\/\/www.blue-heeler.de\/fr\/Produkt\/molly-raw-rose-orchidee\/#primaryimage\",\"url\":\"https:\/\/www.blue-heeler.de\/wp-content\/uploads\/1201PK.01-20240501-162306.jpeg\",\"contentUrl\":\"https:\/\/www.blue-heeler.de\/wp-content\/uploads\/1201PK.01-20240501-162306.jpeg\",\"width\":1200,\"height\":1200},{\"@type\":\"BreadcrumbList\",\"@id\":\"https:\/\/www.blue-heeler.de\/fr\/Produkt\/molly-raw-rose-orchidee\/#breadcrumb\",\"itemListElement\":[{\"@type\":\"ListItem\",\"position\":1,\"name\":\"Startseite\",\"item\":\"https:\/\/www.blue-heeler.de\/fr\/\"},{\"@type\":\"ListItem\",\"position\":2,\"name\":\"Boutique\",\"item\":\"https:\/\/www.blue-heeler.de\/fr\/boutique\/\"},{\"@type\":\"ListItem\",\"position\":3,\"name\":\"MOLLY RAW rose orchid\u00e9e\"}]},{\"@type\":\"WebSite\",\"@id\":\"https:\/\/www.blue-heeler.de\/fr\/#website\",\"url\":\"https:\/\/www.blue-heeler.de\/fr\/\",\"name\":\"BLUE HEELER BOOTS\",\"description\":\"\",\"publisher\":{\"@id\":\"https:\/\/www.blue-heeler.de\/fr\/#organization\"},\"potentialAction\":[{\"@type\":\"SearchAction\",\"target\":{\"@type\":\"EntryPoint\",\"urlTemplate\":\"https:\/\/www.blue-heeler.de\/fr\/?s={search_term_string}\"},\"query-input\":{\"@type\":\"PropertyValueSpecification\",\"valueRequired\":true,\"valueName\":\"search_term_string\"}}],\"inLanguage\":\"fr-FR\"},{\"@type\":\"Organization\",\"@id\":\"https:\/\/www.blue-heeler.de\/fr\/#organization\",\"name\":\"blue heeler Europe\",\"url\":\"https:\/\/www.blue-heeler.de\/fr\/\",\"logo\":{\"@type\":\"ImageObject\",\"inLanguage\":\"fr-FR\",\"@id\":\"https:\/\/www.blue-heeler.de\/fr\/#\/schema\/logo\/image\/\",\"url\":\"https:\/\/www.blue-heeler.de\/wp-content\/uploads\/Blue-Heeler-logo.png\",\"contentUrl\":\"https:\/\/www.blue-heeler.de\/wp-content\/uploads\/Blue-Heeler-logo.png\",\"width\":1024,\"height\":292,\"caption\":\"blue heeler Europe\"},\"image\":{\"@id\":\"https:\/\/www.blue-heeler.de\/fr\/#\/schema\/logo\/image\/\"}}]}<\/script>\n<!-- \/ Yoast SEO Premium plugin. -->","yoast_head_json":{"title":"MOLLY RAW orchid pink | Bottes Blue Heeler","description":"Acheter en ligne Hommes, Femmes & Enfants . Livraison gratuite. Retour facile. 100% Qualit\u00e9 authentique.Livraison gratuite. Talon bleu","robots":{"index":"index","follow":"follow","max-snippet":"max-snippet:-1","max-image-preview":"max-image-preview:large","max-video-preview":"max-video-preview:-1"},"canonical":"https:\/\/www.blue-heeler.de\/fr\/Produkt\/molly-raw-rose-orchidee\/","og_locale":"fr_FR","og_type":"article","og_title":"MOLLY RAW orchid pink | Bottes Blue Heeler","og_description":"Acheter en ligne Hommes, Femmes & Enfants . Livraison gratuite. Retour facile. 100% Qualit\u00e9 authentique.Livraison gratuite. Talon bleu","og_url":"https:\/\/www.blue-heeler.de\/fr\/Produkt\/molly-raw-rose-orchidee\/","og_site_name":"BLUE HEELER BOOTS","og_image":[{"width":1200,"height":1200,"url":"https:\/\/www.blue-heeler.de\/wp-content\/uploads\/1201PK.01-20240501-162306.jpeg","type":"image\/jpeg"}],"twitter_card":"summary_large_image","schema":{"@context":"https:\/\/schema.org","@graph":[{"@type":"WebPage","@id":"https:\/\/www.blue-heeler.de\/fr\/Produkt\/molly-raw-rose-orchidee\/","url":"https:\/\/www.blue-heeler.de\/fr\/Produkt\/molly-raw-rose-orchidee\/","name":"MOLLY RAW orchid pink | Bottes Blue Heeler","isPartOf":{"@id":"https:\/\/www.blue-heeler.de\/fr\/#website"},"primaryImageOfPage":{"@id":"https:\/\/www.blue-heeler.de\/fr\/Produkt\/molly-raw-rose-orchidee\/#primaryimage"},"image":{"@id":"https:\/\/www.blue-heeler.de\/fr\/Produkt\/molly-raw-rose-orchidee\/#primaryimage"},"thumbnailUrl":"https:\/\/www.blue-heeler.de\/wp-content\/uploads\/1201PK.01-20240501-162306.jpeg","datePublished":"2024-05-17T10:23:05+00:00","description":"Acheter en ligne Hommes, Femmes & Enfants . Livraison gratuite. Retour facile. 100% Qualit\u00e9 authentique.Livraison gratuite. Talon bleu","breadcrumb":{"@id":"https:\/\/www.blue-heeler.de\/fr\/Produkt\/molly-raw-rose-orchidee\/#breadcrumb"},"inLanguage":"fr-FR","potentialAction":[{"@type":"ReadAction","target":["https:\/\/www.blue-heeler.de\/fr\/Produkt\/molly-raw-rose-orchidee\/"]}]},{"@type":"ImageObject","inLanguage":"fr-FR","@id":"https:\/\/www.blue-heeler.de\/fr\/Produkt\/molly-raw-rose-orchidee\/#primaryimage","url":"https:\/\/www.blue-heeler.de\/wp-content\/uploads\/1201PK.01-20240501-162306.jpeg","contentUrl":"https:\/\/www.blue-heeler.de\/wp-content\/uploads\/1201PK.01-20240501-162306.jpeg","width":1200,"height":1200},{"@type":"BreadcrumbList","@id":"https:\/\/www.blue-heeler.de\/fr\/Produkt\/molly-raw-rose-orchidee\/#breadcrumb","itemListElement":[{"@type":"ListItem","position":1,"name":"Startseite","item":"https:\/\/www.blue-heeler.de\/fr\/"},{"@type":"ListItem","position":2,"name":"Boutique","item":"https:\/\/www.blue-heeler.de\/fr\/boutique\/"},{"@type":"ListItem","position":3,"name":"MOLLY RAW rose orchid\u00e9e"}]},{"@type":"WebSite","@id":"https:\/\/www.blue-heeler.de\/fr\/#website","url":"https:\/\/www.blue-heeler.de\/fr\/","name":"BLUE HEELER BOOTS","description":"","publisher":{"@id":"https:\/\/www.blue-heeler.de\/fr\/#organization"},"potentialAction":[{"@type":"SearchAction","target":{"@type":"EntryPoint","urlTemplate":"https:\/\/www.blue-heeler.de\/fr\/?s={search_term_string}"},"query-input":{"@type":"PropertyValueSpecification","valueRequired":true,"valueName":"search_term_string"}}],"inLanguage":"fr-FR"},{"@type":"Organization","@id":"https:\/\/www.blue-heeler.de\/fr\/#organization","name":"blue heeler Europe","url":"https:\/\/www.blue-heeler.de\/fr\/","logo":{"@type":"ImageObject","inLanguage":"fr-FR","@id":"https:\/\/www.blue-heeler.de\/fr\/#\/schema\/logo\/image\/","url":"https:\/\/www.blue-heeler.de\/wp-content\/uploads\/Blue-Heeler-logo.png","contentUrl":"https:\/\/www.blue-heeler.de\/wp-content\/uploads\/Blue-Heeler-logo.png","width":1024,"height":292,"caption":"blue heeler Europe"},"image":{"@id":"https:\/\/www.blue-heeler.de\/fr\/#\/schema\/logo\/image\/"}}]}},"_links":{"self":[{"href":"https:\/\/www.blue-heeler.de\/fr\/wp-json\/wp\/v2\/product\/89847","targetHints":{"allow":["GET"]}}],"collection":[{"href":"https:\/\/www.blue-heeler.de\/fr\/wp-json\/wp\/v2\/product"}],"about":[{"href":"https:\/\/www.blue-heeler.de\/fr\/wp-json\/wp\/v2\/types\/product"}],"replies":[{"embeddable":true,"href":"https:\/\/www.blue-heeler.de\/fr\/wp-json\/wp\/v2\/comments?post=89847"}],"wp:featuredmedia":[{"embeddable":true,"href":"https:\/\/www.blue-heeler.de\/fr\/wp-json\/wp\/v2\/media\/89848"}],"wp:attachment":[{"href":"https:\/\/www.blue-heeler.de\/fr\/wp-json\/wp\/v2\/media?parent=89847"}],"wp:term":[{"taxonomy":"product_brand","embeddable":true,"href":"https:\/\/www.blue-heeler.de\/fr\/wp-json\/wp\/v2\/product_brand?post=89847"},{"taxonomy":"product_cat","embeddable":true,"href":"https:\/\/www.blue-heeler.de\/fr\/wp-json\/wp\/v2\/product_cat?post=89847"},{"taxonomy":"product_tag","embeddable":true,"href":"https:\/\/www.blue-heeler.de\/fr\/wp-json\/wp\/v2\/product_tag?post=89847"},{"taxonomy":"giftcard-category","embeddable":true,"href":"https:\/\/www.blue-heeler.de\/fr\/wp-json\/wp\/v2\/giftcard-category?post=89847"}],"curies":[{"name":"wp","href":"https:\/\/api.w.org\/{rel}","templated":true}]}}