{"id":89557,"date":"2024-03-04T12:10:30","date_gmt":"2024-05-17T10:09:03","guid":{"rendered":"http:\/\/blue-heeler.de\/produkt\/fraser-raw-kaki-2\/"},"modified":"2024-05-17T12:09:03","modified_gmt":"2024-05-17T10:09:03","slug":"fraser-raw-kaki-2","status":"publish","type":"product","link":"https:\/\/www.blue-heeler.de\/fr\/Produkt\/fraser-raw-kaki-2\/","title":{"rendered":"FRASER RAW kaki"},"content":{"rendered":"<h3>FRASER RAW<\/h3>\n<p>Le \u00ab\u00a0FRASER\u00a0\u00bb est l&rsquo;un de nos best-sellers. Ce classique du design est particuli\u00e8rement appr\u00e9ci\u00e9 par les personnes qui sont souvent \u00e0 l&rsquo;ext\u00e9rieur. Que ce soit \u00e0 l&rsquo;\u00e9curie, en promenade avec le chien ou sur le terrain de jeu, la botte Chelsea d\u00e9contract\u00e9e est un must have styl\u00e9 pour toutes les activit\u00e9s de plein air. <\/p>\n<p>Le daim cir\u00e9 de 2,2 mm d&rsquo;\u00e9paisseur est hydrofuge. La doublure int\u00e9rieure en cuir de veau souple assure un excellent climat dans la chaussure. L&rsquo;assise plantaire amortissante vous permet de parcourir de longues distances en tout confort. Et si le sol est in\u00e9gal ou glissant : La semelle antid\u00e9rapante en caoutchouc naturel est parfaitement adapt\u00e9e.<\/p>\n<p><strong>Pull on, kick off<\/strong><\/p>\n<ul>\n<li>Il suffit d&rsquo;entrer et de sortir :<br \/>\nBottine \u00e0 enfiler avec inserts lat\u00e9raux en stretch hydrofuge<\/li>\n<li>Patte de pr\u00e9hension astucieuse \u00e0 l&rsquo;avant et \u00e0 l&rsquo;arri\u00e8re<\/li>\n<\/ul>\n<p><strong>Bon caract\u00e8re<\/strong><\/p>\n<ul>\n<li>Cuir de vache sauvage robuste, cir\u00e9 et teint\u00e9 dans la masse (2,2 mm)<\/li>\n<li>Pr\u00e9traitement hydrofuge<\/li>\n<li>Doublure en cuir de veau fin<\/li>\n<li>Semelle en caoutchouc naturel antid\u00e9rapante<\/li>\n<li>Cousu et coll\u00e9<\/li>\n<li>Ajustement anatomique &#8211; m\u00eame pour les pieds plus \u00e9troits<\/li>\n<li>Assise plantaire amovible &#8211; EVA avec garniture en cuir &#8211; convient \u00e9galement aux semelles orthop\u00e9diques<\/li>\n<li>Produit d&rsquo;entretien : spray imperm\u00e9abilisant<\/li>\n<li>Produit au Portugal<\/li>\n<\/ul>\n","protected":false},"excerpt":{"rendered":"<h2>FRASER RAW<\/h2>\n<p>Le \u00ab\u00a0FRASER\u00a0\u00bb est l&rsquo;un de nos best-sellers. Ce classique du design est surtout appr\u00e9ci\u00e9 par les personnes qui sont souvent \u00e0 l&rsquo;ext\u00e9rieur. Que ce soit \u00e0 l&rsquo;\u00e9curie, en promenade avec le chien ou sur le terrain de jeu, la botte chelsea d\u00e9contract\u00e9e est un must have styl\u00e9 pour toutes les activit\u00e9s de plein air.<\/p>\n","protected":false},"featured_media":83254,"comment_status":"closed","ping_status":"closed","template":"","meta":{"inline_featured_image":false},"product_brand":[],"product_cat":[1323,1326],"product_tag":[1202,833,839,851,959,1109,1088,881,1007,1365],"giftcard-category":[],"class_list":{"0":"post-89557","1":"product","2":"type-product","3":"status-publish","4":"has-post-thumbnail","6":"product_cat-chaussures-pour-hommes","7":"product_cat-bottes-bottines-pour-hommes","8":"product_tag-antiderapant","9":"product_tag-australie","10":"product_tag-bottes","11":"product_tag-bottes-de-chelsea","12":"product_tag-bottes-en-cuir","13":"product_tag-brown-fr","14":"product_tag-cuir-de-daim","15":"product_tag-cuir-veritable","16":"product_tag-en-plein-air","17":"product_tag-khaki-fr","18":"pa_groesse-38-eu-5-uk","19":"pa_groesse-39-eu-6-uk","20":"pa_groesse-40-eu-65-uk","21":"pa_groesse-41-eu-7-uk","22":"pa_groesse-42-eu-8-uk","23":"pa_groesse-43-eu-9-uk","24":"pa_groesse-44-eu-10-uk","25":"pa_groesse-45-eu-105-uk","26":"pa_groesse-46-eu-11-uk","28":"first","29":"instock","30":"taxable","31":"shipping-taxable","32":"purchasable","33":"product-type-variable"},"yoast_head":"<!-- This site is optimized with the Yoast SEO Premium plugin v26.6 (Yoast SEO v26.5) - https:\/\/yoast.com\/wordpress\/plugins\/seo\/ -->\n<title>FRASER RAW kaki | Blue Heeler Boots<\/title>\n<meta name=\"description\" content=\"Acheter en ligne Hommes, Femmes &amp; Enfants Fraser Raw Kaki \/ Brown. Livraison gratuite. Retour facile. Qualit\u00e9 100% authentique. Livraison gratuite\" \/>\n<meta name=\"robots\" content=\"index, follow, max-snippet:-1, max-image-preview:large, max-video-preview:-1\" \/>\n<link rel=\"canonical\" href=\"https:\/\/www.blue-heeler.de\/fr\/Produkt\/fraser-raw-kaki-2\/\" \/>\n<meta property=\"og:locale\" content=\"fr_FR\" \/>\n<meta property=\"og:type\" content=\"article\" \/>\n<meta property=\"og:title\" content=\"FRASER RAW kaki | Blue Heeler Boots\" \/>\n<meta property=\"og:description\" content=\"Acheter en ligne Hommes, Femmes &amp; Enfants Fraser Raw Kaki \/ Brown. Livraison gratuite. Retour facile. Qualit\u00e9 100% authentique. Livraison gratuite\" \/>\n<meta property=\"og:url\" content=\"https:\/\/www.blue-heeler.de\/fr\/Produkt\/fraser-raw-kaki-2\/\" \/>\n<meta property=\"og:site_name\" content=\"BLUE HEELER BOOTS\" \/>\n<meta property=\"og:image\" content=\"https:\/\/www.blue-heeler.de\/wp-content\/uploads\/Fraser-raw_khaki-brown_00-2.jpg\" \/>\n\t<meta property=\"og:image:width\" content=\"1000\" \/>\n\t<meta property=\"og:image:height\" content=\"1000\" \/>\n\t<meta property=\"og:image:type\" content=\"image\/jpeg\" \/>\n<meta name=\"twitter:card\" content=\"summary_large_image\" \/>\n<script type=\"application\/ld+json\" class=\"yoast-schema-graph\">{\"@context\":\"https:\/\/schema.org\",\"@graph\":[{\"@type\":\"WebPage\",\"@id\":\"https:\/\/www.blue-heeler.de\/fr\/Produkt\/fraser-raw-kaki-2\/\",\"url\":\"https:\/\/www.blue-heeler.de\/fr\/Produkt\/fraser-raw-kaki-2\/\",\"name\":\"FRASER RAW kaki | Blue Heeler Boots\",\"isPartOf\":{\"@id\":\"https:\/\/www.blue-heeler.de\/fr\/#website\"},\"primaryImageOfPage\":{\"@id\":\"https:\/\/www.blue-heeler.de\/fr\/Produkt\/fraser-raw-kaki-2\/#primaryimage\"},\"image\":{\"@id\":\"https:\/\/www.blue-heeler.de\/fr\/Produkt\/fraser-raw-kaki-2\/#primaryimage\"},\"thumbnailUrl\":\"https:\/\/www.blue-heeler.de\/wp-content\/uploads\/Fraser-raw_khaki-brown_00-2.jpg\",\"datePublished\":\"2024-05-17T10:09:03+00:00\",\"description\":\"Acheter en ligne Hommes, Femmes & Enfants Fraser Raw Kaki \/ Brown. Livraison gratuite. Retour facile. Qualit\u00e9 100% authentique. Livraison gratuite\",\"breadcrumb\":{\"@id\":\"https:\/\/www.blue-heeler.de\/fr\/Produkt\/fraser-raw-kaki-2\/#breadcrumb\"},\"inLanguage\":\"fr-FR\",\"potentialAction\":[{\"@type\":\"ReadAction\",\"target\":[\"https:\/\/www.blue-heeler.de\/fr\/Produkt\/fraser-raw-kaki-2\/\"]}]},{\"@type\":\"ImageObject\",\"inLanguage\":\"fr-FR\",\"@id\":\"https:\/\/www.blue-heeler.de\/fr\/Produkt\/fraser-raw-kaki-2\/#primaryimage\",\"url\":\"https:\/\/www.blue-heeler.de\/wp-content\/uploads\/Fraser-raw_khaki-brown_00-2.jpg\",\"contentUrl\":\"https:\/\/www.blue-heeler.de\/wp-content\/uploads\/Fraser-raw_khaki-brown_00-2.jpg\",\"width\":1000,\"height\":1000},{\"@type\":\"BreadcrumbList\",\"@id\":\"https:\/\/www.blue-heeler.de\/fr\/Produkt\/fraser-raw-kaki-2\/#breadcrumb\",\"itemListElement\":[{\"@type\":\"ListItem\",\"position\":1,\"name\":\"Startseite\",\"item\":\"https:\/\/www.blue-heeler.de\/fr\/\"},{\"@type\":\"ListItem\",\"position\":2,\"name\":\"Boutique\",\"item\":\"https:\/\/www.blue-heeler.de\/fr\/boutique\/\"},{\"@type\":\"ListItem\",\"position\":3,\"name\":\"FRASER RAW kaki\"}]},{\"@type\":\"WebSite\",\"@id\":\"https:\/\/www.blue-heeler.de\/fr\/#website\",\"url\":\"https:\/\/www.blue-heeler.de\/fr\/\",\"name\":\"BLUE HEELER BOOTS\",\"description\":\"\",\"publisher\":{\"@id\":\"https:\/\/www.blue-heeler.de\/fr\/#organization\"},\"potentialAction\":[{\"@type\":\"SearchAction\",\"target\":{\"@type\":\"EntryPoint\",\"urlTemplate\":\"https:\/\/www.blue-heeler.de\/fr\/?s={search_term_string}\"},\"query-input\":{\"@type\":\"PropertyValueSpecification\",\"valueRequired\":true,\"valueName\":\"search_term_string\"}}],\"inLanguage\":\"fr-FR\"},{\"@type\":\"Organization\",\"@id\":\"https:\/\/www.blue-heeler.de\/fr\/#organization\",\"name\":\"blue heeler Europe\",\"url\":\"https:\/\/www.blue-heeler.de\/fr\/\",\"logo\":{\"@type\":\"ImageObject\",\"inLanguage\":\"fr-FR\",\"@id\":\"https:\/\/www.blue-heeler.de\/fr\/#\/schema\/logo\/image\/\",\"url\":\"https:\/\/www.blue-heeler.de\/wp-content\/uploads\/Blue-Heeler-logo.png\",\"contentUrl\":\"https:\/\/www.blue-heeler.de\/wp-content\/uploads\/Blue-Heeler-logo.png\",\"width\":1024,\"height\":292,\"caption\":\"blue heeler Europe\"},\"image\":{\"@id\":\"https:\/\/www.blue-heeler.de\/fr\/#\/schema\/logo\/image\/\"}}]}<\/script>\n<!-- \/ Yoast SEO Premium plugin. -->","yoast_head_json":{"title":"FRASER RAW kaki | Blue Heeler Boots","description":"Acheter en ligne Hommes, Femmes & Enfants Fraser Raw Kaki \/ Brown. Livraison gratuite. Retour facile. Qualit\u00e9 100% authentique. Livraison gratuite","robots":{"index":"index","follow":"follow","max-snippet":"max-snippet:-1","max-image-preview":"max-image-preview:large","max-video-preview":"max-video-preview:-1"},"canonical":"https:\/\/www.blue-heeler.de\/fr\/Produkt\/fraser-raw-kaki-2\/","og_locale":"fr_FR","og_type":"article","og_title":"FRASER RAW kaki | Blue Heeler Boots","og_description":"Acheter en ligne Hommes, Femmes & Enfants Fraser Raw Kaki \/ Brown. Livraison gratuite. Retour facile. Qualit\u00e9 100% authentique. Livraison gratuite","og_url":"https:\/\/www.blue-heeler.de\/fr\/Produkt\/fraser-raw-kaki-2\/","og_site_name":"BLUE HEELER BOOTS","og_image":[{"width":1000,"height":1000,"url":"https:\/\/www.blue-heeler.de\/wp-content\/uploads\/Fraser-raw_khaki-brown_00-2.jpg","type":"image\/jpeg"}],"twitter_card":"summary_large_image","schema":{"@context":"https:\/\/schema.org","@graph":[{"@type":"WebPage","@id":"https:\/\/www.blue-heeler.de\/fr\/Produkt\/fraser-raw-kaki-2\/","url":"https:\/\/www.blue-heeler.de\/fr\/Produkt\/fraser-raw-kaki-2\/","name":"FRASER RAW kaki | Blue Heeler Boots","isPartOf":{"@id":"https:\/\/www.blue-heeler.de\/fr\/#website"},"primaryImageOfPage":{"@id":"https:\/\/www.blue-heeler.de\/fr\/Produkt\/fraser-raw-kaki-2\/#primaryimage"},"image":{"@id":"https:\/\/www.blue-heeler.de\/fr\/Produkt\/fraser-raw-kaki-2\/#primaryimage"},"thumbnailUrl":"https:\/\/www.blue-heeler.de\/wp-content\/uploads\/Fraser-raw_khaki-brown_00-2.jpg","datePublished":"2024-05-17T10:09:03+00:00","description":"Acheter en ligne Hommes, Femmes & Enfants Fraser Raw Kaki \/ Brown. Livraison gratuite. Retour facile. Qualit\u00e9 100% authentique. Livraison gratuite","breadcrumb":{"@id":"https:\/\/www.blue-heeler.de\/fr\/Produkt\/fraser-raw-kaki-2\/#breadcrumb"},"inLanguage":"fr-FR","potentialAction":[{"@type":"ReadAction","target":["https:\/\/www.blue-heeler.de\/fr\/Produkt\/fraser-raw-kaki-2\/"]}]},{"@type":"ImageObject","inLanguage":"fr-FR","@id":"https:\/\/www.blue-heeler.de\/fr\/Produkt\/fraser-raw-kaki-2\/#primaryimage","url":"https:\/\/www.blue-heeler.de\/wp-content\/uploads\/Fraser-raw_khaki-brown_00-2.jpg","contentUrl":"https:\/\/www.blue-heeler.de\/wp-content\/uploads\/Fraser-raw_khaki-brown_00-2.jpg","width":1000,"height":1000},{"@type":"BreadcrumbList","@id":"https:\/\/www.blue-heeler.de\/fr\/Produkt\/fraser-raw-kaki-2\/#breadcrumb","itemListElement":[{"@type":"ListItem","position":1,"name":"Startseite","item":"https:\/\/www.blue-heeler.de\/fr\/"},{"@type":"ListItem","position":2,"name":"Boutique","item":"https:\/\/www.blue-heeler.de\/fr\/boutique\/"},{"@type":"ListItem","position":3,"name":"FRASER RAW kaki"}]},{"@type":"WebSite","@id":"https:\/\/www.blue-heeler.de\/fr\/#website","url":"https:\/\/www.blue-heeler.de\/fr\/","name":"BLUE HEELER BOOTS","description":"","publisher":{"@id":"https:\/\/www.blue-heeler.de\/fr\/#organization"},"potentialAction":[{"@type":"SearchAction","target":{"@type":"EntryPoint","urlTemplate":"https:\/\/www.blue-heeler.de\/fr\/?s={search_term_string}"},"query-input":{"@type":"PropertyValueSpecification","valueRequired":true,"valueName":"search_term_string"}}],"inLanguage":"fr-FR"},{"@type":"Organization","@id":"https:\/\/www.blue-heeler.de\/fr\/#organization","name":"blue heeler Europe","url":"https:\/\/www.blue-heeler.de\/fr\/","logo":{"@type":"ImageObject","inLanguage":"fr-FR","@id":"https:\/\/www.blue-heeler.de\/fr\/#\/schema\/logo\/image\/","url":"https:\/\/www.blue-heeler.de\/wp-content\/uploads\/Blue-Heeler-logo.png","contentUrl":"https:\/\/www.blue-heeler.de\/wp-content\/uploads\/Blue-Heeler-logo.png","width":1024,"height":292,"caption":"blue heeler Europe"},"image":{"@id":"https:\/\/www.blue-heeler.de\/fr\/#\/schema\/logo\/image\/"}}]}},"_links":{"self":[{"href":"https:\/\/www.blue-heeler.de\/fr\/wp-json\/wp\/v2\/product\/89557","targetHints":{"allow":["GET"]}}],"collection":[{"href":"https:\/\/www.blue-heeler.de\/fr\/wp-json\/wp\/v2\/product"}],"about":[{"href":"https:\/\/www.blue-heeler.de\/fr\/wp-json\/wp\/v2\/types\/product"}],"replies":[{"embeddable":true,"href":"https:\/\/www.blue-heeler.de\/fr\/wp-json\/wp\/v2\/comments?post=89557"}],"wp:featuredmedia":[{"embeddable":true,"href":"https:\/\/www.blue-heeler.de\/fr\/wp-json\/wp\/v2\/media\/83254"}],"wp:attachment":[{"href":"https:\/\/www.blue-heeler.de\/fr\/wp-json\/wp\/v2\/media?parent=89557"}],"wp:term":[{"taxonomy":"product_brand","embeddable":true,"href":"https:\/\/www.blue-heeler.de\/fr\/wp-json\/wp\/v2\/product_brand?post=89557"},{"taxonomy":"product_cat","embeddable":true,"href":"https:\/\/www.blue-heeler.de\/fr\/wp-json\/wp\/v2\/product_cat?post=89557"},{"taxonomy":"product_tag","embeddable":true,"href":"https:\/\/www.blue-heeler.de\/fr\/wp-json\/wp\/v2\/product_tag?post=89557"},{"taxonomy":"giftcard-category","embeddable":true,"href":"https:\/\/www.blue-heeler.de\/fr\/wp-json\/wp\/v2\/giftcard-category?post=89557"}],"curies":[{"name":"wp","href":"https:\/\/api.w.org\/{rel}","templated":true}]}}