{"id":89235,"date":"2024-04-01T12:53:41","date_gmt":"2024-04-01T10:53:41","guid":{"rendered":"http:\/\/blue-heeler.de\/produkt\/brisbane-marron\/"},"modified":"2024-05-17T11:59:07","modified_gmt":"2024-05-17T09:59:07","slug":"brisbane-marron","status":"publish","type":"product","link":"https:\/\/www.blue-heeler.de\/fr\/Produkt\/brisbane-marron\/","title":{"rendered":"BRISBANE marron"},"content":{"rendered":"<p>Nous sommes particuli\u00e8rement fiers de notre botte chelsea BRISBANE. Avec son cuir de vache nappa de 2 mm d&rsquo;\u00e9paisseur, il r\u00e9siste \u00e0 tous les d\u00e9fis. La semelle r\u00e9sistante, vulcanis\u00e9e et imperm\u00e9able en TPU fait de chaque kilom\u00e8tre parcouru un plaisir. Et en plus, il est &#8211; ta-daa ! &#8211; un poids plume : 420 g en taille 41, c&rsquo;est le confort en plein air \u00e0 l&rsquo;\u00e9tat pur. Avec toutes ces caract\u00e9ristiques, il est le compagnon id\u00e9al dans l&rsquo;outback, mais aussi dans les parcs, les champs et les pr\u00e9s, en ville ou autour d&rsquo;un lac.<\/p>\n<p><strong>Pull on, kick off<\/strong><\/p>\n<ul>\n<li>Facile \u00e0 enfiler, facile \u00e0 retirer : bottine \u00e0 enfiler avec inserts lat\u00e9raux en stretch hydrofuge<\/li>\n<li>Patte de pr\u00e9hension astucieuse \u00e0 l&rsquo;avant et \u00e0 l&rsquo;arri\u00e8re<\/li>\n<\/ul>\n<p><strong>Bon caract\u00e8re<\/strong><\/p>\n<ul>\n<li>Cuir de vache nappa r\u00e9sistant, huil\u00e9 et teint\u00e9 dans la masse (2 mm)<\/li>\n<li>pr\u00e9trait\u00e9 hydrofuge<\/li>\n<li>Doublure combinaison cuir\/textile<\/li>\n<li>Semelle PU\/TPU antid\u00e9rapante et amortissante<\/li>\n<li>Forme anatomique unisexe &#8211; espace libre pour les orteils.<\/li>\n<li>Assise plantaire amovible en mousse \u00e0 m\u00e9moire de forme EVA<\/li>\n<li>Convient pour vos propres semelles orthop\u00e9diques<\/li>\n<li>Produit en Europe pour l&rsquo;Europe<\/li>\n<\/ul>\n","protected":false},"excerpt":{"rendered":"<p>Bottine minimaliste unisexe en cuir de vache marron hydrofuge. Languettes de pr\u00e9hension pour un acc\u00e8s rapide selon le principe &lsquo;pull ton \/ kick off&rsquo;. \u00c9quip\u00e9 d&rsquo;une semelle interchangeable EVA amortissant les chocs, marchez comme sur un nuage.<\/p>\n","protected":false},"featured_media":89236,"comment_status":"closed","ping_status":"closed","template":"","meta":{"inline_featured_image":false},"product_brand":[],"product_cat":[1305,1311],"product_tag":[],"giftcard-category":[],"class_list":{"0":"post-89235","1":"product","2":"type-product","3":"status-publish","4":"has-post-thumbnail","6":"product_cat-chaussures-pour-femmes","7":"product_cat-bottes-bottines-pour-femmes","8":"pa_groesse-36-eu-35-uk","9":"pa_groesse-37-eu-4-uk","10":"pa_groesse-38-eu-5-uk","11":"pa_groesse-39-eu-6-uk","12":"pa_groesse-40-eu-65-uk","13":"pa_groesse-41-eu-7-uk","14":"pa_groesse-42-eu-8-uk","15":"pa_groesse-43-eu-9-uk","17":"first","18":"instock","19":"taxable","20":"shipping-taxable","21":"purchasable","22":"product-type-variable"},"yoast_head":"<!-- This site is optimized with the Yoast SEO Premium plugin v26.6 (Yoast SEO v26.5) - https:\/\/yoast.com\/wordpress\/plugins\/seo\/ -->\n<title>BRISBANE marron - BLUE HEELER BOOTS<\/title>\n<meta name=\"description\" content=\"Acheter en ligne Femmes, Hommes &amp; Enfants Chelsea Bottines. Brisbane marron. Livraison gratuite. Retours facilit\u00e9s. 100% cuir v\u00e9ritable de haute qualit\u00e9.\" \/>\n<meta name=\"robots\" content=\"index, follow, max-snippet:-1, max-image-preview:large, max-video-preview:-1\" \/>\n<link rel=\"canonical\" href=\"https:\/\/www.blue-heeler.de\/fr\/Produkt\/brisbane-marron\/\" \/>\n<meta property=\"og:locale\" content=\"fr_FR\" \/>\n<meta property=\"og:type\" content=\"article\" \/>\n<meta property=\"og:title\" content=\"BRISBANE marron - BLUE HEELER BOOTS\" \/>\n<meta property=\"og:description\" content=\"Acheter en ligne Femmes, Hommes &amp; Enfants Chelsea Bottines. Brisbane marron. Livraison gratuite. Retours facilit\u00e9s. 100% cuir v\u00e9ritable de haute qualit\u00e9.\" \/>\n<meta property=\"og:url\" content=\"https:\/\/www.blue-heeler.de\/fr\/Produkt\/brisbane-marron\/\" \/>\n<meta property=\"og:site_name\" content=\"BLUE HEELER BOOTS\" \/>\n<meta property=\"article:modified_time\" content=\"2024-05-17T09:59:07+00:00\" \/>\n<meta property=\"og:image\" content=\"https:\/\/www.blue-heeler.de\/wp-content\/uploads\/9001BN-00-Brisbane-20240501-162358.jpg\" \/>\n\t<meta property=\"og:image:width\" content=\"1200\" \/>\n\t<meta property=\"og:image:height\" content=\"1200\" \/>\n\t<meta property=\"og:image:type\" content=\"image\/jpeg\" \/>\n<meta name=\"twitter:card\" content=\"summary_large_image\" \/>\n<script type=\"application\/ld+json\" class=\"yoast-schema-graph\">{\"@context\":\"https:\/\/schema.org\",\"@graph\":[{\"@type\":\"WebPage\",\"@id\":\"https:\/\/www.blue-heeler.de\/fr\/Produkt\/brisbane-marron\/\",\"url\":\"https:\/\/www.blue-heeler.de\/fr\/Produkt\/brisbane-marron\/\",\"name\":\"BRISBANE marron - BLUE HEELER BOOTS\",\"isPartOf\":{\"@id\":\"https:\/\/www.blue-heeler.de\/fr\/#website\"},\"primaryImageOfPage\":{\"@id\":\"https:\/\/www.blue-heeler.de\/fr\/Produkt\/brisbane-marron\/#primaryimage\"},\"image\":{\"@id\":\"https:\/\/www.blue-heeler.de\/fr\/Produkt\/brisbane-marron\/#primaryimage\"},\"thumbnailUrl\":\"https:\/\/www.blue-heeler.de\/wp-content\/uploads\/9001BN-00-Brisbane-20240501-162358.jpg\",\"datePublished\":\"2024-04-01T10:53:41+00:00\",\"dateModified\":\"2024-05-17T09:59:07+00:00\",\"description\":\"Acheter en ligne Femmes, Hommes & Enfants Chelsea Bottines. Brisbane marron. Livraison gratuite. Retours facilit\u00e9s. 100% cuir v\u00e9ritable de haute qualit\u00e9.\",\"breadcrumb\":{\"@id\":\"https:\/\/www.blue-heeler.de\/fr\/Produkt\/brisbane-marron\/#breadcrumb\"},\"inLanguage\":\"fr-FR\",\"potentialAction\":[{\"@type\":\"ReadAction\",\"target\":[\"https:\/\/www.blue-heeler.de\/fr\/Produkt\/brisbane-marron\/\"]}]},{\"@type\":\"ImageObject\",\"inLanguage\":\"fr-FR\",\"@id\":\"https:\/\/www.blue-heeler.de\/fr\/Produkt\/brisbane-marron\/#primaryimage\",\"url\":\"https:\/\/www.blue-heeler.de\/wp-content\/uploads\/9001BN-00-Brisbane-20240501-162358.jpg\",\"contentUrl\":\"https:\/\/www.blue-heeler.de\/wp-content\/uploads\/9001BN-00-Brisbane-20240501-162358.jpg\",\"width\":1200,\"height\":1200},{\"@type\":\"BreadcrumbList\",\"@id\":\"https:\/\/www.blue-heeler.de\/fr\/Produkt\/brisbane-marron\/#breadcrumb\",\"itemListElement\":[{\"@type\":\"ListItem\",\"position\":1,\"name\":\"Startseite\",\"item\":\"https:\/\/www.blue-heeler.de\/fr\/\"},{\"@type\":\"ListItem\",\"position\":2,\"name\":\"Boutique\",\"item\":\"https:\/\/www.blue-heeler.de\/fr\/boutique\/\"},{\"@type\":\"ListItem\",\"position\":3,\"name\":\"BRISBANE marron\"}]},{\"@type\":\"WebSite\",\"@id\":\"https:\/\/www.blue-heeler.de\/fr\/#website\",\"url\":\"https:\/\/www.blue-heeler.de\/fr\/\",\"name\":\"BLUE HEELER BOOTS\",\"description\":\"\",\"publisher\":{\"@id\":\"https:\/\/www.blue-heeler.de\/fr\/#organization\"},\"potentialAction\":[{\"@type\":\"SearchAction\",\"target\":{\"@type\":\"EntryPoint\",\"urlTemplate\":\"https:\/\/www.blue-heeler.de\/fr\/?s={search_term_string}\"},\"query-input\":{\"@type\":\"PropertyValueSpecification\",\"valueRequired\":true,\"valueName\":\"search_term_string\"}}],\"inLanguage\":\"fr-FR\"},{\"@type\":\"Organization\",\"@id\":\"https:\/\/www.blue-heeler.de\/fr\/#organization\",\"name\":\"blue heeler Europe\",\"url\":\"https:\/\/www.blue-heeler.de\/fr\/\",\"logo\":{\"@type\":\"ImageObject\",\"inLanguage\":\"fr-FR\",\"@id\":\"https:\/\/www.blue-heeler.de\/fr\/#\/schema\/logo\/image\/\",\"url\":\"https:\/\/www.blue-heeler.de\/wp-content\/uploads\/Blue-Heeler-logo.png\",\"contentUrl\":\"https:\/\/www.blue-heeler.de\/wp-content\/uploads\/Blue-Heeler-logo.png\",\"width\":1024,\"height\":292,\"caption\":\"blue heeler Europe\"},\"image\":{\"@id\":\"https:\/\/www.blue-heeler.de\/fr\/#\/schema\/logo\/image\/\"}}]}<\/script>\n<!-- \/ Yoast SEO Premium plugin. -->","yoast_head_json":{"title":"BRISBANE marron - BLUE HEELER BOOTS","description":"Acheter en ligne Femmes, Hommes & Enfants Chelsea Bottines. Brisbane marron. Livraison gratuite. Retours facilit\u00e9s. 100% cuir v\u00e9ritable de haute qualit\u00e9.","robots":{"index":"index","follow":"follow","max-snippet":"max-snippet:-1","max-image-preview":"max-image-preview:large","max-video-preview":"max-video-preview:-1"},"canonical":"https:\/\/www.blue-heeler.de\/fr\/Produkt\/brisbane-marron\/","og_locale":"fr_FR","og_type":"article","og_title":"BRISBANE marron - BLUE HEELER BOOTS","og_description":"Acheter en ligne Femmes, Hommes & Enfants Chelsea Bottines. Brisbane marron. Livraison gratuite. Retours facilit\u00e9s. 100% cuir v\u00e9ritable de haute qualit\u00e9.","og_url":"https:\/\/www.blue-heeler.de\/fr\/Produkt\/brisbane-marron\/","og_site_name":"BLUE HEELER BOOTS","article_modified_time":"2024-05-17T09:59:07+00:00","og_image":[{"width":1200,"height":1200,"url":"https:\/\/www.blue-heeler.de\/wp-content\/uploads\/9001BN-00-Brisbane-20240501-162358.jpg","type":"image\/jpeg"}],"twitter_card":"summary_large_image","schema":{"@context":"https:\/\/schema.org","@graph":[{"@type":"WebPage","@id":"https:\/\/www.blue-heeler.de\/fr\/Produkt\/brisbane-marron\/","url":"https:\/\/www.blue-heeler.de\/fr\/Produkt\/brisbane-marron\/","name":"BRISBANE marron - BLUE HEELER BOOTS","isPartOf":{"@id":"https:\/\/www.blue-heeler.de\/fr\/#website"},"primaryImageOfPage":{"@id":"https:\/\/www.blue-heeler.de\/fr\/Produkt\/brisbane-marron\/#primaryimage"},"image":{"@id":"https:\/\/www.blue-heeler.de\/fr\/Produkt\/brisbane-marron\/#primaryimage"},"thumbnailUrl":"https:\/\/www.blue-heeler.de\/wp-content\/uploads\/9001BN-00-Brisbane-20240501-162358.jpg","datePublished":"2024-04-01T10:53:41+00:00","dateModified":"2024-05-17T09:59:07+00:00","description":"Acheter en ligne Femmes, Hommes & Enfants Chelsea Bottines. Brisbane marron. Livraison gratuite. Retours facilit\u00e9s. 100% cuir v\u00e9ritable de haute qualit\u00e9.","breadcrumb":{"@id":"https:\/\/www.blue-heeler.de\/fr\/Produkt\/brisbane-marron\/#breadcrumb"},"inLanguage":"fr-FR","potentialAction":[{"@type":"ReadAction","target":["https:\/\/www.blue-heeler.de\/fr\/Produkt\/brisbane-marron\/"]}]},{"@type":"ImageObject","inLanguage":"fr-FR","@id":"https:\/\/www.blue-heeler.de\/fr\/Produkt\/brisbane-marron\/#primaryimage","url":"https:\/\/www.blue-heeler.de\/wp-content\/uploads\/9001BN-00-Brisbane-20240501-162358.jpg","contentUrl":"https:\/\/www.blue-heeler.de\/wp-content\/uploads\/9001BN-00-Brisbane-20240501-162358.jpg","width":1200,"height":1200},{"@type":"BreadcrumbList","@id":"https:\/\/www.blue-heeler.de\/fr\/Produkt\/brisbane-marron\/#breadcrumb","itemListElement":[{"@type":"ListItem","position":1,"name":"Startseite","item":"https:\/\/www.blue-heeler.de\/fr\/"},{"@type":"ListItem","position":2,"name":"Boutique","item":"https:\/\/www.blue-heeler.de\/fr\/boutique\/"},{"@type":"ListItem","position":3,"name":"BRISBANE marron"}]},{"@type":"WebSite","@id":"https:\/\/www.blue-heeler.de\/fr\/#website","url":"https:\/\/www.blue-heeler.de\/fr\/","name":"BLUE HEELER BOOTS","description":"","publisher":{"@id":"https:\/\/www.blue-heeler.de\/fr\/#organization"},"potentialAction":[{"@type":"SearchAction","target":{"@type":"EntryPoint","urlTemplate":"https:\/\/www.blue-heeler.de\/fr\/?s={search_term_string}"},"query-input":{"@type":"PropertyValueSpecification","valueRequired":true,"valueName":"search_term_string"}}],"inLanguage":"fr-FR"},{"@type":"Organization","@id":"https:\/\/www.blue-heeler.de\/fr\/#organization","name":"blue heeler Europe","url":"https:\/\/www.blue-heeler.de\/fr\/","logo":{"@type":"ImageObject","inLanguage":"fr-FR","@id":"https:\/\/www.blue-heeler.de\/fr\/#\/schema\/logo\/image\/","url":"https:\/\/www.blue-heeler.de\/wp-content\/uploads\/Blue-Heeler-logo.png","contentUrl":"https:\/\/www.blue-heeler.de\/wp-content\/uploads\/Blue-Heeler-logo.png","width":1024,"height":292,"caption":"blue heeler Europe"},"image":{"@id":"https:\/\/www.blue-heeler.de\/fr\/#\/schema\/logo\/image\/"}}]}},"_links":{"self":[{"href":"https:\/\/www.blue-heeler.de\/fr\/wp-json\/wp\/v2\/product\/89235","targetHints":{"allow":["GET"]}}],"collection":[{"href":"https:\/\/www.blue-heeler.de\/fr\/wp-json\/wp\/v2\/product"}],"about":[{"href":"https:\/\/www.blue-heeler.de\/fr\/wp-json\/wp\/v2\/types\/product"}],"replies":[{"embeddable":true,"href":"https:\/\/www.blue-heeler.de\/fr\/wp-json\/wp\/v2\/comments?post=89235"}],"wp:featuredmedia":[{"embeddable":true,"href":"https:\/\/www.blue-heeler.de\/fr\/wp-json\/wp\/v2\/media\/89236"}],"wp:attachment":[{"href":"https:\/\/www.blue-heeler.de\/fr\/wp-json\/wp\/v2\/media?parent=89235"}],"wp:term":[{"taxonomy":"product_brand","embeddable":true,"href":"https:\/\/www.blue-heeler.de\/fr\/wp-json\/wp\/v2\/product_brand?post=89235"},{"taxonomy":"product_cat","embeddable":true,"href":"https:\/\/www.blue-heeler.de\/fr\/wp-json\/wp\/v2\/product_cat?post=89235"},{"taxonomy":"product_tag","embeddable":true,"href":"https:\/\/www.blue-heeler.de\/fr\/wp-json\/wp\/v2\/product_tag?post=89235"},{"taxonomy":"giftcard-category","embeddable":true,"href":"https:\/\/www.blue-heeler.de\/fr\/wp-json\/wp\/v2\/giftcard-category?post=89235"}],"curies":[{"name":"wp","href":"https:\/\/api.w.org\/{rel}","templated":true}]}}