{"id":88540,"date":"2018-11-12T15:53:13","date_gmt":"2024-05-10T11:03:39","guid":{"rendered":"http:\/\/blue-heeler.de\/produkt\/jackaroo-marron-vert\/"},"modified":"2024-05-10T13:03:39","modified_gmt":"2024-05-10T11:03:39","slug":"jackaroo-marron-vert","status":"publish","type":"product","link":"https:\/\/www.blue-heeler.de\/fr\/Produkt\/jackaroo-marron-vert\/","title":{"rendered":"JACKAROO marron vert"},"content":{"rendered":"<p>Le \u00ab\u00a0JACKAROO\u00a0\u00bb est l&rsquo;un de nos best-sellers. Ce classique du design est surtout appr\u00e9ci\u00e9 par les personnes qui sont souvent \u00e0 l&rsquo;ext\u00e9rieur. Que ce soit \u00e0 l&rsquo;\u00e9curie, en promenade avec le chien ou sur le terrain de jeu, la botte chelsea d\u00e9contract\u00e9e est un must have styl\u00e9 pour toutes les activit\u00e9s de plein air. D&rsquo;o\u00f9 son nom : les cow-boys australiens sont appel\u00e9s \u00ab\u00a0JACKAROO\u00a0\u00bb.<\/p>\n<p>Le cuir nappa de vachette huil\u00e9 de 2,2 mm d&rsquo;\u00e9paisseur est hydrofuge et n&rsquo;a pas froid aux yeux. La doublure int\u00e9rieure en cuir de veau souple assure un excellent climat dans la chaussure. L&rsquo;assise plantaire amortissante vous permet de parcourir de longues distances en tout confort. Et si le sol est in\u00e9gal ou glissant : La semelle antid\u00e9rapante en caoutchouc naturel est parfaitement adapt\u00e9e.<\/p>\n<p><strong>Pull on, kick off<\/strong><\/p>\n<ul>\n<li>Il suffit d&rsquo;entrer et de sortir :<br \/>\nBottine \u00e0 enfiler avec inserts lat\u00e9raux en stretch hydrofuge<\/li>\n<li>Patte de pr\u00e9hension astucieuse \u00e0 l&rsquo;avant et \u00e0 l&rsquo;arri\u00e8re<\/li>\n<\/ul>\n<p><strong>Bon caract\u00e8re<\/strong><\/p>\n<ul>\n<li>Cuir de vache nappa robuste, huil\u00e9 et teint\u00e9 dans la masse (2,2 mm)<\/li>\n<li>Pr\u00e9traitement hydrofuge<\/li>\n<li>Doublure en cuir de veau fin<\/li>\n<li>Semelle en caoutchouc naturel antid\u00e9rapante<\/li>\n<li>Cousu et coll\u00e9<\/li>\n<li>Ajustement anatomique &#8211; m\u00eame pour les pieds plus \u00e9troits<\/li>\n<li>Assise plantaire amovible &#8211; EVA avec garniture en cuir &#8211; convient \u00e9galement aux semelles orthop\u00e9diques<\/li>\n<li>Produit au Portugal<\/li>\n<\/ul>\n","protected":false},"excerpt":{"rendered":"<h2>JACKAROO<\/h2>\n<p>Le \u00ab\u00a0JACKAROO\u00a0\u00bb est l&rsquo;un de nos best-sellers. Ce classique du design est surtout appr\u00e9ci\u00e9 par les personnes qui sont souvent \u00e0 l&rsquo;ext\u00e9rieur. Que ce soit \u00e0 l&rsquo;\u00e9curie, en promenade avec le chien ou sur le terrain de jeu, la botte chelsea d\u00e9contract\u00e9e est un must have styl\u00e9 pour toutes les activit\u00e9s de plein air. D&rsquo;o\u00f9 son nom : les cow-boys australiens sont appel\u00e9s \u00ab\u00a0JACKAROO\u00a0\u00bb.<\/p>\n","protected":false},"featured_media":88550,"comment_status":"closed","ping_status":"closed","template":"","meta":{"inline_featured_image":false},"product_brand":[],"product_cat":[1323,1326],"product_tag":[1202,833,1067,839,1043,1031,1028,851,959,1046,1070,1109,1127,905,881,887,1007,1235,914,974,1193,986,1073,1145],"giftcard-category":[],"class_list":{"0":"post-88540","1":"product","2":"type-product","3":"status-publish","4":"has-post-thumbnail","6":"product_cat-chaussures-pour-hommes","7":"product_cat-bottes-bottines-pour-hommes","8":"product_tag-antiderapant","9":"product_tag-australie","10":"product_tag-bottes-fr","11":"product_tag-bottes","12":"product_tag-bottes-a-enfiler","13":"product_tag-bottes-dequitation-fr","14":"product_tag-bottes-dequitation","15":"product_tag-bottes-de-chelsea","16":"product_tag-bottes-en-cuir","17":"product_tag-bottine-a-enfiler","18":"product_tag-bottines","19":"product_tag-brown-fr","20":"product_tag-cousu-de-part-en-part","21":"product_tag-cuir-lisse","22":"product_tag-cuir-veritable","23":"product_tag-emma-fr","24":"product_tag-en-plein-air","25":"product_tag-hydrofuge-fr","26":"product_tag-jackaroo-fr","27":"product_tag-meryl-fr","28":"product_tag-robuste","29":"product_tag-semelle-en-caoutchouc-naturel","30":"product_tag-sydney-fr","31":"product_tag-vert","32":"pa_groesse-38-eu-5-uk","33":"pa_groesse-39-eu-6-uk","34":"pa_groesse-40-eu-65-uk","35":"pa_groesse-41-eu-7-uk","36":"pa_groesse-42-eu-8-uk","37":"pa_groesse-43-eu-9-uk","38":"pa_groesse-44-eu-10-uk","39":"pa_groesse-45-eu-105-uk","40":"pa_groesse-46-eu-11-uk","42":"first","43":"instock","44":"taxable","45":"shipping-taxable","46":"purchasable","47":"product-type-variable"},"yoast_head":"<!-- This site is optimized with the Yoast SEO Premium plugin v26.6 (Yoast SEO v26.5) - https:\/\/yoast.com\/wordpress\/plugins\/seo\/ -->\n<title>Jackaroo Marron \/ Vert | Blue heeler Boots<\/title>\n<meta name=\"description\" content=\"Acheter en ligne Hommes, Femmes &amp; Enfants Jackaroo Marron \/ Vert. Livraison gratuite. Retour facile. Qualit\u00e9 100% authentique. Livraison gratuite. Talon bleu\" \/>\n<meta name=\"robots\" content=\"index, follow, max-snippet:-1, max-image-preview:large, max-video-preview:-1\" \/>\n<link rel=\"canonical\" href=\"https:\/\/www.blue-heeler.de\/fr\/Produkt\/jackaroo-marron-vert\/\" \/>\n<meta property=\"og:locale\" content=\"fr_FR\" \/>\n<meta property=\"og:type\" content=\"article\" \/>\n<meta property=\"og:title\" content=\"Jackaroo Marron \/ Vert | Blue heeler Boots\" \/>\n<meta property=\"og:description\" content=\"Acheter en ligne Hommes, Femmes &amp; Enfants Jackaroo Marron \/ Vert. Livraison gratuite. Retour facile. Qualit\u00e9 100% authentique. Livraison gratuite. Talon bleu\" \/>\n<meta property=\"og:url\" content=\"https:\/\/www.blue-heeler.de\/fr\/Produkt\/jackaroo-marron-vert\/\" \/>\n<meta property=\"og:site_name\" content=\"BLUE HEELER BOOTS\" \/>\n<meta property=\"og:image\" content=\"https:\/\/www.blue-heeler.de\/wp-content\/uploads\/blue-heeler-herrenschuh-boots-jackaroo-braun-grun-1.jpg\" \/>\n\t<meta property=\"og:image:width\" content=\"1000\" \/>\n\t<meta property=\"og:image:height\" content=\"1000\" \/>\n\t<meta property=\"og:image:type\" content=\"image\/jpeg\" \/>\n<meta name=\"twitter:card\" content=\"summary_large_image\" \/>\n<script type=\"application\/ld+json\" class=\"yoast-schema-graph\">{\"@context\":\"https:\/\/schema.org\",\"@graph\":[{\"@type\":\"WebPage\",\"@id\":\"https:\/\/www.blue-heeler.de\/fr\/Produkt\/jackaroo-marron-vert\/\",\"url\":\"https:\/\/www.blue-heeler.de\/fr\/Produkt\/jackaroo-marron-vert\/\",\"name\":\"Jackaroo Marron \/ Vert | Blue heeler Boots\",\"isPartOf\":{\"@id\":\"https:\/\/www.blue-heeler.de\/fr\/#website\"},\"primaryImageOfPage\":{\"@id\":\"https:\/\/www.blue-heeler.de\/fr\/Produkt\/jackaroo-marron-vert\/#primaryimage\"},\"image\":{\"@id\":\"https:\/\/www.blue-heeler.de\/fr\/Produkt\/jackaroo-marron-vert\/#primaryimage\"},\"thumbnailUrl\":\"https:\/\/www.blue-heeler.de\/wp-content\/uploads\/blue-heeler-herrenschuh-boots-jackaroo-braun-grun-1.jpg\",\"datePublished\":\"2024-05-10T11:03:39+00:00\",\"description\":\"Acheter en ligne Hommes, Femmes & Enfants Jackaroo Marron \/ Vert. Livraison gratuite. Retour facile. Qualit\u00e9 100% authentique. Livraison gratuite. Talon bleu\",\"breadcrumb\":{\"@id\":\"https:\/\/www.blue-heeler.de\/fr\/Produkt\/jackaroo-marron-vert\/#breadcrumb\"},\"inLanguage\":\"fr-FR\",\"potentialAction\":[{\"@type\":\"ReadAction\",\"target\":[\"https:\/\/www.blue-heeler.de\/fr\/Produkt\/jackaroo-marron-vert\/\"]}]},{\"@type\":\"ImageObject\",\"inLanguage\":\"fr-FR\",\"@id\":\"https:\/\/www.blue-heeler.de\/fr\/Produkt\/jackaroo-marron-vert\/#primaryimage\",\"url\":\"https:\/\/www.blue-heeler.de\/wp-content\/uploads\/blue-heeler-herrenschuh-boots-jackaroo-braun-grun-1.jpg\",\"contentUrl\":\"https:\/\/www.blue-heeler.de\/wp-content\/uploads\/blue-heeler-herrenschuh-boots-jackaroo-braun-grun-1.jpg\",\"width\":1000,\"height\":1000},{\"@type\":\"BreadcrumbList\",\"@id\":\"https:\/\/www.blue-heeler.de\/fr\/Produkt\/jackaroo-marron-vert\/#breadcrumb\",\"itemListElement\":[{\"@type\":\"ListItem\",\"position\":1,\"name\":\"Startseite\",\"item\":\"https:\/\/www.blue-heeler.de\/fr\/\"},{\"@type\":\"ListItem\",\"position\":2,\"name\":\"Boutique\",\"item\":\"https:\/\/www.blue-heeler.de\/fr\/boutique\/\"},{\"@type\":\"ListItem\",\"position\":3,\"name\":\"JACKAROO marron vert\"}]},{\"@type\":\"WebSite\",\"@id\":\"https:\/\/www.blue-heeler.de\/fr\/#website\",\"url\":\"https:\/\/www.blue-heeler.de\/fr\/\",\"name\":\"BLUE HEELER BOOTS\",\"description\":\"\",\"publisher\":{\"@id\":\"https:\/\/www.blue-heeler.de\/fr\/#organization\"},\"potentialAction\":[{\"@type\":\"SearchAction\",\"target\":{\"@type\":\"EntryPoint\",\"urlTemplate\":\"https:\/\/www.blue-heeler.de\/fr\/?s={search_term_string}\"},\"query-input\":{\"@type\":\"PropertyValueSpecification\",\"valueRequired\":true,\"valueName\":\"search_term_string\"}}],\"inLanguage\":\"fr-FR\"},{\"@type\":\"Organization\",\"@id\":\"https:\/\/www.blue-heeler.de\/fr\/#organization\",\"name\":\"blue heeler Europe\",\"url\":\"https:\/\/www.blue-heeler.de\/fr\/\",\"logo\":{\"@type\":\"ImageObject\",\"inLanguage\":\"fr-FR\",\"@id\":\"https:\/\/www.blue-heeler.de\/fr\/#\/schema\/logo\/image\/\",\"url\":\"https:\/\/www.blue-heeler.de\/wp-content\/uploads\/Blue-Heeler-logo.png\",\"contentUrl\":\"https:\/\/www.blue-heeler.de\/wp-content\/uploads\/Blue-Heeler-logo.png\",\"width\":1024,\"height\":292,\"caption\":\"blue heeler Europe\"},\"image\":{\"@id\":\"https:\/\/www.blue-heeler.de\/fr\/#\/schema\/logo\/image\/\"}}]}<\/script>\n<!-- \/ Yoast SEO Premium plugin. -->","yoast_head_json":{"title":"Jackaroo Marron \/ Vert | Blue heeler Boots","description":"Acheter en ligne Hommes, Femmes & Enfants Jackaroo Marron \/ Vert. Livraison gratuite. Retour facile. Qualit\u00e9 100% authentique. Livraison gratuite. Talon bleu","robots":{"index":"index","follow":"follow","max-snippet":"max-snippet:-1","max-image-preview":"max-image-preview:large","max-video-preview":"max-video-preview:-1"},"canonical":"https:\/\/www.blue-heeler.de\/fr\/Produkt\/jackaroo-marron-vert\/","og_locale":"fr_FR","og_type":"article","og_title":"Jackaroo Marron \/ Vert | Blue heeler Boots","og_description":"Acheter en ligne Hommes, Femmes & Enfants Jackaroo Marron \/ Vert. Livraison gratuite. Retour facile. Qualit\u00e9 100% authentique. Livraison gratuite. Talon bleu","og_url":"https:\/\/www.blue-heeler.de\/fr\/Produkt\/jackaroo-marron-vert\/","og_site_name":"BLUE HEELER BOOTS","og_image":[{"width":1000,"height":1000,"url":"https:\/\/www.blue-heeler.de\/wp-content\/uploads\/blue-heeler-herrenschuh-boots-jackaroo-braun-grun-1.jpg","type":"image\/jpeg"}],"twitter_card":"summary_large_image","schema":{"@context":"https:\/\/schema.org","@graph":[{"@type":"WebPage","@id":"https:\/\/www.blue-heeler.de\/fr\/Produkt\/jackaroo-marron-vert\/","url":"https:\/\/www.blue-heeler.de\/fr\/Produkt\/jackaroo-marron-vert\/","name":"Jackaroo Marron \/ Vert | Blue heeler Boots","isPartOf":{"@id":"https:\/\/www.blue-heeler.de\/fr\/#website"},"primaryImageOfPage":{"@id":"https:\/\/www.blue-heeler.de\/fr\/Produkt\/jackaroo-marron-vert\/#primaryimage"},"image":{"@id":"https:\/\/www.blue-heeler.de\/fr\/Produkt\/jackaroo-marron-vert\/#primaryimage"},"thumbnailUrl":"https:\/\/www.blue-heeler.de\/wp-content\/uploads\/blue-heeler-herrenschuh-boots-jackaroo-braun-grun-1.jpg","datePublished":"2024-05-10T11:03:39+00:00","description":"Acheter en ligne Hommes, Femmes & Enfants Jackaroo Marron \/ Vert. Livraison gratuite. Retour facile. Qualit\u00e9 100% authentique. Livraison gratuite. Talon bleu","breadcrumb":{"@id":"https:\/\/www.blue-heeler.de\/fr\/Produkt\/jackaroo-marron-vert\/#breadcrumb"},"inLanguage":"fr-FR","potentialAction":[{"@type":"ReadAction","target":["https:\/\/www.blue-heeler.de\/fr\/Produkt\/jackaroo-marron-vert\/"]}]},{"@type":"ImageObject","inLanguage":"fr-FR","@id":"https:\/\/www.blue-heeler.de\/fr\/Produkt\/jackaroo-marron-vert\/#primaryimage","url":"https:\/\/www.blue-heeler.de\/wp-content\/uploads\/blue-heeler-herrenschuh-boots-jackaroo-braun-grun-1.jpg","contentUrl":"https:\/\/www.blue-heeler.de\/wp-content\/uploads\/blue-heeler-herrenschuh-boots-jackaroo-braun-grun-1.jpg","width":1000,"height":1000},{"@type":"BreadcrumbList","@id":"https:\/\/www.blue-heeler.de\/fr\/Produkt\/jackaroo-marron-vert\/#breadcrumb","itemListElement":[{"@type":"ListItem","position":1,"name":"Startseite","item":"https:\/\/www.blue-heeler.de\/fr\/"},{"@type":"ListItem","position":2,"name":"Boutique","item":"https:\/\/www.blue-heeler.de\/fr\/boutique\/"},{"@type":"ListItem","position":3,"name":"JACKAROO marron vert"}]},{"@type":"WebSite","@id":"https:\/\/www.blue-heeler.de\/fr\/#website","url":"https:\/\/www.blue-heeler.de\/fr\/","name":"BLUE HEELER BOOTS","description":"","publisher":{"@id":"https:\/\/www.blue-heeler.de\/fr\/#organization"},"potentialAction":[{"@type":"SearchAction","target":{"@type":"EntryPoint","urlTemplate":"https:\/\/www.blue-heeler.de\/fr\/?s={search_term_string}"},"query-input":{"@type":"PropertyValueSpecification","valueRequired":true,"valueName":"search_term_string"}}],"inLanguage":"fr-FR"},{"@type":"Organization","@id":"https:\/\/www.blue-heeler.de\/fr\/#organization","name":"blue heeler Europe","url":"https:\/\/www.blue-heeler.de\/fr\/","logo":{"@type":"ImageObject","inLanguage":"fr-FR","@id":"https:\/\/www.blue-heeler.de\/fr\/#\/schema\/logo\/image\/","url":"https:\/\/www.blue-heeler.de\/wp-content\/uploads\/Blue-Heeler-logo.png","contentUrl":"https:\/\/www.blue-heeler.de\/wp-content\/uploads\/Blue-Heeler-logo.png","width":1024,"height":292,"caption":"blue heeler Europe"},"image":{"@id":"https:\/\/www.blue-heeler.de\/fr\/#\/schema\/logo\/image\/"}}]}},"_links":{"self":[{"href":"https:\/\/www.blue-heeler.de\/fr\/wp-json\/wp\/v2\/product\/88540","targetHints":{"allow":["GET"]}}],"collection":[{"href":"https:\/\/www.blue-heeler.de\/fr\/wp-json\/wp\/v2\/product"}],"about":[{"href":"https:\/\/www.blue-heeler.de\/fr\/wp-json\/wp\/v2\/types\/product"}],"replies":[{"embeddable":true,"href":"https:\/\/www.blue-heeler.de\/fr\/wp-json\/wp\/v2\/comments?post=88540"}],"wp:featuredmedia":[{"embeddable":true,"href":"https:\/\/www.blue-heeler.de\/fr\/wp-json\/wp\/v2\/media\/88550"}],"wp:attachment":[{"href":"https:\/\/www.blue-heeler.de\/fr\/wp-json\/wp\/v2\/media?parent=88540"}],"wp:term":[{"taxonomy":"product_brand","embeddable":true,"href":"https:\/\/www.blue-heeler.de\/fr\/wp-json\/wp\/v2\/product_brand?post=88540"},{"taxonomy":"product_cat","embeddable":true,"href":"https:\/\/www.blue-heeler.de\/fr\/wp-json\/wp\/v2\/product_cat?post=88540"},{"taxonomy":"product_tag","embeddable":true,"href":"https:\/\/www.blue-heeler.de\/fr\/wp-json\/wp\/v2\/product_tag?post=88540"},{"taxonomy":"giftcard-category","embeddable":true,"href":"https:\/\/www.blue-heeler.de\/fr\/wp-json\/wp\/v2\/giftcard-category?post=88540"}],"curies":[{"name":"wp","href":"https:\/\/api.w.org\/{rel}","templated":true}]}}