{"id":88321,"date":"2018-11-12T15:54:42","date_gmt":"2024-05-10T11:02:32","guid":{"rendered":"http:\/\/blue-heeler.de\/produkt\/josslyn-noir-gris\/"},"modified":"2024-05-10T13:02:34","modified_gmt":"2024-05-10T11:02:34","slug":"josslyn-noir-gris","status":"publish","type":"product","link":"https:\/\/www.blue-heeler.de\/fr\/Produkt\/josslyn-noir-gris\/","title":{"rendered":"JOSSLYN noir gris"},"content":{"rendered":"<p>Il est discr\u00e8tement f\u00e9minin, mais sans T\u00fcddel\u00fctt. La botte chelsea \u00e9troite mise sur des lignes claires, variation de couleurs : cuir nappa de vache teint\u00e9 dans la masse en noir, inserts stretch en graphite. Une finition authentique pour tout look casual intelligent.<\/p>\n<p>Sans oublier que \u00ab\u00a0JOSSLYN\u00a0\u00bb fait \u00e9galement une figure parfaite \u00e0 l&rsquo;ext\u00e9rieur. Le cuir nappa de vachette huil\u00e9 et d&rsquo;une \u00e9paisseur de 1,8 mm est imperm\u00e9able et ne craint pas l&rsquo;eau. La doublure int\u00e9rieure en cuir de veau souple assure un excellent climat dans la chaussure. L&rsquo;assise plantaire amortissante vous permet de parcourir de longues distances en tout confort. Et si le sol est in\u00e9gal ou glissant : La semelle antid\u00e9rapante en caoutchouc naturel est parfaitement adapt\u00e9e.<\/p>\n<p><strong>Pull on, kick off<\/strong><\/p>\n<ul>\n<li>Il suffit d&rsquo;entrer et de sortir :<br \/>\nBottine \u00e0 enfiler avec inserts lat\u00e9raux en stretch hydrofuge<\/li>\n<li>Patte de pr\u00e9hension astucieuse \u00e0 l&rsquo;avant et \u00e0 l&rsquo;arri\u00e8re<\/li>\n<\/ul>\n<p><strong>Bon caract\u00e8re<\/strong><\/p>\n<ul>\n<li>Cuir de vache nappa huil\u00e9 robuste (1,8 mm)<\/li>\n<li>Pr\u00e9traitement hydrofuge<\/li>\n<li>Doublure en cuir de veau fin<\/li>\n<li>Doublure 100% coton au niveau des orteils<\/li>\n<li>Semelle en caoutchouc naturel antid\u00e9rapante<\/li>\n<li>Cousu et coll\u00e9<\/li>\n<li>Ajustement anatomique &#8211; m\u00eame pour les pieds plus \u00e9troits<\/li>\n<li>Assise plantaire amovible &#8211; EVA avec garniture en cuir &#8211; convient \u00e9galement aux semelles orthop\u00e9diques<\/li>\n<li>Produit au Portugal<\/li>\n<\/ul>\n","protected":false},"excerpt":{"rendered":"<h2>JOSSLYN<\/h2>\n<p>Il est discr\u00e8tement f\u00e9minin, mais sans T\u00fcddel\u00fctt. La botte chelsea \u00e9troite mise sur des lignes claires et une charmante combinaison de couleurs : cuir nappa de vache teint\u00e9 dans la masse en noir, empi\u00e8cements stretch en graphite. Une finition authentique pour tout look casual intelligent.<\/p>\n","protected":false},"featured_media":88330,"comment_status":"closed","ping_status":"closed","template":"","meta":{"inline_featured_image":false},"product_brand":[],"product_cat":[1305,1311],"product_tag":[1202,833,1067,839,1043,1031,1028,851,857,959,1046,1070,905,881,1007,1142,917,1208,986],"giftcard-category":[],"class_list":{"0":"post-88321","1":"product","2":"type-product","3":"status-publish","4":"has-post-thumbnail","6":"product_cat-chaussures-pour-femmes","7":"product_cat-bottes-bottines-pour-femmes","8":"product_tag-antiderapant","9":"product_tag-australie","10":"product_tag-bottes-fr","11":"product_tag-bottes","12":"product_tag-bottes-a-enfiler","13":"product_tag-bottes-dequitation-fr","14":"product_tag-bottes-dequitation","15":"product_tag-bottes-de-chelsea","16":"product_tag-bottes-de-ville","17":"product_tag-bottes-en-cuir","18":"product_tag-bottine-a-enfiler","19":"product_tag-bottines","20":"product_tag-cuir-lisse","21":"product_tag-cuir-veritable","22":"product_tag-en-plein-air","23":"product_tag-gris","24":"product_tag-josslyn-fr","25":"product_tag-noir","26":"product_tag-semelle-en-caoutchouc-naturel","27":"pa_groesse-36-eu-35-uk","28":"pa_groesse-37-eu-4-uk","29":"pa_groesse-38-eu-5-uk","30":"pa_groesse-39-eu-6-uk","31":"pa_groesse-40-eu-65-uk","32":"pa_groesse-41-eu-7-uk","33":"pa_groesse-42-eu-8-uk","35":"first","36":"instock","37":"taxable","38":"shipping-taxable","39":"purchasable","40":"product-type-variable"},"yoast_head":"<!-- This site is optimized with the Yoast SEO Premium plugin v26.6 (Yoast SEO v26.5) - https:\/\/yoast.com\/wordpress\/plugins\/seo\/ -->\n<title>JOSSLYN noir gris | Blue Heeler Boots<\/title>\n<meta name=\"description\" content=\"Blue Heeler blue heeler, Chelsea boots Fraser en gris moyen, bottines pour femme - Blue Heeler blue heeler, ballerine Mira en noir, ballerines pour ...\" \/>\n<meta name=\"robots\" content=\"index, follow, max-snippet:-1, max-image-preview:large, max-video-preview:-1\" \/>\n<link rel=\"canonical\" href=\"https:\/\/www.blue-heeler.de\/fr\/Produkt\/josslyn-noir-gris\/\" \/>\n<meta property=\"og:locale\" content=\"fr_FR\" \/>\n<meta property=\"og:type\" content=\"article\" \/>\n<meta property=\"og:title\" content=\"JOSSLYN noir gris | Blue Heeler Boots\" \/>\n<meta property=\"og:description\" content=\"Blue Heeler blue heeler, Chelsea boots Fraser en gris moyen, bottines pour femme - Blue Heeler blue heeler, ballerine Mira en noir, ballerines pour ...\" \/>\n<meta property=\"og:url\" content=\"https:\/\/www.blue-heeler.de\/fr\/Produkt\/josslyn-noir-gris\/\" \/>\n<meta property=\"og:site_name\" content=\"BLUE HEELER BOOTS\" \/>\n<meta property=\"article:modified_time\" content=\"2024-05-10T11:02:34+00:00\" \/>\n<meta property=\"og:image\" content=\"https:\/\/www.blue-heeler.de\/wp-content\/uploads\/blue-heeler-damenschuh-boots-josslyn-schwarz-grau-1-1.jpg\" \/>\n\t<meta property=\"og:image:width\" content=\"1000\" \/>\n\t<meta property=\"og:image:height\" content=\"1000\" \/>\n\t<meta property=\"og:image:type\" content=\"image\/jpeg\" \/>\n<meta name=\"twitter:card\" content=\"summary_large_image\" \/>\n<script type=\"application\/ld+json\" class=\"yoast-schema-graph\">{\"@context\":\"https:\/\/schema.org\",\"@graph\":[{\"@type\":\"WebPage\",\"@id\":\"https:\/\/www.blue-heeler.de\/fr\/Produkt\/josslyn-noir-gris\/\",\"url\":\"https:\/\/www.blue-heeler.de\/fr\/Produkt\/josslyn-noir-gris\/\",\"name\":\"JOSSLYN noir gris | Blue Heeler Boots\",\"isPartOf\":{\"@id\":\"https:\/\/www.blue-heeler.de\/fr\/#website\"},\"primaryImageOfPage\":{\"@id\":\"https:\/\/www.blue-heeler.de\/fr\/Produkt\/josslyn-noir-gris\/#primaryimage\"},\"image\":{\"@id\":\"https:\/\/www.blue-heeler.de\/fr\/Produkt\/josslyn-noir-gris\/#primaryimage\"},\"thumbnailUrl\":\"https:\/\/www.blue-heeler.de\/wp-content\/uploads\/blue-heeler-damenschuh-boots-josslyn-schwarz-grau-1-1.jpg\",\"datePublished\":\"2024-05-10T11:02:32+00:00\",\"dateModified\":\"2024-05-10T11:02:34+00:00\",\"description\":\"Blue Heeler blue heeler, Chelsea boots Fraser en gris moyen, bottines pour femme - Blue Heeler blue heeler, ballerine Mira en noir, ballerines pour ...\",\"breadcrumb\":{\"@id\":\"https:\/\/www.blue-heeler.de\/fr\/Produkt\/josslyn-noir-gris\/#breadcrumb\"},\"inLanguage\":\"fr-FR\",\"potentialAction\":[{\"@type\":\"ReadAction\",\"target\":[\"https:\/\/www.blue-heeler.de\/fr\/Produkt\/josslyn-noir-gris\/\"]}]},{\"@type\":\"ImageObject\",\"inLanguage\":\"fr-FR\",\"@id\":\"https:\/\/www.blue-heeler.de\/fr\/Produkt\/josslyn-noir-gris\/#primaryimage\",\"url\":\"https:\/\/www.blue-heeler.de\/wp-content\/uploads\/blue-heeler-damenschuh-boots-josslyn-schwarz-grau-1-1.jpg\",\"contentUrl\":\"https:\/\/www.blue-heeler.de\/wp-content\/uploads\/blue-heeler-damenschuh-boots-josslyn-schwarz-grau-1-1.jpg\",\"width\":1000,\"height\":1000},{\"@type\":\"BreadcrumbList\",\"@id\":\"https:\/\/www.blue-heeler.de\/fr\/Produkt\/josslyn-noir-gris\/#breadcrumb\",\"itemListElement\":[{\"@type\":\"ListItem\",\"position\":1,\"name\":\"Startseite\",\"item\":\"https:\/\/www.blue-heeler.de\/fr\/\"},{\"@type\":\"ListItem\",\"position\":2,\"name\":\"Boutique\",\"item\":\"https:\/\/www.blue-heeler.de\/fr\/boutique\/\"},{\"@type\":\"ListItem\",\"position\":3,\"name\":\"JOSSLYN noir gris\"}]},{\"@type\":\"WebSite\",\"@id\":\"https:\/\/www.blue-heeler.de\/fr\/#website\",\"url\":\"https:\/\/www.blue-heeler.de\/fr\/\",\"name\":\"BLUE HEELER BOOTS\",\"description\":\"\",\"publisher\":{\"@id\":\"https:\/\/www.blue-heeler.de\/fr\/#organization\"},\"potentialAction\":[{\"@type\":\"SearchAction\",\"target\":{\"@type\":\"EntryPoint\",\"urlTemplate\":\"https:\/\/www.blue-heeler.de\/fr\/?s={search_term_string}\"},\"query-input\":{\"@type\":\"PropertyValueSpecification\",\"valueRequired\":true,\"valueName\":\"search_term_string\"}}],\"inLanguage\":\"fr-FR\"},{\"@type\":\"Organization\",\"@id\":\"https:\/\/www.blue-heeler.de\/fr\/#organization\",\"name\":\"blue heeler Europe\",\"url\":\"https:\/\/www.blue-heeler.de\/fr\/\",\"logo\":{\"@type\":\"ImageObject\",\"inLanguage\":\"fr-FR\",\"@id\":\"https:\/\/www.blue-heeler.de\/fr\/#\/schema\/logo\/image\/\",\"url\":\"https:\/\/www.blue-heeler.de\/wp-content\/uploads\/Blue-Heeler-logo.png\",\"contentUrl\":\"https:\/\/www.blue-heeler.de\/wp-content\/uploads\/Blue-Heeler-logo.png\",\"width\":1024,\"height\":292,\"caption\":\"blue heeler Europe\"},\"image\":{\"@id\":\"https:\/\/www.blue-heeler.de\/fr\/#\/schema\/logo\/image\/\"}}]}<\/script>\n<!-- \/ Yoast SEO Premium plugin. -->","yoast_head_json":{"title":"JOSSLYN noir gris | Blue Heeler Boots","description":"Blue Heeler blue heeler, Chelsea boots Fraser en gris moyen, bottines pour femme - Blue Heeler blue heeler, ballerine Mira en noir, ballerines pour ...","robots":{"index":"index","follow":"follow","max-snippet":"max-snippet:-1","max-image-preview":"max-image-preview:large","max-video-preview":"max-video-preview:-1"},"canonical":"https:\/\/www.blue-heeler.de\/fr\/Produkt\/josslyn-noir-gris\/","og_locale":"fr_FR","og_type":"article","og_title":"JOSSLYN noir gris | Blue Heeler Boots","og_description":"Blue Heeler blue heeler, Chelsea boots Fraser en gris moyen, bottines pour femme - Blue Heeler blue heeler, ballerine Mira en noir, ballerines pour ...","og_url":"https:\/\/www.blue-heeler.de\/fr\/Produkt\/josslyn-noir-gris\/","og_site_name":"BLUE HEELER BOOTS","article_modified_time":"2024-05-10T11:02:34+00:00","og_image":[{"width":1000,"height":1000,"url":"https:\/\/www.blue-heeler.de\/wp-content\/uploads\/blue-heeler-damenschuh-boots-josslyn-schwarz-grau-1-1.jpg","type":"image\/jpeg"}],"twitter_card":"summary_large_image","schema":{"@context":"https:\/\/schema.org","@graph":[{"@type":"WebPage","@id":"https:\/\/www.blue-heeler.de\/fr\/Produkt\/josslyn-noir-gris\/","url":"https:\/\/www.blue-heeler.de\/fr\/Produkt\/josslyn-noir-gris\/","name":"JOSSLYN noir gris | Blue Heeler Boots","isPartOf":{"@id":"https:\/\/www.blue-heeler.de\/fr\/#website"},"primaryImageOfPage":{"@id":"https:\/\/www.blue-heeler.de\/fr\/Produkt\/josslyn-noir-gris\/#primaryimage"},"image":{"@id":"https:\/\/www.blue-heeler.de\/fr\/Produkt\/josslyn-noir-gris\/#primaryimage"},"thumbnailUrl":"https:\/\/www.blue-heeler.de\/wp-content\/uploads\/blue-heeler-damenschuh-boots-josslyn-schwarz-grau-1-1.jpg","datePublished":"2024-05-10T11:02:32+00:00","dateModified":"2024-05-10T11:02:34+00:00","description":"Blue Heeler blue heeler, Chelsea boots Fraser en gris moyen, bottines pour femme - Blue Heeler blue heeler, ballerine Mira en noir, ballerines pour ...","breadcrumb":{"@id":"https:\/\/www.blue-heeler.de\/fr\/Produkt\/josslyn-noir-gris\/#breadcrumb"},"inLanguage":"fr-FR","potentialAction":[{"@type":"ReadAction","target":["https:\/\/www.blue-heeler.de\/fr\/Produkt\/josslyn-noir-gris\/"]}]},{"@type":"ImageObject","inLanguage":"fr-FR","@id":"https:\/\/www.blue-heeler.de\/fr\/Produkt\/josslyn-noir-gris\/#primaryimage","url":"https:\/\/www.blue-heeler.de\/wp-content\/uploads\/blue-heeler-damenschuh-boots-josslyn-schwarz-grau-1-1.jpg","contentUrl":"https:\/\/www.blue-heeler.de\/wp-content\/uploads\/blue-heeler-damenschuh-boots-josslyn-schwarz-grau-1-1.jpg","width":1000,"height":1000},{"@type":"BreadcrumbList","@id":"https:\/\/www.blue-heeler.de\/fr\/Produkt\/josslyn-noir-gris\/#breadcrumb","itemListElement":[{"@type":"ListItem","position":1,"name":"Startseite","item":"https:\/\/www.blue-heeler.de\/fr\/"},{"@type":"ListItem","position":2,"name":"Boutique","item":"https:\/\/www.blue-heeler.de\/fr\/boutique\/"},{"@type":"ListItem","position":3,"name":"JOSSLYN noir gris"}]},{"@type":"WebSite","@id":"https:\/\/www.blue-heeler.de\/fr\/#website","url":"https:\/\/www.blue-heeler.de\/fr\/","name":"BLUE HEELER BOOTS","description":"","publisher":{"@id":"https:\/\/www.blue-heeler.de\/fr\/#organization"},"potentialAction":[{"@type":"SearchAction","target":{"@type":"EntryPoint","urlTemplate":"https:\/\/www.blue-heeler.de\/fr\/?s={search_term_string}"},"query-input":{"@type":"PropertyValueSpecification","valueRequired":true,"valueName":"search_term_string"}}],"inLanguage":"fr-FR"},{"@type":"Organization","@id":"https:\/\/www.blue-heeler.de\/fr\/#organization","name":"blue heeler Europe","url":"https:\/\/www.blue-heeler.de\/fr\/","logo":{"@type":"ImageObject","inLanguage":"fr-FR","@id":"https:\/\/www.blue-heeler.de\/fr\/#\/schema\/logo\/image\/","url":"https:\/\/www.blue-heeler.de\/wp-content\/uploads\/Blue-Heeler-logo.png","contentUrl":"https:\/\/www.blue-heeler.de\/wp-content\/uploads\/Blue-Heeler-logo.png","width":1024,"height":292,"caption":"blue heeler Europe"},"image":{"@id":"https:\/\/www.blue-heeler.de\/fr\/#\/schema\/logo\/image\/"}}]}},"_links":{"self":[{"href":"https:\/\/www.blue-heeler.de\/fr\/wp-json\/wp\/v2\/product\/88321","targetHints":{"allow":["GET"]}}],"collection":[{"href":"https:\/\/www.blue-heeler.de\/fr\/wp-json\/wp\/v2\/product"}],"about":[{"href":"https:\/\/www.blue-heeler.de\/fr\/wp-json\/wp\/v2\/types\/product"}],"replies":[{"embeddable":true,"href":"https:\/\/www.blue-heeler.de\/fr\/wp-json\/wp\/v2\/comments?post=88321"}],"wp:featuredmedia":[{"embeddable":true,"href":"https:\/\/www.blue-heeler.de\/fr\/wp-json\/wp\/v2\/media\/88330"}],"wp:attachment":[{"href":"https:\/\/www.blue-heeler.de\/fr\/wp-json\/wp\/v2\/media?parent=88321"}],"wp:term":[{"taxonomy":"product_brand","embeddable":true,"href":"https:\/\/www.blue-heeler.de\/fr\/wp-json\/wp\/v2\/product_brand?post=88321"},{"taxonomy":"product_cat","embeddable":true,"href":"https:\/\/www.blue-heeler.de\/fr\/wp-json\/wp\/v2\/product_cat?post=88321"},{"taxonomy":"product_tag","embeddable":true,"href":"https:\/\/www.blue-heeler.de\/fr\/wp-json\/wp\/v2\/product_tag?post=88321"},{"taxonomy":"giftcard-category","embeddable":true,"href":"https:\/\/www.blue-heeler.de\/fr\/wp-json\/wp\/v2\/giftcard-category?post=88321"}],"curies":[{"name":"wp","href":"https:\/\/api.w.org\/{rel}","templated":true}]}}