{"id":86756,"date":"2018-11-12T16:05:28","date_gmt":"2024-05-10T10:59:50","guid":{"rendered":"http:\/\/blue-heeler.de\/produkt\/windsor-nougat-2\/"},"modified":"2024-05-10T12:59:50","modified_gmt":"2024-05-10T10:59:50","slug":"windsor-nougat-2","status":"publish","type":"product","link":"https:\/\/www.blue-heeler.de\/fr\/Produkt\/windsor-nougat-2\/","title":{"rendered":"WINDSOR nougat"},"content":{"rendered":"<p>La botte Chelsea rencontre la maison de Windsor &#8211; avec une touche de royaut\u00e9, ce classique du design devient une pi\u00e8ce ma\u00eetresse de l&rsquo;art de la chaussure. Il s&rsquo;accorde donc parfaitement avec le style classique des affaires, mais aussi avec les tenues de soir\u00e9e \u00e9l\u00e9gantes. Avec leur cuir de vache nappa huil\u00e9 et teint\u00e9 dans la masse ainsi que leurs coutures d\u00e9coratives accentu\u00e9es, ces bottines affichent avec assurance leur origine distingu\u00e9e.<\/p>\n<p>L&rsquo;int\u00e9rieur des chaussures est enti\u00e8rement doubl\u00e9 de cuir de veau souple. La fabrication est \u00e9galement de grande qualit\u00e9 : le cuir sup\u00e9rieur et la semelle int\u00e9rieure sont enti\u00e8rement cousus ensemble. Une botte \u00e0 enfiler confortable \u00e0 tous points de vue et aux traits nobles .<\/p>\n<p><strong>Pull on, kick-off<\/strong><\/p>\n<ul>\n<li>Il suffit d&rsquo;entrer et de sortir :<br \/>\nBottine \u00e0 enfiler avec inserts lat\u00e9raux en stretch hydrofuge<\/li>\n<li>Patte de pr\u00e9hension astucieuse \u00e0 l&rsquo;avant et \u00e0 l&rsquo;arri\u00e8re<\/li>\n<\/ul>\n<p><strong>Bon caract\u00e8re<\/strong><\/p>\n<ul>\n<li>Cuir de vache nappa r\u00e9sistant, huil\u00e9 et teint\u00e9 dans la masse (1,8 mm)<\/li>\n<li>Pr\u00e9traitement hydrofuge<\/li>\n<li>Doublure en cuir de veau souple<\/li>\n<li>Semelle de protection en cuir\/caoutchouc<\/li>\n<li>Pr\u00e9traitement hydrofuge<\/li>\n<li>Forme anatomique unisexe &#8211; convient \u00e9galement aux pieds plus \u00e9troits<\/li>\n<li>Semelle de propret\u00e9 cousue en cuir &#8211; Vo\u00fbte plantaire amovible en option<\/li>\n<li>Fabriqu\u00e9 dans une usine certifi\u00e9e en Inde<\/li>\n<\/ul>\n","protected":false},"excerpt":{"rendered":"<h2>WINDSOR<\/h2>\n<p>La botte Chelsea rencontre la maison de Windsor &#8211; avec une touche de royaut\u00e9, ce classique du design devient une pi\u00e8ce ma\u00eetresse de l&rsquo;art de la chaussure. Il s&rsquo;accorde donc parfaitement avec le style classique des affaires, mais aussi avec les tenues de soir\u00e9e \u00e9l\u00e9gantes. Avec leur cuir de vache nappa huil\u00e9 et teint\u00e9 dans la masse ainsi que leurs coutures d\u00e9coratives accentu\u00e9es, ces bottines affichent avec assurance leur origine distingu\u00e9e.<\/p>\n","protected":false},"featured_media":86768,"comment_status":"closed","ping_status":"closed","template":"","meta":{"inline_featured_image":false},"product_brand":[],"product_cat":[1323,1326],"product_tag":[839,959,1070,854,953,905,881,1178,956,1091],"giftcard-category":[],"class_list":{"0":"post-86756","1":"product","2":"type-product","3":"status-publish","4":"has-post-thumbnail","6":"product_cat-chaussures-pour-hommes","7":"product_cat-bottes-bottines-pour-hommes","8":"product_tag-bottes","9":"product_tag-bottes-en-cuir","10":"product_tag-bottines","11":"product_tag-bottines-chelsea","12":"product_tag-chaussure-en-cuir","13":"product_tag-cuir-lisse","14":"product_tag-cuir-veritable","15":"product_tag-nougat-fr","16":"product_tag-semelle-en-cuir","17":"product_tag-windsor-fr","18":"pa_groesse-38-eu-5-uk","19":"pa_groesse-39-eu-6-uk","20":"pa_groesse-40-eu-65-uk","21":"pa_groesse-41-eu-7-uk","22":"pa_groesse-42-eu-8-uk","23":"pa_groesse-43-eu-9-uk","24":"pa_groesse-44-eu-10-uk","25":"pa_groesse-45-eu-105-uk","26":"pa_groesse-46-eu-11-uk","27":"pa_groesse-47-eu-12-uk","28":"pa_groesse-48-eu-13-uk","30":"first","31":"instock","32":"taxable","33":"shipping-taxable","34":"purchasable","35":"product-type-variable"},"yoast_head":"<!-- This site is optimized with the Yoast SEO Premium plugin v26.6 (Yoast SEO v26.5) - https:\/\/yoast.com\/wordpress\/plugins\/seo\/ -->\n<title>WINDSOR nougat | Blue Heeler Boots<\/title>\n<meta name=\"description\" content=\"Acheter en ligne Hommes, Femmes &amp; Enfants Windsor Nouga. Livraison gratuite. Retour facile. Qualit\u00e9 100% authentique. Livraison gratuite. Talon bleu\" \/>\n<meta name=\"robots\" content=\"index, follow, max-snippet:-1, max-image-preview:large, max-video-preview:-1\" \/>\n<link rel=\"canonical\" href=\"https:\/\/www.blue-heeler.de\/fr\/Produkt\/windsor-nougat-2\/\" \/>\n<meta property=\"og:locale\" content=\"fr_FR\" \/>\n<meta property=\"og:type\" content=\"article\" \/>\n<meta property=\"og:title\" content=\"WINDSOR nougat | Blue Heeler Boots\" \/>\n<meta property=\"og:description\" content=\"Acheter en ligne Hommes, Femmes &amp; Enfants Windsor Nouga. Livraison gratuite. Retour facile. Qualit\u00e9 100% authentique. Livraison gratuite. Talon bleu\" \/>\n<meta property=\"og:url\" content=\"https:\/\/www.blue-heeler.de\/fr\/Produkt\/windsor-nougat-2\/\" \/>\n<meta property=\"og:site_name\" content=\"BLUE HEELER BOOTS\" \/>\n<meta property=\"og:image\" content=\"https:\/\/www.blue-heeler.de\/wp-content\/uploads\/herren-boots-stiefeletten-chelsea-braun-windsor-handgenaeht-ledersohle-00-2-1.jpg\" \/>\n\t<meta property=\"og:image:width\" content=\"1024\" \/>\n\t<meta property=\"og:image:height\" content=\"1024\" \/>\n\t<meta property=\"og:image:type\" content=\"image\/jpeg\" \/>\n<meta name=\"twitter:card\" content=\"summary_large_image\" \/>\n<script type=\"application\/ld+json\" class=\"yoast-schema-graph\">{\"@context\":\"https:\/\/schema.org\",\"@graph\":[{\"@type\":\"WebPage\",\"@id\":\"https:\/\/www.blue-heeler.de\/fr\/Produkt\/windsor-nougat-2\/\",\"url\":\"https:\/\/www.blue-heeler.de\/fr\/Produkt\/windsor-nougat-2\/\",\"name\":\"WINDSOR nougat | Blue Heeler Boots\",\"isPartOf\":{\"@id\":\"https:\/\/www.blue-heeler.de\/fr\/#website\"},\"primaryImageOfPage\":{\"@id\":\"https:\/\/www.blue-heeler.de\/fr\/Produkt\/windsor-nougat-2\/#primaryimage\"},\"image\":{\"@id\":\"https:\/\/www.blue-heeler.de\/fr\/Produkt\/windsor-nougat-2\/#primaryimage\"},\"thumbnailUrl\":\"https:\/\/www.blue-heeler.de\/wp-content\/uploads\/herren-boots-stiefeletten-chelsea-braun-windsor-handgenaeht-ledersohle-00-2-1.jpg\",\"datePublished\":\"2024-05-10T10:59:50+00:00\",\"description\":\"Acheter en ligne Hommes, Femmes & Enfants Windsor Nouga. Livraison gratuite. Retour facile. Qualit\u00e9 100% authentique. Livraison gratuite. Talon bleu\",\"breadcrumb\":{\"@id\":\"https:\/\/www.blue-heeler.de\/fr\/Produkt\/windsor-nougat-2\/#breadcrumb\"},\"inLanguage\":\"fr-FR\",\"potentialAction\":[{\"@type\":\"ReadAction\",\"target\":[\"https:\/\/www.blue-heeler.de\/fr\/Produkt\/windsor-nougat-2\/\"]}]},{\"@type\":\"ImageObject\",\"inLanguage\":\"fr-FR\",\"@id\":\"https:\/\/www.blue-heeler.de\/fr\/Produkt\/windsor-nougat-2\/#primaryimage\",\"url\":\"https:\/\/www.blue-heeler.de\/wp-content\/uploads\/herren-boots-stiefeletten-chelsea-braun-windsor-handgenaeht-ledersohle-00-2-1.jpg\",\"contentUrl\":\"https:\/\/www.blue-heeler.de\/wp-content\/uploads\/herren-boots-stiefeletten-chelsea-braun-windsor-handgenaeht-ledersohle-00-2-1.jpg\",\"width\":1024,\"height\":1024},{\"@type\":\"BreadcrumbList\",\"@id\":\"https:\/\/www.blue-heeler.de\/fr\/Produkt\/windsor-nougat-2\/#breadcrumb\",\"itemListElement\":[{\"@type\":\"ListItem\",\"position\":1,\"name\":\"Startseite\",\"item\":\"https:\/\/www.blue-heeler.de\/fr\/\"},{\"@type\":\"ListItem\",\"position\":2,\"name\":\"Boutique\",\"item\":\"https:\/\/www.blue-heeler.de\/fr\/boutique\/\"},{\"@type\":\"ListItem\",\"position\":3,\"name\":\"WINDSOR nougat\"}]},{\"@type\":\"WebSite\",\"@id\":\"https:\/\/www.blue-heeler.de\/fr\/#website\",\"url\":\"https:\/\/www.blue-heeler.de\/fr\/\",\"name\":\"BLUE HEELER BOOTS\",\"description\":\"\",\"publisher\":{\"@id\":\"https:\/\/www.blue-heeler.de\/fr\/#organization\"},\"potentialAction\":[{\"@type\":\"SearchAction\",\"target\":{\"@type\":\"EntryPoint\",\"urlTemplate\":\"https:\/\/www.blue-heeler.de\/fr\/?s={search_term_string}\"},\"query-input\":{\"@type\":\"PropertyValueSpecification\",\"valueRequired\":true,\"valueName\":\"search_term_string\"}}],\"inLanguage\":\"fr-FR\"},{\"@type\":\"Organization\",\"@id\":\"https:\/\/www.blue-heeler.de\/fr\/#organization\",\"name\":\"blue heeler Europe\",\"url\":\"https:\/\/www.blue-heeler.de\/fr\/\",\"logo\":{\"@type\":\"ImageObject\",\"inLanguage\":\"fr-FR\",\"@id\":\"https:\/\/www.blue-heeler.de\/fr\/#\/schema\/logo\/image\/\",\"url\":\"https:\/\/www.blue-heeler.de\/wp-content\/uploads\/Blue-Heeler-logo.png\",\"contentUrl\":\"https:\/\/www.blue-heeler.de\/wp-content\/uploads\/Blue-Heeler-logo.png\",\"width\":1024,\"height\":292,\"caption\":\"blue heeler Europe\"},\"image\":{\"@id\":\"https:\/\/www.blue-heeler.de\/fr\/#\/schema\/logo\/image\/\"}}]}<\/script>\n<!-- \/ Yoast SEO Premium plugin. -->","yoast_head_json":{"title":"WINDSOR nougat | Blue Heeler Boots","description":"Acheter en ligne Hommes, Femmes & Enfants Windsor Nouga. Livraison gratuite. Retour facile. Qualit\u00e9 100% authentique. Livraison gratuite. Talon bleu","robots":{"index":"index","follow":"follow","max-snippet":"max-snippet:-1","max-image-preview":"max-image-preview:large","max-video-preview":"max-video-preview:-1"},"canonical":"https:\/\/www.blue-heeler.de\/fr\/Produkt\/windsor-nougat-2\/","og_locale":"fr_FR","og_type":"article","og_title":"WINDSOR nougat | Blue Heeler Boots","og_description":"Acheter en ligne Hommes, Femmes & Enfants Windsor Nouga. Livraison gratuite. Retour facile. Qualit\u00e9 100% authentique. Livraison gratuite. Talon bleu","og_url":"https:\/\/www.blue-heeler.de\/fr\/Produkt\/windsor-nougat-2\/","og_site_name":"BLUE HEELER BOOTS","og_image":[{"width":1024,"height":1024,"url":"https:\/\/www.blue-heeler.de\/wp-content\/uploads\/herren-boots-stiefeletten-chelsea-braun-windsor-handgenaeht-ledersohle-00-2-1.jpg","type":"image\/jpeg"}],"twitter_card":"summary_large_image","schema":{"@context":"https:\/\/schema.org","@graph":[{"@type":"WebPage","@id":"https:\/\/www.blue-heeler.de\/fr\/Produkt\/windsor-nougat-2\/","url":"https:\/\/www.blue-heeler.de\/fr\/Produkt\/windsor-nougat-2\/","name":"WINDSOR nougat | Blue Heeler Boots","isPartOf":{"@id":"https:\/\/www.blue-heeler.de\/fr\/#website"},"primaryImageOfPage":{"@id":"https:\/\/www.blue-heeler.de\/fr\/Produkt\/windsor-nougat-2\/#primaryimage"},"image":{"@id":"https:\/\/www.blue-heeler.de\/fr\/Produkt\/windsor-nougat-2\/#primaryimage"},"thumbnailUrl":"https:\/\/www.blue-heeler.de\/wp-content\/uploads\/herren-boots-stiefeletten-chelsea-braun-windsor-handgenaeht-ledersohle-00-2-1.jpg","datePublished":"2024-05-10T10:59:50+00:00","description":"Acheter en ligne Hommes, Femmes & Enfants Windsor Nouga. Livraison gratuite. Retour facile. Qualit\u00e9 100% authentique. Livraison gratuite. Talon bleu","breadcrumb":{"@id":"https:\/\/www.blue-heeler.de\/fr\/Produkt\/windsor-nougat-2\/#breadcrumb"},"inLanguage":"fr-FR","potentialAction":[{"@type":"ReadAction","target":["https:\/\/www.blue-heeler.de\/fr\/Produkt\/windsor-nougat-2\/"]}]},{"@type":"ImageObject","inLanguage":"fr-FR","@id":"https:\/\/www.blue-heeler.de\/fr\/Produkt\/windsor-nougat-2\/#primaryimage","url":"https:\/\/www.blue-heeler.de\/wp-content\/uploads\/herren-boots-stiefeletten-chelsea-braun-windsor-handgenaeht-ledersohle-00-2-1.jpg","contentUrl":"https:\/\/www.blue-heeler.de\/wp-content\/uploads\/herren-boots-stiefeletten-chelsea-braun-windsor-handgenaeht-ledersohle-00-2-1.jpg","width":1024,"height":1024},{"@type":"BreadcrumbList","@id":"https:\/\/www.blue-heeler.de\/fr\/Produkt\/windsor-nougat-2\/#breadcrumb","itemListElement":[{"@type":"ListItem","position":1,"name":"Startseite","item":"https:\/\/www.blue-heeler.de\/fr\/"},{"@type":"ListItem","position":2,"name":"Boutique","item":"https:\/\/www.blue-heeler.de\/fr\/boutique\/"},{"@type":"ListItem","position":3,"name":"WINDSOR nougat"}]},{"@type":"WebSite","@id":"https:\/\/www.blue-heeler.de\/fr\/#website","url":"https:\/\/www.blue-heeler.de\/fr\/","name":"BLUE HEELER BOOTS","description":"","publisher":{"@id":"https:\/\/www.blue-heeler.de\/fr\/#organization"},"potentialAction":[{"@type":"SearchAction","target":{"@type":"EntryPoint","urlTemplate":"https:\/\/www.blue-heeler.de\/fr\/?s={search_term_string}"},"query-input":{"@type":"PropertyValueSpecification","valueRequired":true,"valueName":"search_term_string"}}],"inLanguage":"fr-FR"},{"@type":"Organization","@id":"https:\/\/www.blue-heeler.de\/fr\/#organization","name":"blue heeler Europe","url":"https:\/\/www.blue-heeler.de\/fr\/","logo":{"@type":"ImageObject","inLanguage":"fr-FR","@id":"https:\/\/www.blue-heeler.de\/fr\/#\/schema\/logo\/image\/","url":"https:\/\/www.blue-heeler.de\/wp-content\/uploads\/Blue-Heeler-logo.png","contentUrl":"https:\/\/www.blue-heeler.de\/wp-content\/uploads\/Blue-Heeler-logo.png","width":1024,"height":292,"caption":"blue heeler Europe"},"image":{"@id":"https:\/\/www.blue-heeler.de\/fr\/#\/schema\/logo\/image\/"}}]}},"_links":{"self":[{"href":"https:\/\/www.blue-heeler.de\/fr\/wp-json\/wp\/v2\/product\/86756","targetHints":{"allow":["GET"]}}],"collection":[{"href":"https:\/\/www.blue-heeler.de\/fr\/wp-json\/wp\/v2\/product"}],"about":[{"href":"https:\/\/www.blue-heeler.de\/fr\/wp-json\/wp\/v2\/types\/product"}],"replies":[{"embeddable":true,"href":"https:\/\/www.blue-heeler.de\/fr\/wp-json\/wp\/v2\/comments?post=86756"}],"wp:featuredmedia":[{"embeddable":true,"href":"https:\/\/www.blue-heeler.de\/fr\/wp-json\/wp\/v2\/media\/86768"}],"wp:attachment":[{"href":"https:\/\/www.blue-heeler.de\/fr\/wp-json\/wp\/v2\/media?parent=86756"}],"wp:term":[{"taxonomy":"product_brand","embeddable":true,"href":"https:\/\/www.blue-heeler.de\/fr\/wp-json\/wp\/v2\/product_brand?post=86756"},{"taxonomy":"product_cat","embeddable":true,"href":"https:\/\/www.blue-heeler.de\/fr\/wp-json\/wp\/v2\/product_cat?post=86756"},{"taxonomy":"product_tag","embeddable":true,"href":"https:\/\/www.blue-heeler.de\/fr\/wp-json\/wp\/v2\/product_tag?post=86756"},{"taxonomy":"giftcard-category","embeddable":true,"href":"https:\/\/www.blue-heeler.de\/fr\/wp-json\/wp\/v2\/giftcard-category?post=86756"}],"curies":[{"name":"wp","href":"https:\/\/api.w.org\/{rel}","templated":true}]}}