{"id":86170,"date":"2018-11-12T17:07:00","date_gmt":"2024-05-10T10:59:39","guid":{"rendered":"http:\/\/blue-heeler.de\/produkt\/outback-guinness-xxl\/"},"modified":"2024-05-10T12:59:39","modified_gmt":"2024-05-10T10:59:39","slug":"outback-guinness-xxl","status":"publish","type":"product","link":"https:\/\/www.blue-heeler.de\/fr\/Produkt\/outback-guinness-xxl\/","title":{"rendered":"OUTBACK guinness XXL"},"content":{"rendered":"<p>L&rsquo;outback exige tout de ceux qui l&rsquo;affrontent &#8211; y compris leurs chaussures. Ce n&rsquo;est pas pour rien que notre botte Chelsea classique porte ce nom aventureux. Avec son cuir nappa de vachette de 2,2 mm d&rsquo;\u00e9paisseur, il r\u00e9siste \u00e0 tous les d\u00e9fis. Elle est dot\u00e9e d&rsquo;une semelle r\u00e9sistante, vulcanis\u00e9e et imperm\u00e9able. Les inserts en gel au niveau du talon et de la plante du pied et la doublure int\u00e9rieure en cuir de veau souple font de chaque kilom\u00e8tre parcouru un plaisir. Et en plus, elle est &#8211; tatata &#8211; un poids plume : 420 g en taille 41, c&rsquo;est le confort en plein air \u00e0 l&rsquo;\u00e9tat pur.<\/p>\n<p>Avec toutes ces caract\u00e9ristiques, il est le compagnon id\u00e9al dans l&rsquo;outback, mais aussi dans les parcs, dans les champs, en ville et autour des lacs.<\/p>\n<p><strong>Pull on, kick off<\/strong><\/p>\n<ul>\n<li>Il suffit d&rsquo;entrer et de sortir :<br \/>\nBottine \u00e0 enfiler avec inserts lat\u00e9raux en stretch hydrofuge<\/li>\n<li>Patte de pr\u00e9hension astucieuse \u00e0 l&rsquo;avant et \u00e0 l&rsquo;arri\u00e8re<\/li>\n<\/ul>\n<p><strong>Bon caract\u00e8re<\/strong><\/p>\n<ul>\n<li>Cuir de vache nappa r\u00e9sistant, huil\u00e9 et teint\u00e9 dans la masse (2,2 mm)<\/li>\n<li>Pr\u00e9traitement hydrofuge extr\u00eame<\/li>\n<li>Doublure en cuir de veau souple<\/li>\n<li>Semelle PU\/TPU antid\u00e9rapante et amortissante<\/li>\n<li>Forme anatomique unisexe &#8211; convient \u00e9galement aux pieds plus \u00e9troits<\/li>\n<li>Semelle plantaire interchangeable avec inserts en gel au niveau du talon et de la plante du pied &#8211; convient \u00e9galement aux semelles orthop\u00e9diques<\/li>\n<li>Fabriqu\u00e9 dans une usine certifi\u00e9e en Inde<\/li>\n<\/ul>\n","protected":false},"excerpt":{"rendered":"<h2>OUTBACK<\/h2>\n<p>L&rsquo;outback exige tout de ceux qui l&rsquo;affrontent &#8211; y compris leurs chaussures. Ce n&rsquo;est pas pour rien que notre botte Chelsea classique porte ce nom aventureux. Avec son cuir nappa de vachette de 2,2 mm d&rsquo;\u00e9paisseur, il r\u00e9siste \u00e0 tous les d\u00e9fis. Elle est dot\u00e9e d&rsquo;une semelle r\u00e9sistante, vulcanis\u00e9e et imperm\u00e9able. Les inserts en gel au niveau du talon et de la plante du pied et la doublure int\u00e9rieure en cuir de veau souple font de chaque kilom\u00e8tre parcouru un plaisir. Et en plus, elle est &#8211; tatata &#8211; un poids plume : 420 g en taille 41, c&rsquo;est le confort en plein air \u00e0 l&rsquo;\u00e9tat pur.<\/p>\n","protected":false},"featured_media":86193,"comment_status":"closed","ping_status":"closed","template":"","meta":{"inline_featured_image":false},"product_brand":[],"product_cat":[1347,1350],"product_tag":[1202,833,839,1067,1043,1028,1031,851,959,1046,1070,1109,905,881,1007,1148,1235,1004,1193,1223],"giftcard-category":[],"class_list":{"0":"post-86170","1":"product","2":"type-product","3":"status-publish","4":"has-post-thumbnail","6":"product_cat-chaussures-grandes-tailles","7":"product_cat-chaussures-pour-femmes-de-grande-taille","8":"product_tag-antiderapant","9":"product_tag-australie","10":"product_tag-bottes","11":"product_tag-bottes-fr","12":"product_tag-bottes-a-enfiler","13":"product_tag-bottes-dequitation","14":"product_tag-bottes-dequitation-fr","15":"product_tag-bottes-de-chelsea","16":"product_tag-bottes-en-cuir","17":"product_tag-bottine-a-enfiler","18":"product_tag-bottines","19":"product_tag-brown-fr","20":"product_tag-cuir-lisse","21":"product_tag-cuir-veritable","22":"product_tag-en-plein-air","23":"product_tag-guinness-fr","24":"product_tag-hydrofuge-fr","25":"product_tag-outback-fr","26":"product_tag-robuste","27":"product_tag-semelle-vulcanisee","28":"pa_groesse-43-eu-9-uk","29":"pa_groesse-44-eu-10-uk","30":"pa_groesse-45-eu-105-uk","31":"pa_groesse-46-eu-11-uk","33":"first","34":"instock","35":"taxable","36":"shipping-taxable","37":"purchasable","38":"product-type-variable"},"yoast_head":"<!-- This site is optimized with the Yoast SEO Premium plugin v26.6 (Yoast SEO v26.5) - https:\/\/yoast.com\/wordpress\/plugins\/seo\/ -->\n<title>OUTBACK guinness XXL | Bottes Blue Heeler<\/title>\n<meta name=\"description\" content=\"Acheter en ligne Hommes, Femmes &amp; Enfants Outback Guinness Marron XXL. Livraison gratuite. Retour facile. Qualit\u00e9 100% authentique. Livraison gratuite\" \/>\n<meta name=\"robots\" content=\"index, follow, max-snippet:-1, max-image-preview:large, max-video-preview:-1\" \/>\n<link rel=\"canonical\" href=\"https:\/\/www.blue-heeler.de\/fr\/Produkt\/outback-guinness-xxl\/\" \/>\n<meta property=\"og:locale\" content=\"fr_FR\" \/>\n<meta property=\"og:type\" content=\"article\" \/>\n<meta property=\"og:title\" content=\"OUTBACK guinness XXL | Bottes Blue Heeler\" \/>\n<meta property=\"og:description\" content=\"Acheter en ligne Hommes, Femmes &amp; Enfants Outback Guinness Marron XXL. Livraison gratuite. Retour facile. Qualit\u00e9 100% authentique. Livraison gratuite\" \/>\n<meta property=\"og:url\" content=\"https:\/\/www.blue-heeler.de\/fr\/Produkt\/outback-guinness-xxl\/\" \/>\n<meta property=\"og:site_name\" content=\"BLUE HEELER BOOTS\" \/>\n<meta property=\"og:image\" content=\"https:\/\/www.blue-heeler.de\/wp-content\/uploads\/damen-boots-stiefeletten-guinness-braun-outback-leder-rutschfest-00-2-1.jpg\" \/>\n\t<meta property=\"og:image:width\" content=\"1000\" \/>\n\t<meta property=\"og:image:height\" content=\"1000\" \/>\n\t<meta property=\"og:image:type\" content=\"image\/jpeg\" \/>\n<meta name=\"twitter:card\" content=\"summary_large_image\" \/>\n<script type=\"application\/ld+json\" class=\"yoast-schema-graph\">{\"@context\":\"https:\/\/schema.org\",\"@graph\":[{\"@type\":\"WebPage\",\"@id\":\"https:\/\/www.blue-heeler.de\/fr\/Produkt\/outback-guinness-xxl\/\",\"url\":\"https:\/\/www.blue-heeler.de\/fr\/Produkt\/outback-guinness-xxl\/\",\"name\":\"OUTBACK guinness XXL | Bottes Blue Heeler\",\"isPartOf\":{\"@id\":\"https:\/\/www.blue-heeler.de\/fr\/#website\"},\"primaryImageOfPage\":{\"@id\":\"https:\/\/www.blue-heeler.de\/fr\/Produkt\/outback-guinness-xxl\/#primaryimage\"},\"image\":{\"@id\":\"https:\/\/www.blue-heeler.de\/fr\/Produkt\/outback-guinness-xxl\/#primaryimage\"},\"thumbnailUrl\":\"https:\/\/www.blue-heeler.de\/wp-content\/uploads\/damen-boots-stiefeletten-guinness-braun-outback-leder-rutschfest-00-2-1.jpg\",\"datePublished\":\"2024-05-10T10:59:39+00:00\",\"description\":\"Acheter en ligne Hommes, Femmes & Enfants Outback Guinness Marron XXL. Livraison gratuite. Retour facile. Qualit\u00e9 100% authentique. Livraison gratuite\",\"breadcrumb\":{\"@id\":\"https:\/\/www.blue-heeler.de\/fr\/Produkt\/outback-guinness-xxl\/#breadcrumb\"},\"inLanguage\":\"fr-FR\",\"potentialAction\":[{\"@type\":\"ReadAction\",\"target\":[\"https:\/\/www.blue-heeler.de\/fr\/Produkt\/outback-guinness-xxl\/\"]}]},{\"@type\":\"ImageObject\",\"inLanguage\":\"fr-FR\",\"@id\":\"https:\/\/www.blue-heeler.de\/fr\/Produkt\/outback-guinness-xxl\/#primaryimage\",\"url\":\"https:\/\/www.blue-heeler.de\/wp-content\/uploads\/damen-boots-stiefeletten-guinness-braun-outback-leder-rutschfest-00-2-1.jpg\",\"contentUrl\":\"https:\/\/www.blue-heeler.de\/wp-content\/uploads\/damen-boots-stiefeletten-guinness-braun-outback-leder-rutschfest-00-2-1.jpg\",\"width\":1000,\"height\":1000},{\"@type\":\"BreadcrumbList\",\"@id\":\"https:\/\/www.blue-heeler.de\/fr\/Produkt\/outback-guinness-xxl\/#breadcrumb\",\"itemListElement\":[{\"@type\":\"ListItem\",\"position\":1,\"name\":\"Startseite\",\"item\":\"https:\/\/www.blue-heeler.de\/fr\/\"},{\"@type\":\"ListItem\",\"position\":2,\"name\":\"Boutique\",\"item\":\"https:\/\/www.blue-heeler.de\/fr\/boutique\/\"},{\"@type\":\"ListItem\",\"position\":3,\"name\":\"OUTBACK guinness XXL\"}]},{\"@type\":\"WebSite\",\"@id\":\"https:\/\/www.blue-heeler.de\/fr\/#website\",\"url\":\"https:\/\/www.blue-heeler.de\/fr\/\",\"name\":\"BLUE HEELER BOOTS\",\"description\":\"\",\"publisher\":{\"@id\":\"https:\/\/www.blue-heeler.de\/fr\/#organization\"},\"potentialAction\":[{\"@type\":\"SearchAction\",\"target\":{\"@type\":\"EntryPoint\",\"urlTemplate\":\"https:\/\/www.blue-heeler.de\/fr\/?s={search_term_string}\"},\"query-input\":{\"@type\":\"PropertyValueSpecification\",\"valueRequired\":true,\"valueName\":\"search_term_string\"}}],\"inLanguage\":\"fr-FR\"},{\"@type\":\"Organization\",\"@id\":\"https:\/\/www.blue-heeler.de\/fr\/#organization\",\"name\":\"blue heeler Europe\",\"url\":\"https:\/\/www.blue-heeler.de\/fr\/\",\"logo\":{\"@type\":\"ImageObject\",\"inLanguage\":\"fr-FR\",\"@id\":\"https:\/\/www.blue-heeler.de\/fr\/#\/schema\/logo\/image\/\",\"url\":\"https:\/\/www.blue-heeler.de\/wp-content\/uploads\/Blue-Heeler-logo.png\",\"contentUrl\":\"https:\/\/www.blue-heeler.de\/wp-content\/uploads\/Blue-Heeler-logo.png\",\"width\":1024,\"height\":292,\"caption\":\"blue heeler Europe\"},\"image\":{\"@id\":\"https:\/\/www.blue-heeler.de\/fr\/#\/schema\/logo\/image\/\"}}]}<\/script>\n<!-- \/ Yoast SEO Premium plugin. -->","yoast_head_json":{"title":"OUTBACK guinness XXL | Bottes Blue Heeler","description":"Acheter en ligne Hommes, Femmes & Enfants Outback Guinness Marron XXL. Livraison gratuite. Retour facile. Qualit\u00e9 100% authentique. Livraison gratuite","robots":{"index":"index","follow":"follow","max-snippet":"max-snippet:-1","max-image-preview":"max-image-preview:large","max-video-preview":"max-video-preview:-1"},"canonical":"https:\/\/www.blue-heeler.de\/fr\/Produkt\/outback-guinness-xxl\/","og_locale":"fr_FR","og_type":"article","og_title":"OUTBACK guinness XXL | Bottes Blue Heeler","og_description":"Acheter en ligne Hommes, Femmes & Enfants Outback Guinness Marron XXL. Livraison gratuite. Retour facile. Qualit\u00e9 100% authentique. Livraison gratuite","og_url":"https:\/\/www.blue-heeler.de\/fr\/Produkt\/outback-guinness-xxl\/","og_site_name":"BLUE HEELER BOOTS","og_image":[{"width":1000,"height":1000,"url":"https:\/\/www.blue-heeler.de\/wp-content\/uploads\/damen-boots-stiefeletten-guinness-braun-outback-leder-rutschfest-00-2-1.jpg","type":"image\/jpeg"}],"twitter_card":"summary_large_image","schema":{"@context":"https:\/\/schema.org","@graph":[{"@type":"WebPage","@id":"https:\/\/www.blue-heeler.de\/fr\/Produkt\/outback-guinness-xxl\/","url":"https:\/\/www.blue-heeler.de\/fr\/Produkt\/outback-guinness-xxl\/","name":"OUTBACK guinness XXL | Bottes Blue Heeler","isPartOf":{"@id":"https:\/\/www.blue-heeler.de\/fr\/#website"},"primaryImageOfPage":{"@id":"https:\/\/www.blue-heeler.de\/fr\/Produkt\/outback-guinness-xxl\/#primaryimage"},"image":{"@id":"https:\/\/www.blue-heeler.de\/fr\/Produkt\/outback-guinness-xxl\/#primaryimage"},"thumbnailUrl":"https:\/\/www.blue-heeler.de\/wp-content\/uploads\/damen-boots-stiefeletten-guinness-braun-outback-leder-rutschfest-00-2-1.jpg","datePublished":"2024-05-10T10:59:39+00:00","description":"Acheter en ligne Hommes, Femmes & Enfants Outback Guinness Marron XXL. Livraison gratuite. Retour facile. Qualit\u00e9 100% authentique. Livraison gratuite","breadcrumb":{"@id":"https:\/\/www.blue-heeler.de\/fr\/Produkt\/outback-guinness-xxl\/#breadcrumb"},"inLanguage":"fr-FR","potentialAction":[{"@type":"ReadAction","target":["https:\/\/www.blue-heeler.de\/fr\/Produkt\/outback-guinness-xxl\/"]}]},{"@type":"ImageObject","inLanguage":"fr-FR","@id":"https:\/\/www.blue-heeler.de\/fr\/Produkt\/outback-guinness-xxl\/#primaryimage","url":"https:\/\/www.blue-heeler.de\/wp-content\/uploads\/damen-boots-stiefeletten-guinness-braun-outback-leder-rutschfest-00-2-1.jpg","contentUrl":"https:\/\/www.blue-heeler.de\/wp-content\/uploads\/damen-boots-stiefeletten-guinness-braun-outback-leder-rutschfest-00-2-1.jpg","width":1000,"height":1000},{"@type":"BreadcrumbList","@id":"https:\/\/www.blue-heeler.de\/fr\/Produkt\/outback-guinness-xxl\/#breadcrumb","itemListElement":[{"@type":"ListItem","position":1,"name":"Startseite","item":"https:\/\/www.blue-heeler.de\/fr\/"},{"@type":"ListItem","position":2,"name":"Boutique","item":"https:\/\/www.blue-heeler.de\/fr\/boutique\/"},{"@type":"ListItem","position":3,"name":"OUTBACK guinness XXL"}]},{"@type":"WebSite","@id":"https:\/\/www.blue-heeler.de\/fr\/#website","url":"https:\/\/www.blue-heeler.de\/fr\/","name":"BLUE HEELER BOOTS","description":"","publisher":{"@id":"https:\/\/www.blue-heeler.de\/fr\/#organization"},"potentialAction":[{"@type":"SearchAction","target":{"@type":"EntryPoint","urlTemplate":"https:\/\/www.blue-heeler.de\/fr\/?s={search_term_string}"},"query-input":{"@type":"PropertyValueSpecification","valueRequired":true,"valueName":"search_term_string"}}],"inLanguage":"fr-FR"},{"@type":"Organization","@id":"https:\/\/www.blue-heeler.de\/fr\/#organization","name":"blue heeler Europe","url":"https:\/\/www.blue-heeler.de\/fr\/","logo":{"@type":"ImageObject","inLanguage":"fr-FR","@id":"https:\/\/www.blue-heeler.de\/fr\/#\/schema\/logo\/image\/","url":"https:\/\/www.blue-heeler.de\/wp-content\/uploads\/Blue-Heeler-logo.png","contentUrl":"https:\/\/www.blue-heeler.de\/wp-content\/uploads\/Blue-Heeler-logo.png","width":1024,"height":292,"caption":"blue heeler Europe"},"image":{"@id":"https:\/\/www.blue-heeler.de\/fr\/#\/schema\/logo\/image\/"}}]}},"_links":{"self":[{"href":"https:\/\/www.blue-heeler.de\/fr\/wp-json\/wp\/v2\/product\/86170","targetHints":{"allow":["GET"]}}],"collection":[{"href":"https:\/\/www.blue-heeler.de\/fr\/wp-json\/wp\/v2\/product"}],"about":[{"href":"https:\/\/www.blue-heeler.de\/fr\/wp-json\/wp\/v2\/types\/product"}],"replies":[{"embeddable":true,"href":"https:\/\/www.blue-heeler.de\/fr\/wp-json\/wp\/v2\/comments?post=86170"}],"wp:featuredmedia":[{"embeddable":true,"href":"https:\/\/www.blue-heeler.de\/fr\/wp-json\/wp\/v2\/media\/86193"}],"wp:attachment":[{"href":"https:\/\/www.blue-heeler.de\/fr\/wp-json\/wp\/v2\/media?parent=86170"}],"wp:term":[{"taxonomy":"product_brand","embeddable":true,"href":"https:\/\/www.blue-heeler.de\/fr\/wp-json\/wp\/v2\/product_brand?post=86170"},{"taxonomy":"product_cat","embeddable":true,"href":"https:\/\/www.blue-heeler.de\/fr\/wp-json\/wp\/v2\/product_cat?post=86170"},{"taxonomy":"product_tag","embeddable":true,"href":"https:\/\/www.blue-heeler.de\/fr\/wp-json\/wp\/v2\/product_tag?post=86170"},{"taxonomy":"giftcard-category","embeddable":true,"href":"https:\/\/www.blue-heeler.de\/fr\/wp-json\/wp\/v2\/giftcard-category?post=86170"}],"curies":[{"name":"wp","href":"https:\/\/api.w.org\/{rel}","templated":true}]}}