{"id":85576,"date":"2018-11-12T17:07:00","date_gmt":"2024-05-10T10:59:16","guid":{"rendered":"http:\/\/blue-heeler.de\/produkt\/porte-monnaie-en-cuir-avec-porte-cles-vert-clair\/"},"modified":"2024-05-10T12:59:16","modified_gmt":"2024-05-10T10:59:16","slug":"porte-monnaie-en-cuir-avec-porte-cles-vert-clair","status":"publish","type":"product","link":"https:\/\/www.blue-heeler.de\/fr\/Produkt\/porte-monnaie-en-cuir-avec-porte-cles-vert-clair\/","title":{"rendered":"Porte-monnaie en cuir avec porte-cl\u00e9s vert clair"},"content":{"rendered":"<p>Si vous \u00eates souvent en d\u00e9placement, vous savez \u00e0 quel point les choses pratiques sont g\u00e9niales. Et ils sont encore plus beaux quand ils ont du style.<br \/>\n\u00ab\u00a0Moolah\u00a0\u00bb r\u00e9unit l&rsquo;argent et le bol de mani\u00e8re tr\u00e8s \u00e9l\u00e9gante. Vous empochez ainsi d&rsquo;un seul coup tout ce qui est important pour sortir de chez vous. Le porte-monnaie est fabriqu\u00e9 en nappa pleine fleur de qualit\u00e9 sup\u00e9rieure et dispose d&rsquo;un compartiment pour la monnaie et les billets. C&rsquo;est tout ce dont vous avez besoin !<\/p>\n<p><strong>Bon caract\u00e8re<\/strong><\/p>\n<ul>\n<li>Cuir de vache nappa teint\u00e9 dans la masse<\/li>\n<li>Compartiment pour pi\u00e8ces et billets<\/li>\n<li>Porte-cl\u00e9s ext\u00e9rieur<\/li>\n<li>Fermeture : bouton-pression<\/li>\n<li>Dimensions : = 5,5 cm x 8 cm<\/li>\n<\/ul>\n","protected":false},"excerpt":{"rendered":"<h2>Moolah<\/h2>\n<p>\u00ab\u00a0Moolah\u00a0\u00bb, le porte-monnaie en cuir avec anneau r\u00e9unit avec style l&rsquo;argent et le bol.<\/p>\n","protected":false},"featured_media":85594,"comment_status":"closed","ping_status":"closed","template":"","meta":{"inline_featured_image":false},"product_brand":[],"product_cat":[1290,1302],"product_tag":[905,1049,1052,896,1022,1154],"giftcard-category":[],"class_list":{"0":"post-85576","1":"product","2":"type-product","3":"status-publish","4":"has-post-thumbnail","6":"product_cat-accessoires-fr","7":"product_cat-porte-monnaie-en-cuir-avec-porte-cles","8":"product_tag-cuir-lisse","9":"product_tag-porte-cles","10":"product_tag-porte-cles-fr","11":"product_tag-porte-monnaie","12":"product_tag-portefeuille","13":"product_tag-vert-clair","14":"product_shipping_class-1-fr","16":"first","17":"instock","18":"taxable","19":"shipping-taxable","20":"purchasable","21":"product-type-simple"},"yoast_head":"<!-- This site is optimized with the Yoast SEO Premium plugin v26.6 (Yoast SEO v26.5) - https:\/\/yoast.com\/wordpress\/plugins\/seo\/ -->\n<title>Porte-monnaie en cuir avec porte-cl\u00e9s vert clair - BLUE HEELER BOOTS<\/title>\n<meta name=\"robots\" content=\"index, follow, max-snippet:-1, max-image-preview:large, max-video-preview:-1\" \/>\n<link rel=\"canonical\" href=\"https:\/\/www.blue-heeler.de\/fr\/Produkt\/porte-monnaie-en-cuir-avec-porte-cles-vert-clair\/\" \/>\n<meta property=\"og:locale\" content=\"fr_FR\" \/>\n<meta property=\"og:type\" content=\"article\" \/>\n<meta property=\"og:title\" content=\"Porte-monnaie en cuir avec porte-cl\u00e9s vert clair - BLUE HEELER BOOTS\" \/>\n<meta property=\"og:description\" content=\"Moolah &quot;Moolah&quot;, le porte-monnaie en cuir avec anneau r\u00e9unit avec style l&#039;argent et le bol.\" \/>\n<meta property=\"og:url\" content=\"https:\/\/www.blue-heeler.de\/fr\/Produkt\/porte-monnaie-en-cuir-avec-porte-cles-vert-clair\/\" \/>\n<meta property=\"og:site_name\" content=\"BLUE HEELER BOOTS\" \/>\n<meta property=\"og:image\" content=\"https:\/\/www.blue-heeler.de\/wp-content\/uploads\/Leder-Portemonnaie-mit-2-2.jpg\" \/>\n\t<meta property=\"og:image:width\" content=\"850\" \/>\n\t<meta property=\"og:image:height\" content=\"1110\" \/>\n\t<meta property=\"og:image:type\" content=\"image\/jpeg\" \/>\n<meta name=\"twitter:card\" content=\"summary_large_image\" \/>\n<script type=\"application\/ld+json\" class=\"yoast-schema-graph\">{\"@context\":\"https:\/\/schema.org\",\"@graph\":[{\"@type\":\"WebPage\",\"@id\":\"https:\/\/www.blue-heeler.de\/fr\/Produkt\/porte-monnaie-en-cuir-avec-porte-cles-vert-clair\/\",\"url\":\"https:\/\/www.blue-heeler.de\/fr\/Produkt\/porte-monnaie-en-cuir-avec-porte-cles-vert-clair\/\",\"name\":\"Porte-monnaie en cuir avec porte-cl\u00e9s vert clair - BLUE HEELER BOOTS\",\"isPartOf\":{\"@id\":\"https:\/\/www.blue-heeler.de\/fr\/#website\"},\"primaryImageOfPage\":{\"@id\":\"https:\/\/www.blue-heeler.de\/fr\/Produkt\/porte-monnaie-en-cuir-avec-porte-cles-vert-clair\/#primaryimage\"},\"image\":{\"@id\":\"https:\/\/www.blue-heeler.de\/fr\/Produkt\/porte-monnaie-en-cuir-avec-porte-cles-vert-clair\/#primaryimage\"},\"thumbnailUrl\":\"https:\/\/www.blue-heeler.de\/wp-content\/uploads\/Leder-Portemonnaie-mit-2-2.jpg\",\"datePublished\":\"2024-05-10T10:59:16+00:00\",\"breadcrumb\":{\"@id\":\"https:\/\/www.blue-heeler.de\/fr\/Produkt\/porte-monnaie-en-cuir-avec-porte-cles-vert-clair\/#breadcrumb\"},\"inLanguage\":\"fr-FR\",\"potentialAction\":[{\"@type\":\"ReadAction\",\"target\":[\"https:\/\/www.blue-heeler.de\/fr\/Produkt\/porte-monnaie-en-cuir-avec-porte-cles-vert-clair\/\"]}]},{\"@type\":\"ImageObject\",\"inLanguage\":\"fr-FR\",\"@id\":\"https:\/\/www.blue-heeler.de\/fr\/Produkt\/porte-monnaie-en-cuir-avec-porte-cles-vert-clair\/#primaryimage\",\"url\":\"https:\/\/www.blue-heeler.de\/wp-content\/uploads\/Leder-Portemonnaie-mit-2-2.jpg\",\"contentUrl\":\"https:\/\/www.blue-heeler.de\/wp-content\/uploads\/Leder-Portemonnaie-mit-2-2.jpg\",\"width\":850,\"height\":1110},{\"@type\":\"BreadcrumbList\",\"@id\":\"https:\/\/www.blue-heeler.de\/fr\/Produkt\/porte-monnaie-en-cuir-avec-porte-cles-vert-clair\/#breadcrumb\",\"itemListElement\":[{\"@type\":\"ListItem\",\"position\":1,\"name\":\"Startseite\",\"item\":\"https:\/\/www.blue-heeler.de\/fr\/\"},{\"@type\":\"ListItem\",\"position\":2,\"name\":\"Boutique\",\"item\":\"https:\/\/www.blue-heeler.de\/fr\/boutique\/\"},{\"@type\":\"ListItem\",\"position\":3,\"name\":\"Porte-monnaie en cuir avec porte-cl\u00e9s vert clair\"}]},{\"@type\":\"WebSite\",\"@id\":\"https:\/\/www.blue-heeler.de\/fr\/#website\",\"url\":\"https:\/\/www.blue-heeler.de\/fr\/\",\"name\":\"BLUE HEELER BOOTS\",\"description\":\"\",\"publisher\":{\"@id\":\"https:\/\/www.blue-heeler.de\/fr\/#organization\"},\"potentialAction\":[{\"@type\":\"SearchAction\",\"target\":{\"@type\":\"EntryPoint\",\"urlTemplate\":\"https:\/\/www.blue-heeler.de\/fr\/?s={search_term_string}\"},\"query-input\":{\"@type\":\"PropertyValueSpecification\",\"valueRequired\":true,\"valueName\":\"search_term_string\"}}],\"inLanguage\":\"fr-FR\"},{\"@type\":\"Organization\",\"@id\":\"https:\/\/www.blue-heeler.de\/fr\/#organization\",\"name\":\"blue heeler Europe\",\"url\":\"https:\/\/www.blue-heeler.de\/fr\/\",\"logo\":{\"@type\":\"ImageObject\",\"inLanguage\":\"fr-FR\",\"@id\":\"https:\/\/www.blue-heeler.de\/fr\/#\/schema\/logo\/image\/\",\"url\":\"https:\/\/www.blue-heeler.de\/wp-content\/uploads\/Blue-Heeler-logo.png\",\"contentUrl\":\"https:\/\/www.blue-heeler.de\/wp-content\/uploads\/Blue-Heeler-logo.png\",\"width\":1024,\"height\":292,\"caption\":\"blue heeler Europe\"},\"image\":{\"@id\":\"https:\/\/www.blue-heeler.de\/fr\/#\/schema\/logo\/image\/\"}}]}<\/script>\n<!-- \/ Yoast SEO Premium plugin. -->","yoast_head_json":{"title":"Porte-monnaie en cuir avec porte-cl\u00e9s vert clair - BLUE HEELER BOOTS","robots":{"index":"index","follow":"follow","max-snippet":"max-snippet:-1","max-image-preview":"max-image-preview:large","max-video-preview":"max-video-preview:-1"},"canonical":"https:\/\/www.blue-heeler.de\/fr\/Produkt\/porte-monnaie-en-cuir-avec-porte-cles-vert-clair\/","og_locale":"fr_FR","og_type":"article","og_title":"Porte-monnaie en cuir avec porte-cl\u00e9s vert clair - BLUE HEELER BOOTS","og_description":"Moolah \"Moolah\", le porte-monnaie en cuir avec anneau r\u00e9unit avec style l'argent et le bol.","og_url":"https:\/\/www.blue-heeler.de\/fr\/Produkt\/porte-monnaie-en-cuir-avec-porte-cles-vert-clair\/","og_site_name":"BLUE HEELER BOOTS","og_image":[{"width":850,"height":1110,"url":"https:\/\/www.blue-heeler.de\/wp-content\/uploads\/Leder-Portemonnaie-mit-2-2.jpg","type":"image\/jpeg"}],"twitter_card":"summary_large_image","schema":{"@context":"https:\/\/schema.org","@graph":[{"@type":"WebPage","@id":"https:\/\/www.blue-heeler.de\/fr\/Produkt\/porte-monnaie-en-cuir-avec-porte-cles-vert-clair\/","url":"https:\/\/www.blue-heeler.de\/fr\/Produkt\/porte-monnaie-en-cuir-avec-porte-cles-vert-clair\/","name":"Porte-monnaie en cuir avec porte-cl\u00e9s vert clair - BLUE HEELER BOOTS","isPartOf":{"@id":"https:\/\/www.blue-heeler.de\/fr\/#website"},"primaryImageOfPage":{"@id":"https:\/\/www.blue-heeler.de\/fr\/Produkt\/porte-monnaie-en-cuir-avec-porte-cles-vert-clair\/#primaryimage"},"image":{"@id":"https:\/\/www.blue-heeler.de\/fr\/Produkt\/porte-monnaie-en-cuir-avec-porte-cles-vert-clair\/#primaryimage"},"thumbnailUrl":"https:\/\/www.blue-heeler.de\/wp-content\/uploads\/Leder-Portemonnaie-mit-2-2.jpg","datePublished":"2024-05-10T10:59:16+00:00","breadcrumb":{"@id":"https:\/\/www.blue-heeler.de\/fr\/Produkt\/porte-monnaie-en-cuir-avec-porte-cles-vert-clair\/#breadcrumb"},"inLanguage":"fr-FR","potentialAction":[{"@type":"ReadAction","target":["https:\/\/www.blue-heeler.de\/fr\/Produkt\/porte-monnaie-en-cuir-avec-porte-cles-vert-clair\/"]}]},{"@type":"ImageObject","inLanguage":"fr-FR","@id":"https:\/\/www.blue-heeler.de\/fr\/Produkt\/porte-monnaie-en-cuir-avec-porte-cles-vert-clair\/#primaryimage","url":"https:\/\/www.blue-heeler.de\/wp-content\/uploads\/Leder-Portemonnaie-mit-2-2.jpg","contentUrl":"https:\/\/www.blue-heeler.de\/wp-content\/uploads\/Leder-Portemonnaie-mit-2-2.jpg","width":850,"height":1110},{"@type":"BreadcrumbList","@id":"https:\/\/www.blue-heeler.de\/fr\/Produkt\/porte-monnaie-en-cuir-avec-porte-cles-vert-clair\/#breadcrumb","itemListElement":[{"@type":"ListItem","position":1,"name":"Startseite","item":"https:\/\/www.blue-heeler.de\/fr\/"},{"@type":"ListItem","position":2,"name":"Boutique","item":"https:\/\/www.blue-heeler.de\/fr\/boutique\/"},{"@type":"ListItem","position":3,"name":"Porte-monnaie en cuir avec porte-cl\u00e9s vert clair"}]},{"@type":"WebSite","@id":"https:\/\/www.blue-heeler.de\/fr\/#website","url":"https:\/\/www.blue-heeler.de\/fr\/","name":"BLUE HEELER BOOTS","description":"","publisher":{"@id":"https:\/\/www.blue-heeler.de\/fr\/#organization"},"potentialAction":[{"@type":"SearchAction","target":{"@type":"EntryPoint","urlTemplate":"https:\/\/www.blue-heeler.de\/fr\/?s={search_term_string}"},"query-input":{"@type":"PropertyValueSpecification","valueRequired":true,"valueName":"search_term_string"}}],"inLanguage":"fr-FR"},{"@type":"Organization","@id":"https:\/\/www.blue-heeler.de\/fr\/#organization","name":"blue heeler Europe","url":"https:\/\/www.blue-heeler.de\/fr\/","logo":{"@type":"ImageObject","inLanguage":"fr-FR","@id":"https:\/\/www.blue-heeler.de\/fr\/#\/schema\/logo\/image\/","url":"https:\/\/www.blue-heeler.de\/wp-content\/uploads\/Blue-Heeler-logo.png","contentUrl":"https:\/\/www.blue-heeler.de\/wp-content\/uploads\/Blue-Heeler-logo.png","width":1024,"height":292,"caption":"blue heeler Europe"},"image":{"@id":"https:\/\/www.blue-heeler.de\/fr\/#\/schema\/logo\/image\/"}}]}},"_links":{"self":[{"href":"https:\/\/www.blue-heeler.de\/fr\/wp-json\/wp\/v2\/product\/85576","targetHints":{"allow":["GET"]}}],"collection":[{"href":"https:\/\/www.blue-heeler.de\/fr\/wp-json\/wp\/v2\/product"}],"about":[{"href":"https:\/\/www.blue-heeler.de\/fr\/wp-json\/wp\/v2\/types\/product"}],"replies":[{"embeddable":true,"href":"https:\/\/www.blue-heeler.de\/fr\/wp-json\/wp\/v2\/comments?post=85576"}],"wp:featuredmedia":[{"embeddable":true,"href":"https:\/\/www.blue-heeler.de\/fr\/wp-json\/wp\/v2\/media\/85594"}],"wp:attachment":[{"href":"https:\/\/www.blue-heeler.de\/fr\/wp-json\/wp\/v2\/media?parent=85576"}],"wp:term":[{"taxonomy":"product_brand","embeddable":true,"href":"https:\/\/www.blue-heeler.de\/fr\/wp-json\/wp\/v2\/product_brand?post=85576"},{"taxonomy":"product_cat","embeddable":true,"href":"https:\/\/www.blue-heeler.de\/fr\/wp-json\/wp\/v2\/product_cat?post=85576"},{"taxonomy":"product_tag","embeddable":true,"href":"https:\/\/www.blue-heeler.de\/fr\/wp-json\/wp\/v2\/product_tag?post=85576"},{"taxonomy":"giftcard-category","embeddable":true,"href":"https:\/\/www.blue-heeler.de\/fr\/wp-json\/wp\/v2\/giftcard-category?post=85576"}],"curies":[{"name":"wp","href":"https:\/\/api.w.org\/{rel}","templated":true}]}}