{"id":85498,"date":"2018-11-12T17:08:26","date_gmt":"2024-05-10T10:59:10","guid":{"rendered":"http:\/\/blue-heeler.de\/produkt\/oxley-noir-2\/"},"modified":"2024-11-28T20:26:27","modified_gmt":"2024-11-28T19:26:27","slug":"oxley-noir-2","status":"publish","type":"product","link":"https:\/\/www.blue-heeler.de\/fr\/Produkt\/oxley-noir-2\/","title":{"rendered":"Oxley Camel"},"content":{"rendered":"<p>Ceinture en cuir de vache de haute qualit\u00e9 avec boucle \u00e0 ardillon, largeur 38 mm.<\/p>\n","protected":false},"excerpt":{"rendered":"<h2>Oxley<\/h2>\n<p>Ceinture en cuir de vache de haute qualit\u00e9 avec boucle \u00e0 ardillon, largeur 38 mm.<\/p>\n","protected":false},"featured_media":93598,"comment_status":"closed","ping_status":"closed","template":"","meta":{"inline_featured_image":false},"product_brand":[],"product_cat":[1290,1293,1299],"product_tag":[878,908,950,1220,881,1163,1208,1010],"giftcard-category":[],"class_list":{"0":"post-85498","1":"product","2":"type-product","3":"status-publish","4":"has-post-thumbnail","6":"product_cat-accessoires-fr","7":"product_cat-ceinture-pour-femme","8":"product_cat-ceinture-pour-homme","9":"product_tag-boucle-a-ardillon","10":"product_tag-ceinture","11":"product_tag-ceinture-en-cuir","12":"product_tag-couleur-unie","13":"product_tag-cuir-veritable","14":"product_tag-de-haute-qualite","15":"product_tag-noir","16":"product_tag-oxley-fr","17":"product_shipping_class-1-fr","18":"pa_groesse-100-cm","19":"pa_groesse-105-cm","20":"pa_groesse-110-cm","21":"pa_groesse-115-cm","22":"pa_groesse-120-cm","23":"pa_groesse-125-cm","24":"pa_groesse-130-cm","25":"pa_groesse-135-cm","26":"pa_groesse-85-cm","27":"pa_groesse-90-cm","28":"pa_groesse-95-cm","30":"first","31":"instock","32":"taxable","33":"shipping-taxable","34":"purchasable","35":"product-type-variable"},"yoast_head":"<!-- This site is optimized with the Yoast SEO Premium plugin v26.6 (Yoast SEO v26.5) - https:\/\/yoast.com\/wordpress\/plugins\/seo\/ -->\n<title>Oxley Noir | Blue Heeler Boots<\/title>\n<meta name=\"description\" content=\"Acheter en ligne Hommes &amp; Femmes Ceinture en cuir de vache de haute qualit\u00e9 avec boucle \u00e0 \u00e9pingle et surpiq\u00fbres accrocheuses. Livraison gratuite. Retour facile. Qualit\u00e9 100% authentique. Livraison gratuite\" \/>\n<meta name=\"robots\" content=\"index, follow, max-snippet:-1, max-image-preview:large, max-video-preview:-1\" \/>\n<link rel=\"canonical\" href=\"https:\/\/www.blue-heeler.de\/fr\/Produkt\/oxley-noir-2\/\" \/>\n<meta property=\"og:locale\" content=\"fr_FR\" \/>\n<meta property=\"og:type\" content=\"article\" \/>\n<meta property=\"og:title\" content=\"Oxley Noir | Blue Heeler Boots\" \/>\n<meta property=\"og:description\" content=\"Acheter en ligne Hommes &amp; Femmes Ceinture en cuir de vache de haute qualit\u00e9 avec boucle \u00e0 \u00e9pingle et surpiq\u00fbres accrocheuses. Livraison gratuite. Retour facile. Qualit\u00e9 100% authentique. Livraison gratuite\" \/>\n<meta property=\"og:url\" content=\"https:\/\/www.blue-heeler.de\/fr\/Produkt\/oxley-noir-2\/\" \/>\n<meta property=\"og:site_name\" content=\"BLUE HEELER BOOTS\" \/>\n<meta property=\"article:modified_time\" content=\"2024-11-28T19:26:27+00:00\" \/>\n<meta property=\"og:image\" content=\"https:\/\/www.blue-heeler.de\/wp-content\/uploads\/0338CAM-Oxley-scaled.jpg\" \/>\n\t<meta property=\"og:image:width\" content=\"1707\" \/>\n\t<meta property=\"og:image:height\" content=\"2560\" \/>\n\t<meta property=\"og:image:type\" content=\"image\/jpeg\" \/>\n<meta name=\"twitter:card\" content=\"summary_large_image\" \/>\n<script type=\"application\/ld+json\" class=\"yoast-schema-graph\">{\"@context\":\"https:\/\/schema.org\",\"@graph\":[{\"@type\":\"WebPage\",\"@id\":\"https:\/\/www.blue-heeler.de\/fr\/Produkt\/oxley-noir-2\/\",\"url\":\"https:\/\/www.blue-heeler.de\/fr\/Produkt\/oxley-noir-2\/\",\"name\":\"Oxley Noir | Blue Heeler Boots\",\"isPartOf\":{\"@id\":\"https:\/\/www.blue-heeler.de\/fr\/#website\"},\"primaryImageOfPage\":{\"@id\":\"https:\/\/www.blue-heeler.de\/fr\/Produkt\/oxley-noir-2\/#primaryimage\"},\"image\":{\"@id\":\"https:\/\/www.blue-heeler.de\/fr\/Produkt\/oxley-noir-2\/#primaryimage\"},\"thumbnailUrl\":\"https:\/\/www.blue-heeler.de\/wp-content\/uploads\/0338CAM-Oxley-scaled.jpg\",\"datePublished\":\"2024-05-10T10:59:10+00:00\",\"dateModified\":\"2024-11-28T19:26:27+00:00\",\"description\":\"Acheter en ligne Hommes & Femmes Ceinture en cuir de vache de haute qualit\u00e9 avec boucle \u00e0 \u00e9pingle et surpiq\u00fbres accrocheuses. Livraison gratuite. Retour facile. Qualit\u00e9 100% authentique. Livraison gratuite\",\"breadcrumb\":{\"@id\":\"https:\/\/www.blue-heeler.de\/fr\/Produkt\/oxley-noir-2\/#breadcrumb\"},\"inLanguage\":\"fr-FR\",\"potentialAction\":[{\"@type\":\"ReadAction\",\"target\":[\"https:\/\/www.blue-heeler.de\/fr\/Produkt\/oxley-noir-2\/\"]}]},{\"@type\":\"ImageObject\",\"inLanguage\":\"fr-FR\",\"@id\":\"https:\/\/www.blue-heeler.de\/fr\/Produkt\/oxley-noir-2\/#primaryimage\",\"url\":\"https:\/\/www.blue-heeler.de\/wp-content\/uploads\/0338CAM-Oxley-scaled.jpg\",\"contentUrl\":\"https:\/\/www.blue-heeler.de\/wp-content\/uploads\/0338CAM-Oxley-scaled.jpg\",\"width\":1707,\"height\":2560},{\"@type\":\"BreadcrumbList\",\"@id\":\"https:\/\/www.blue-heeler.de\/fr\/Produkt\/oxley-noir-2\/#breadcrumb\",\"itemListElement\":[{\"@type\":\"ListItem\",\"position\":1,\"name\":\"Startseite\",\"item\":\"https:\/\/www.blue-heeler.de\/fr\/\"},{\"@type\":\"ListItem\",\"position\":2,\"name\":\"Boutique\",\"item\":\"https:\/\/www.blue-heeler.de\/fr\/boutique\/\"},{\"@type\":\"ListItem\",\"position\":3,\"name\":\"Oxley Camel\"}]},{\"@type\":\"WebSite\",\"@id\":\"https:\/\/www.blue-heeler.de\/fr\/#website\",\"url\":\"https:\/\/www.blue-heeler.de\/fr\/\",\"name\":\"BLUE HEELER BOOTS\",\"description\":\"\",\"publisher\":{\"@id\":\"https:\/\/www.blue-heeler.de\/fr\/#organization\"},\"potentialAction\":[{\"@type\":\"SearchAction\",\"target\":{\"@type\":\"EntryPoint\",\"urlTemplate\":\"https:\/\/www.blue-heeler.de\/fr\/?s={search_term_string}\"},\"query-input\":{\"@type\":\"PropertyValueSpecification\",\"valueRequired\":true,\"valueName\":\"search_term_string\"}}],\"inLanguage\":\"fr-FR\"},{\"@type\":\"Organization\",\"@id\":\"https:\/\/www.blue-heeler.de\/fr\/#organization\",\"name\":\"blue heeler Europe\",\"url\":\"https:\/\/www.blue-heeler.de\/fr\/\",\"logo\":{\"@type\":\"ImageObject\",\"inLanguage\":\"fr-FR\",\"@id\":\"https:\/\/www.blue-heeler.de\/fr\/#\/schema\/logo\/image\/\",\"url\":\"https:\/\/www.blue-heeler.de\/wp-content\/uploads\/Blue-Heeler-logo.png\",\"contentUrl\":\"https:\/\/www.blue-heeler.de\/wp-content\/uploads\/Blue-Heeler-logo.png\",\"width\":1024,\"height\":292,\"caption\":\"blue heeler Europe\"},\"image\":{\"@id\":\"https:\/\/www.blue-heeler.de\/fr\/#\/schema\/logo\/image\/\"}}]}<\/script>\n<!-- \/ Yoast SEO Premium plugin. -->","yoast_head_json":{"title":"Oxley Noir | Blue Heeler Boots","description":"Acheter en ligne Hommes & Femmes Ceinture en cuir de vache de haute qualit\u00e9 avec boucle \u00e0 \u00e9pingle et surpiq\u00fbres accrocheuses. Livraison gratuite. Retour facile. Qualit\u00e9 100% authentique. Livraison gratuite","robots":{"index":"index","follow":"follow","max-snippet":"max-snippet:-1","max-image-preview":"max-image-preview:large","max-video-preview":"max-video-preview:-1"},"canonical":"https:\/\/www.blue-heeler.de\/fr\/Produkt\/oxley-noir-2\/","og_locale":"fr_FR","og_type":"article","og_title":"Oxley Noir | Blue Heeler Boots","og_description":"Acheter en ligne Hommes & Femmes Ceinture en cuir de vache de haute qualit\u00e9 avec boucle \u00e0 \u00e9pingle et surpiq\u00fbres accrocheuses. Livraison gratuite. Retour facile. Qualit\u00e9 100% authentique. Livraison gratuite","og_url":"https:\/\/www.blue-heeler.de\/fr\/Produkt\/oxley-noir-2\/","og_site_name":"BLUE HEELER BOOTS","article_modified_time":"2024-11-28T19:26:27+00:00","og_image":[{"width":1707,"height":2560,"url":"https:\/\/www.blue-heeler.de\/wp-content\/uploads\/0338CAM-Oxley-scaled.jpg","type":"image\/jpeg"}],"twitter_card":"summary_large_image","schema":{"@context":"https:\/\/schema.org","@graph":[{"@type":"WebPage","@id":"https:\/\/www.blue-heeler.de\/fr\/Produkt\/oxley-noir-2\/","url":"https:\/\/www.blue-heeler.de\/fr\/Produkt\/oxley-noir-2\/","name":"Oxley Noir | Blue Heeler Boots","isPartOf":{"@id":"https:\/\/www.blue-heeler.de\/fr\/#website"},"primaryImageOfPage":{"@id":"https:\/\/www.blue-heeler.de\/fr\/Produkt\/oxley-noir-2\/#primaryimage"},"image":{"@id":"https:\/\/www.blue-heeler.de\/fr\/Produkt\/oxley-noir-2\/#primaryimage"},"thumbnailUrl":"https:\/\/www.blue-heeler.de\/wp-content\/uploads\/0338CAM-Oxley-scaled.jpg","datePublished":"2024-05-10T10:59:10+00:00","dateModified":"2024-11-28T19:26:27+00:00","description":"Acheter en ligne Hommes & Femmes Ceinture en cuir de vache de haute qualit\u00e9 avec boucle \u00e0 \u00e9pingle et surpiq\u00fbres accrocheuses. Livraison gratuite. Retour facile. Qualit\u00e9 100% authentique. Livraison gratuite","breadcrumb":{"@id":"https:\/\/www.blue-heeler.de\/fr\/Produkt\/oxley-noir-2\/#breadcrumb"},"inLanguage":"fr-FR","potentialAction":[{"@type":"ReadAction","target":["https:\/\/www.blue-heeler.de\/fr\/Produkt\/oxley-noir-2\/"]}]},{"@type":"ImageObject","inLanguage":"fr-FR","@id":"https:\/\/www.blue-heeler.de\/fr\/Produkt\/oxley-noir-2\/#primaryimage","url":"https:\/\/www.blue-heeler.de\/wp-content\/uploads\/0338CAM-Oxley-scaled.jpg","contentUrl":"https:\/\/www.blue-heeler.de\/wp-content\/uploads\/0338CAM-Oxley-scaled.jpg","width":1707,"height":2560},{"@type":"BreadcrumbList","@id":"https:\/\/www.blue-heeler.de\/fr\/Produkt\/oxley-noir-2\/#breadcrumb","itemListElement":[{"@type":"ListItem","position":1,"name":"Startseite","item":"https:\/\/www.blue-heeler.de\/fr\/"},{"@type":"ListItem","position":2,"name":"Boutique","item":"https:\/\/www.blue-heeler.de\/fr\/boutique\/"},{"@type":"ListItem","position":3,"name":"Oxley Camel"}]},{"@type":"WebSite","@id":"https:\/\/www.blue-heeler.de\/fr\/#website","url":"https:\/\/www.blue-heeler.de\/fr\/","name":"BLUE HEELER BOOTS","description":"","publisher":{"@id":"https:\/\/www.blue-heeler.de\/fr\/#organization"},"potentialAction":[{"@type":"SearchAction","target":{"@type":"EntryPoint","urlTemplate":"https:\/\/www.blue-heeler.de\/fr\/?s={search_term_string}"},"query-input":{"@type":"PropertyValueSpecification","valueRequired":true,"valueName":"search_term_string"}}],"inLanguage":"fr-FR"},{"@type":"Organization","@id":"https:\/\/www.blue-heeler.de\/fr\/#organization","name":"blue heeler Europe","url":"https:\/\/www.blue-heeler.de\/fr\/","logo":{"@type":"ImageObject","inLanguage":"fr-FR","@id":"https:\/\/www.blue-heeler.de\/fr\/#\/schema\/logo\/image\/","url":"https:\/\/www.blue-heeler.de\/wp-content\/uploads\/Blue-Heeler-logo.png","contentUrl":"https:\/\/www.blue-heeler.de\/wp-content\/uploads\/Blue-Heeler-logo.png","width":1024,"height":292,"caption":"blue heeler Europe"},"image":{"@id":"https:\/\/www.blue-heeler.de\/fr\/#\/schema\/logo\/image\/"}}]}},"_links":{"self":[{"href":"https:\/\/www.blue-heeler.de\/fr\/wp-json\/wp\/v2\/product\/85498","targetHints":{"allow":["GET"]}}],"collection":[{"href":"https:\/\/www.blue-heeler.de\/fr\/wp-json\/wp\/v2\/product"}],"about":[{"href":"https:\/\/www.blue-heeler.de\/fr\/wp-json\/wp\/v2\/types\/product"}],"replies":[{"embeddable":true,"href":"https:\/\/www.blue-heeler.de\/fr\/wp-json\/wp\/v2\/comments?post=85498"}],"wp:featuredmedia":[{"embeddable":true,"href":"https:\/\/www.blue-heeler.de\/fr\/wp-json\/wp\/v2\/media\/93598"}],"wp:attachment":[{"href":"https:\/\/www.blue-heeler.de\/fr\/wp-json\/wp\/v2\/media?parent=85498"}],"wp:term":[{"taxonomy":"product_brand","embeddable":true,"href":"https:\/\/www.blue-heeler.de\/fr\/wp-json\/wp\/v2\/product_brand?post=85498"},{"taxonomy":"product_cat","embeddable":true,"href":"https:\/\/www.blue-heeler.de\/fr\/wp-json\/wp\/v2\/product_cat?post=85498"},{"taxonomy":"product_tag","embeddable":true,"href":"https:\/\/www.blue-heeler.de\/fr\/wp-json\/wp\/v2\/product_tag?post=85498"},{"taxonomy":"giftcard-category","embeddable":true,"href":"https:\/\/www.blue-heeler.de\/fr\/wp-json\/wp\/v2\/giftcard-category?post=85498"}],"curies":[{"name":"wp","href":"https:\/\/api.w.org\/{rel}","templated":true}]}}