{"id":83206,"date":"2022-01-24T10:41:59","date_gmt":"2024-05-10T10:56:18","guid":{"rendered":"http:\/\/blue-heeler.de\/produkt\/inserts-outback\/"},"modified":"2024-05-10T12:56:18","modified_gmt":"2024-05-10T10:56:18","slug":"inserts-outback","status":"publish","type":"product","link":"https:\/\/www.blue-heeler.de\/fr\/Produkt\/inserts-outback\/","title":{"rendered":"Inserts Outback"},"content":{"rendered":"<p>Semelle plantaire interchangeable avec inserts en gel au niveau du talon et de la plante du pied, adapt\u00e9e au mod\u00e8le Outback.<\/p>\n","protected":false},"excerpt":{"rendered":"<h2>Inserts Outback<\/h2>\n<p>Semelle plantaire interchangeable avec inserts en gel au niveau du talon et de la plante du pied, adapt\u00e9e au mod\u00e8le Outback.<\/p>\n","protected":false},"featured_media":83215,"comment_status":"closed","ping_status":"closed","template":"","meta":{"inline_featured_image":false},"product_brand":[],"product_cat":[1290,1296],"product_tag":[1214,1157,893,884,1085,1004],"giftcard-category":[],"class_list":{"0":"post-83206","1":"product","2":"type-product","3":"status-publish","4":"has-post-thumbnail","6":"product_cat-accessoires-fr","7":"product_cat-inserts","8":"product_tag-amortissant-les-pas","9":"product_tag-amovible","10":"product_tag-gel-fr","11":"product_tag-inserts","12":"product_tag-lit-de-pied-amovible","13":"product_tag-outback-fr","14":"pa_groesse-36-eu-35-uk","15":"pa_groesse-37-eu-4-uk","16":"pa_groesse-38-eu-5-uk","17":"pa_groesse-39-eu-6-uk","18":"pa_groesse-40-eu-65-uk","19":"pa_groesse-41-eu-7-uk","20":"pa_groesse-42-eu-8-uk","21":"pa_groesse-43-eu-9-uk","22":"pa_groesse-44-eu-10-uk","23":"pa_groesse-45-eu-105-uk","24":"pa_groesse-46-eu-11-uk","26":"first","27":"instock","28":"taxable","29":"shipping-taxable","30":"purchasable","31":"product-type-variable"},"yoast_head":"<!-- This site is optimized with the Yoast SEO Premium plugin v26.6 (Yoast SEO v26.5) - https:\/\/yoast.com\/wordpress\/plugins\/seo\/ -->\n<title>Semelles Outback | Blue Heeler Boots<\/title>\n<meta name=\"description\" content=\"Acheter en ligne Hommes, Femmes &amp; Enfants D\u00e9p\u00f4ts Outback. Livraison gratuite. Retour facile. Qualit\u00e9 100% authentique. Livraison gratuite. Talon bleu\" \/>\n<meta name=\"robots\" content=\"index, follow, max-snippet:-1, max-image-preview:large, max-video-preview:-1\" \/>\n<link rel=\"canonical\" href=\"https:\/\/www.blue-heeler.de\/fr\/Produkt\/inserts-outback\/\" \/>\n<meta property=\"og:locale\" content=\"fr_FR\" \/>\n<meta property=\"og:type\" content=\"article\" \/>\n<meta property=\"og:title\" content=\"Semelles Outback | Blue Heeler Boots\" \/>\n<meta property=\"og:description\" content=\"Acheter en ligne Hommes, Femmes &amp; Enfants D\u00e9p\u00f4ts Outback. Livraison gratuite. Retour facile. Qualit\u00e9 100% authentique. Livraison gratuite. Talon bleu\" \/>\n<meta property=\"og:url\" content=\"https:\/\/www.blue-heeler.de\/fr\/Produkt\/inserts-outback\/\" \/>\n<meta property=\"og:site_name\" content=\"BLUE HEELER BOOTS\" \/>\n<meta property=\"og:image\" content=\"https:\/\/www.blue-heeler.de\/wp-content\/uploads\/geleinlagen-outback-01-1-1.jpg\" \/>\n\t<meta property=\"og:image:width\" content=\"1000\" \/>\n\t<meta property=\"og:image:height\" content=\"1000\" \/>\n\t<meta property=\"og:image:type\" content=\"image\/jpeg\" \/>\n<meta name=\"twitter:card\" content=\"summary_large_image\" \/>\n<script type=\"application\/ld+json\" class=\"yoast-schema-graph\">{\"@context\":\"https:\/\/schema.org\",\"@graph\":[{\"@type\":\"WebPage\",\"@id\":\"https:\/\/www.blue-heeler.de\/fr\/Produkt\/inserts-outback\/\",\"url\":\"https:\/\/www.blue-heeler.de\/fr\/Produkt\/inserts-outback\/\",\"name\":\"Semelles Outback | Blue Heeler Boots\",\"isPartOf\":{\"@id\":\"https:\/\/www.blue-heeler.de\/fr\/#website\"},\"primaryImageOfPage\":{\"@id\":\"https:\/\/www.blue-heeler.de\/fr\/Produkt\/inserts-outback\/#primaryimage\"},\"image\":{\"@id\":\"https:\/\/www.blue-heeler.de\/fr\/Produkt\/inserts-outback\/#primaryimage\"},\"thumbnailUrl\":\"https:\/\/www.blue-heeler.de\/wp-content\/uploads\/geleinlagen-outback-01-1-1.jpg\",\"datePublished\":\"2024-05-10T10:56:18+00:00\",\"description\":\"Acheter en ligne Hommes, Femmes & Enfants D\u00e9p\u00f4ts Outback. Livraison gratuite. Retour facile. Qualit\u00e9 100% authentique. Livraison gratuite. Talon bleu\",\"breadcrumb\":{\"@id\":\"https:\/\/www.blue-heeler.de\/fr\/Produkt\/inserts-outback\/#breadcrumb\"},\"inLanguage\":\"fr-FR\",\"potentialAction\":[{\"@type\":\"ReadAction\",\"target\":[\"https:\/\/www.blue-heeler.de\/fr\/Produkt\/inserts-outback\/\"]}]},{\"@type\":\"ImageObject\",\"inLanguage\":\"fr-FR\",\"@id\":\"https:\/\/www.blue-heeler.de\/fr\/Produkt\/inserts-outback\/#primaryimage\",\"url\":\"https:\/\/www.blue-heeler.de\/wp-content\/uploads\/geleinlagen-outback-01-1-1.jpg\",\"contentUrl\":\"https:\/\/www.blue-heeler.de\/wp-content\/uploads\/geleinlagen-outback-01-1-1.jpg\",\"width\":1000,\"height\":1000},{\"@type\":\"BreadcrumbList\",\"@id\":\"https:\/\/www.blue-heeler.de\/fr\/Produkt\/inserts-outback\/#breadcrumb\",\"itemListElement\":[{\"@type\":\"ListItem\",\"position\":1,\"name\":\"Startseite\",\"item\":\"https:\/\/www.blue-heeler.de\/fr\/\"},{\"@type\":\"ListItem\",\"position\":2,\"name\":\"Boutique\",\"item\":\"https:\/\/www.blue-heeler.de\/fr\/boutique\/\"},{\"@type\":\"ListItem\",\"position\":3,\"name\":\"Inserts Outback\"}]},{\"@type\":\"WebSite\",\"@id\":\"https:\/\/www.blue-heeler.de\/fr\/#website\",\"url\":\"https:\/\/www.blue-heeler.de\/fr\/\",\"name\":\"BLUE HEELER BOOTS\",\"description\":\"\",\"publisher\":{\"@id\":\"https:\/\/www.blue-heeler.de\/fr\/#organization\"},\"potentialAction\":[{\"@type\":\"SearchAction\",\"target\":{\"@type\":\"EntryPoint\",\"urlTemplate\":\"https:\/\/www.blue-heeler.de\/fr\/?s={search_term_string}\"},\"query-input\":{\"@type\":\"PropertyValueSpecification\",\"valueRequired\":true,\"valueName\":\"search_term_string\"}}],\"inLanguage\":\"fr-FR\"},{\"@type\":\"Organization\",\"@id\":\"https:\/\/www.blue-heeler.de\/fr\/#organization\",\"name\":\"blue heeler Europe\",\"url\":\"https:\/\/www.blue-heeler.de\/fr\/\",\"logo\":{\"@type\":\"ImageObject\",\"inLanguage\":\"fr-FR\",\"@id\":\"https:\/\/www.blue-heeler.de\/fr\/#\/schema\/logo\/image\/\",\"url\":\"https:\/\/www.blue-heeler.de\/wp-content\/uploads\/Blue-Heeler-logo.png\",\"contentUrl\":\"https:\/\/www.blue-heeler.de\/wp-content\/uploads\/Blue-Heeler-logo.png\",\"width\":1024,\"height\":292,\"caption\":\"blue heeler Europe\"},\"image\":{\"@id\":\"https:\/\/www.blue-heeler.de\/fr\/#\/schema\/logo\/image\/\"}}]}<\/script>\n<!-- \/ Yoast SEO Premium plugin. -->","yoast_head_json":{"title":"Semelles Outback | Blue Heeler Boots","description":"Acheter en ligne Hommes, Femmes & Enfants D\u00e9p\u00f4ts Outback. Livraison gratuite. Retour facile. Qualit\u00e9 100% authentique. Livraison gratuite. Talon bleu","robots":{"index":"index","follow":"follow","max-snippet":"max-snippet:-1","max-image-preview":"max-image-preview:large","max-video-preview":"max-video-preview:-1"},"canonical":"https:\/\/www.blue-heeler.de\/fr\/Produkt\/inserts-outback\/","og_locale":"fr_FR","og_type":"article","og_title":"Semelles Outback | Blue Heeler Boots","og_description":"Acheter en ligne Hommes, Femmes & Enfants D\u00e9p\u00f4ts Outback. Livraison gratuite. Retour facile. Qualit\u00e9 100% authentique. Livraison gratuite. Talon bleu","og_url":"https:\/\/www.blue-heeler.de\/fr\/Produkt\/inserts-outback\/","og_site_name":"BLUE HEELER BOOTS","og_image":[{"width":1000,"height":1000,"url":"https:\/\/www.blue-heeler.de\/wp-content\/uploads\/geleinlagen-outback-01-1-1.jpg","type":"image\/jpeg"}],"twitter_card":"summary_large_image","schema":{"@context":"https:\/\/schema.org","@graph":[{"@type":"WebPage","@id":"https:\/\/www.blue-heeler.de\/fr\/Produkt\/inserts-outback\/","url":"https:\/\/www.blue-heeler.de\/fr\/Produkt\/inserts-outback\/","name":"Semelles Outback | Blue Heeler Boots","isPartOf":{"@id":"https:\/\/www.blue-heeler.de\/fr\/#website"},"primaryImageOfPage":{"@id":"https:\/\/www.blue-heeler.de\/fr\/Produkt\/inserts-outback\/#primaryimage"},"image":{"@id":"https:\/\/www.blue-heeler.de\/fr\/Produkt\/inserts-outback\/#primaryimage"},"thumbnailUrl":"https:\/\/www.blue-heeler.de\/wp-content\/uploads\/geleinlagen-outback-01-1-1.jpg","datePublished":"2024-05-10T10:56:18+00:00","description":"Acheter en ligne Hommes, Femmes & Enfants D\u00e9p\u00f4ts Outback. Livraison gratuite. Retour facile. Qualit\u00e9 100% authentique. Livraison gratuite. Talon bleu","breadcrumb":{"@id":"https:\/\/www.blue-heeler.de\/fr\/Produkt\/inserts-outback\/#breadcrumb"},"inLanguage":"fr-FR","potentialAction":[{"@type":"ReadAction","target":["https:\/\/www.blue-heeler.de\/fr\/Produkt\/inserts-outback\/"]}]},{"@type":"ImageObject","inLanguage":"fr-FR","@id":"https:\/\/www.blue-heeler.de\/fr\/Produkt\/inserts-outback\/#primaryimage","url":"https:\/\/www.blue-heeler.de\/wp-content\/uploads\/geleinlagen-outback-01-1-1.jpg","contentUrl":"https:\/\/www.blue-heeler.de\/wp-content\/uploads\/geleinlagen-outback-01-1-1.jpg","width":1000,"height":1000},{"@type":"BreadcrumbList","@id":"https:\/\/www.blue-heeler.de\/fr\/Produkt\/inserts-outback\/#breadcrumb","itemListElement":[{"@type":"ListItem","position":1,"name":"Startseite","item":"https:\/\/www.blue-heeler.de\/fr\/"},{"@type":"ListItem","position":2,"name":"Boutique","item":"https:\/\/www.blue-heeler.de\/fr\/boutique\/"},{"@type":"ListItem","position":3,"name":"Inserts Outback"}]},{"@type":"WebSite","@id":"https:\/\/www.blue-heeler.de\/fr\/#website","url":"https:\/\/www.blue-heeler.de\/fr\/","name":"BLUE HEELER BOOTS","description":"","publisher":{"@id":"https:\/\/www.blue-heeler.de\/fr\/#organization"},"potentialAction":[{"@type":"SearchAction","target":{"@type":"EntryPoint","urlTemplate":"https:\/\/www.blue-heeler.de\/fr\/?s={search_term_string}"},"query-input":{"@type":"PropertyValueSpecification","valueRequired":true,"valueName":"search_term_string"}}],"inLanguage":"fr-FR"},{"@type":"Organization","@id":"https:\/\/www.blue-heeler.de\/fr\/#organization","name":"blue heeler Europe","url":"https:\/\/www.blue-heeler.de\/fr\/","logo":{"@type":"ImageObject","inLanguage":"fr-FR","@id":"https:\/\/www.blue-heeler.de\/fr\/#\/schema\/logo\/image\/","url":"https:\/\/www.blue-heeler.de\/wp-content\/uploads\/Blue-Heeler-logo.png","contentUrl":"https:\/\/www.blue-heeler.de\/wp-content\/uploads\/Blue-Heeler-logo.png","width":1024,"height":292,"caption":"blue heeler Europe"},"image":{"@id":"https:\/\/www.blue-heeler.de\/fr\/#\/schema\/logo\/image\/"}}]}},"_links":{"self":[{"href":"https:\/\/www.blue-heeler.de\/fr\/wp-json\/wp\/v2\/product\/83206","targetHints":{"allow":["GET"]}}],"collection":[{"href":"https:\/\/www.blue-heeler.de\/fr\/wp-json\/wp\/v2\/product"}],"about":[{"href":"https:\/\/www.blue-heeler.de\/fr\/wp-json\/wp\/v2\/types\/product"}],"replies":[{"embeddable":true,"href":"https:\/\/www.blue-heeler.de\/fr\/wp-json\/wp\/v2\/comments?post=83206"}],"wp:featuredmedia":[{"embeddable":true,"href":"https:\/\/www.blue-heeler.de\/fr\/wp-json\/wp\/v2\/media\/83215"}],"wp:attachment":[{"href":"https:\/\/www.blue-heeler.de\/fr\/wp-json\/wp\/v2\/media?parent=83206"}],"wp:term":[{"taxonomy":"product_brand","embeddable":true,"href":"https:\/\/www.blue-heeler.de\/fr\/wp-json\/wp\/v2\/product_brand?post=83206"},{"taxonomy":"product_cat","embeddable":true,"href":"https:\/\/www.blue-heeler.de\/fr\/wp-json\/wp\/v2\/product_cat?post=83206"},{"taxonomy":"product_tag","embeddable":true,"href":"https:\/\/www.blue-heeler.de\/fr\/wp-json\/wp\/v2\/product_tag?post=83206"},{"taxonomy":"giftcard-category","embeddable":true,"href":"https:\/\/www.blue-heeler.de\/fr\/wp-json\/wp\/v2\/giftcard-category?post=83206"}],"curies":[{"name":"wp","href":"https:\/\/api.w.org\/{rel}","templated":true}]}}