{"id":82646,"date":"2024-05-08T16:25:55","date_gmt":"2024-05-08T14:25:55","guid":{"rendered":"http:\/\/blue-heeler.de\/informations-et-formulaire-de-retractation\/"},"modified":"2024-05-08T16:25:55","modified_gmt":"2024-05-08T14:25:55","slug":"informations-et-formulaire-de-retractation","status":"publish","type":"page","link":"https:\/\/www.blue-heeler.de\/fr\/informations-et-formulaire-de-retractation\/","title":{"rendered":"Informations et formulaire de r\u00e9tractation"},"content":{"rendered":"\t\t<div data-elementor-type=\"wp-page\" data-elementor-id=\"82646\" class=\"elementor elementor-82646 elementor-81280\" data-elementor-post-type=\"page\">\n\t\t\t\t\t\t<section class=\"elementor-section elementor-top-section elementor-element elementor-element-dda6287 elementor-section-stretched elementor-section-boxed elementor-section-height-default elementor-section-height-default\" data-id=\"dda6287\" data-element_type=\"section\" data-e-type=\"section\" data-settings=\"{&quot;stretch_section&quot;:&quot;section-stretched&quot;}\">\n\t\t\t\t\t\t<div class=\"elementor-container elementor-column-gap-no\">\n\t\t\t\t\t<div class=\"elementor-column elementor-col-100 elementor-top-column elementor-element elementor-element-2d8f857\" data-id=\"2d8f857\" data-element_type=\"column\" data-e-type=\"column\">\n\t\t\t<div class=\"elementor-widget-wrap elementor-element-populated\">\n\t\t\t\t\t\t<div class=\"elementor-element elementor-element-728b585 elementor-widget elementor-widget-heading\" data-id=\"728b585\" data-element_type=\"widget\" data-e-type=\"widget\" data-widget_type=\"heading.default\">\n\t\t\t\t<div class=\"elementor-widget-container\">\n\t\t\t\t\t<h5 class=\"elementor-heading-title elementor-size-default\">Informations et formulaire de r\u00e9tractation<\/h5>\t\t\t\t<\/div>\n\t\t\t\t<\/div>\n\t\t\t\t<div class=\"elementor-element elementor-element-fdb1127 elementor-widget elementor-widget-text-editor\" data-id=\"fdb1127\" data-element_type=\"widget\" data-e-type=\"widget\" data-widget_type=\"text-editor.default\">\n\t\t\t\t<div class=\"elementor-widget-container\">\n\t\t\t\t\t\t\t\t\t<h4>Droit de r\u00e9tractation<\/h4>\n<p>En tant que consommateur au sens de l&rsquo;article 13 du Code civil allemand (BGB), vous avez le droit de vous r\u00e9tracter du pr\u00e9sent contrat dans un d\u00e9lai de quatorze jours sans avoir \u00e0 justifier de motifs. Le d\u00e9lai de r\u00e9tractation est de quatorze jours \u00e0 compter du jour o\u00f9 vous, ou un tiers autre que le transporteur et d\u00e9sign\u00e9 par vous, avez pris possession du bien. Dans la mesure o\u00f9 vous avez command\u00e9 plusieurs marchandises dans le cadre d&rsquo;une commande unique, qui sont livr\u00e9es s\u00e9par\u00e9ment, le d\u00e9lai de r\u00e9tractation commence \u00e0 courir le jour o\u00f9 vous ou un tiers d\u00e9sign\u00e9 par vous, qui n&rsquo;est pas le transporteur, avez pris ou a pris possession de la derni\u00e8re marchandise. Pour exercer votre droit de r\u00e9tractation, vous devez nous envoyer  <strong>Blue Heeler Europe (Inh. Ira Neumann e.K.)<\/strong> <strong>Service client<\/strong>  Eickedorfer Str.1A 28879 Grasberg T\u00e9l :  <a href=\"tel:+4942088285280\">04208-8285280<\/a>  e-mail :  <a href=\"mailto:service@blue-heeler.de\">service@blue-heeler.de<\/a>  de votre d\u00e9cision de vous r\u00e9tracter du pr\u00e9sent contrat au moyen d&rsquo;une d\u00e9claration claire (par exemple, lettre envoy\u00e9e par la poste, t\u00e9l\u00e9copie ou courrier \u00e9lectronique). Pour ce faire, vous pouvez utiliser le mod\u00e8le de formulaire de r\u00e9tractation joint en bas de page, qui n&rsquo;est toutefois pas obligatoire. Pour que le d\u00e9lai de r\u00e9tractation soit respect\u00e9, il suffit que vous envoyiez la communication relative \u00e0 l&rsquo;exercice du droit de r\u00e9tractation avant l&rsquo;expiration du d\u00e9lai de r\u00e9tractation.<\/p>\n<h4>Cons\u00e9quences de la r\u00e9tractation<\/h4>\n<p>En cas de r\u00e9tractation du pr\u00e9sent contrat, nous vous rembourserons tous les paiements re\u00e7us de vous, y compris les frais de livraison (\u00e0 l&rsquo;exception des frais suppl\u00e9mentaires d\u00e9coulant du fait que vous avez choisi un mode de livraison autre que le mode de livraison standard le moins co\u00fbteux que nous proposons), sans retard excessif et au plus tard quatorze jours \u00e0 compter de la date \u00e0 laquelle nous avons re\u00e7u la notification de votre r\u00e9tractation du pr\u00e9sent contrat. Nous effectuons ce remboursement en utilisant le m\u00eame moyen de paiement que celui que vous avez utilis\u00e9 pour la transaction initiale, sauf accord expr\u00e8s contraire avec vous ; en aucun cas nous ne vous facturons de frais pour ce remboursement. Nous pouvons refuser le remboursement jusqu&rsquo;\u00e0 ce que nous ayons r\u00e9cup\u00e9r\u00e9 les biens ou jusqu&rsquo;\u00e0 ce que vous ayez fourni la preuve que vous avez renvoy\u00e9 les biens, la date retenue \u00e9tant la plus proche. Vous devez renvoyer ou rendre le bien, sans retard excessif et, en tout \u00e9tat de cause, au plus tard quatorze jours \u00e0 compter du jour o\u00f9 vous nous informez de votre d\u00e9cision de r\u00e9tractation du pr\u00e9sent contrat, \u00e0 Blue Heeler Europe (Inh.Ira Neumann e.K.), Abt. Retouren, Eickedorfer Str.1A, 28879 Grasberg, Tel.04208-8285280, E-Mail : <a href=\"mailto:service@blue-heeler.de\">service@blue-heeler.de)<\/a> ou de les remettre. Le d\u00e9lai est respect\u00e9 si vous envoyez les marchandises ou si vous nous les remettez avant l&rsquo;expiration du d\u00e9lai de quatorze jours. Vous ne devez payer pour une \u00e9ventuelle perte de valeur des marchandises que si cette perte de valeur est due \u00e0 une manipulation non n\u00e9cessaire pour v\u00e9rifier la nature, les caract\u00e9ristiques et le fonctionnement des marchandises. Motifs d&rsquo;exclusion et d&rsquo;extinction du droit de r\u00e9tractation Le droit de r\u00e9tractation ne s&rsquo;applique pas, sauf accord contraire des parties, aux contrats suivants : Contrats de fourniture de biens qui ne sont pas pr\u00e9fabriqu\u00e9s et pour la production desquels le choix ou la d\u00e9termination individuels du consommateur sont d\u00e9terminants ou qui sont clairement adapt\u00e9s aux besoins personnels du consommateur.<\/p>\n<hr>\n<p><strong>Droit de r\u00e9tractation pour les consommateurs<\/strong><br \/>(Le consommateur est toute personne physique qui conclut un acte juridique \u00e0 des fins qui, pour la plupart, ne peuvent \u00eatre attribu\u00e9es ni \u00e0 son activit\u00e9 commerciale ni \u00e0 son activit\u00e9 professionnelle ind\u00e9pendante).<\/p>\n<p><strong>Informations sur le droit de r\u00e9tractation pour le contenu num\u00e9rique<\/strong><\/p>\n<p><strong>Droit de r\u00e9tractation<\/strong><br \/>Vous avez le droit de vous r\u00e9tracter du pr\u00e9sent contrat sans donner de motif dans un d\u00e9lai de quatorze jours.<br \/>Le d\u00e9lai de r\u00e9tractation est de quatorze jours \u00e0 compter de la date de conclusion du contrat.<\/p>\n<p>Pour exercer votre droit de r\u00e9tractation, vous devez nous informer<strong>(Blue Heeler Europe (Inh. Ira Neumann e.K.), Eickedorfer Str. 1A, 28879 Grasberg, num\u00e9ro de t\u00e9l\u00e9phone : 04208-8285280, adresse e-mail : bestellung@blue-heeler.de)<\/strong> de votre d\u00e9cision de vous r\u00e9tracter du pr\u00e9sent contrat au moyen d&rsquo;une d\u00e9claration d\u00e9nu\u00e9e d&rsquo;ambigu\u00eft\u00e9 (par exemple, une lettre envoy\u00e9e par la poste ou un e-mail). Vous pouvez utiliser \u00e0 cet effet le mod\u00e8le de formulaire de r\u00e9tractation ci-joint, qui n&rsquo;est toutefois pas obligatoire.<\/p>\n<p>Pour que le d\u00e9lai de r\u00e9tractation soit respect\u00e9, il suffit que vous envoyiez la communication relative \u00e0 l&rsquo;exercice du droit de r\u00e9tractation avant l&rsquo;expiration du d\u00e9lai de r\u00e9tractation.<\/p>\n<p><strong>Cons\u00e9quences de la r\u00e9tractation<\/strong><\/p>\n<p>En cas de r\u00e9tractation du pr\u00e9sent contrat, nous vous rembourserons tous les paiements re\u00e7us de vous, y compris les frais de livraison (\u00e0 l&rsquo;exception des frais suppl\u00e9mentaires d\u00e9coulant du fait que vous avez choisi un mode de livraison autre que le mode de livraison standard le moins co\u00fbteux que nous proposons), sans retard excessif et au plus tard quatorze jours \u00e0 compter de la date \u00e0 laquelle nous avons re\u00e7u la notification de votre r\u00e9tractation du pr\u00e9sent contrat. Nous effectuons ce remboursement en utilisant le m\u00eame moyen de paiement que celui que vous avez utilis\u00e9 pour la transaction initiale, sauf accord expr\u00e8s contraire avec vous ; en aucun cas nous ne vous facturons de frais pour ce remboursement.<\/p>\n<p><strong>Causes d&rsquo;extinction<\/strong><\/p>\n<div>Le droit de r\u00e9tractation s&rsquo;\u00e9teint dans le cas d&rsquo;un contrat de fourniture de contenu num\u00e9rique non fourni sur un support mat\u00e9riel, qui oblige le consommateur \u00e0 payer un prix, si le consommateur :<\/div>\n<div> <\/div>\n<div>1. a express\u00e9ment accept\u00e9 que l&rsquo;entrepreneur commence l&rsquo;ex\u00e9cution du contrat avant l&rsquo;expiration du d\u00e9lai de r\u00e9tractation et<\/div>\n<div>2. a confirm\u00e9 qu&rsquo;il savait que son consentement mettrait fin \u00e0 son droit de r\u00e9tractation d\u00e8s le d\u00e9but de l&rsquo;ex\u00e9cution du contrat ; et<\/div>\n<div>3. l&rsquo;entrepreneur a fourni au consommateur une confirmation du contrat sur un support durable dans un d\u00e9lai raisonnable apr\u00e8s la conclusion du contrat, mais au plus tard au moment de la mise \u00e0 disposition du contenu num\u00e9rique qui n&rsquo;est pas sur un support physique :<\/div>\n<ul>\n<li>qui refl\u00e8te le contenu du contrat, et<\/li>\n<li>sur laquelle il est indiqu\u00e9 que le consommateur a express\u00e9ment accept\u00e9, avant l&rsquo;ex\u00e9cution du contrat, que l&rsquo;entrepreneur commence l&rsquo;ex\u00e9cution du contrat avant l&rsquo;expiration du d\u00e9lai de r\u00e9tractation et a confirm\u00e9 qu&rsquo;il avait connaissance du fait que son accord lui faisait perdre son droit de r\u00e9tractation d\u00e8s le d\u00e9but de l&rsquo;ex\u00e9cution du contrat.<\/li>\n<\/ul>\n<hr>\n<p><strong>Mod\u00e8le de formulaire de r\u00e9tractation<\/strong><\/p>\n<p>(Si vous souhaitez annuler le contrat, veuillez remplir et renvoyer ce formulaire).<\/p>\n<p>&#8211; A Blue Heeler Europe (Inh. Ira Neumann e.K.), Eickedorfer Str. 1A, 28879 Grasberg, adresse \u00e9lectronique : bestellung@blue-heeler.de :<\/p>\n<p>&#8211; Par la pr\u00e9sente, je\/nous (*) r\u00e9voque(ons) le contrat que j&rsquo;ai\/nous avons (*) conclu pour l&rsquo;achat des marchandises suivantes (*)\/.<br \/>la fourniture du service suivant (*)<\/p>\n<p>&#8211; Command\u00e9 le (*)\/re\u00e7u le (*)<\/p>\n<p>&#8211; Nom du\/des consommateur(s)<br \/>&#8211; Adresse du\/des consommateur(s)<br \/>&#8211; Signature du\/des consommateur(s) (uniquement en cas de communication sur papier)<br \/>&#8211; Date<\/p>\n<p>(*) Biffer la mention inutile.<\/p>\n<p><em>FIN DE L&rsquo;INFORMATION SUR LE DROIT DE R\u00c9TRACTATION<\/em><\/p>\n\t\t\t\t\t\t\t\t<\/div>\n\t\t\t\t<\/div>\n\t\t\t\t\t<\/div>\n\t\t<\/div>\n\t\t\t\t\t<\/div>\n\t\t<\/section>\n\t\t\t\t<section class=\"elementor-section elementor-top-section elementor-element elementor-element-56d59a2 elementor-section-stretched elementor-section-boxed elementor-section-height-default elementor-section-height-default\" data-id=\"56d59a2\" data-element_type=\"section\" data-e-type=\"section\" data-settings=\"{&quot;stretch_section&quot;:&quot;section-stretched&quot;}\">\n\t\t\t\t\t\t<div class=\"elementor-container elementor-column-gap-no\">\n\t\t\t\t\t<div class=\"elementor-column elementor-col-50 elementor-top-column elementor-element elementor-element-478557f\" data-id=\"478557f\" data-element_type=\"column\" data-e-type=\"column\">\n\t\t\t<div class=\"elementor-widget-wrap elementor-element-populated\">\n\t\t\t\t\t\t<div class=\"elementor-element elementor-element-26f58a6 elementor-widget elementor-widget-heading\" data-id=\"26f58a6\" data-element_type=\"widget\" data-e-type=\"widget\" data-widget_type=\"heading.default\">\n\t\t\t\t<div class=\"elementor-widget-container\">\n\t\t\t\t\t<h5 class=\"elementor-heading-title elementor-size-default\">Formulaire de r\u00e9tractation \u00e0 t\u00e9l\u00e9charger au format PDF<\/h5>\t\t\t\t<\/div>\n\t\t\t\t<\/div>\n\t\t\t\t<div class=\"elementor-element elementor-element-8327dbc elementor-widget elementor-widget-text-editor\" data-id=\"8327dbc\" data-element_type=\"widget\" data-e-type=\"widget\" data-widget_type=\"text-editor.default\">\n\t\t\t\t<div class=\"elementor-widget-container\">\n\t\t\t\t\t\t\t\t\t<p>Vous trouverez ici le <a href=\"http:\/\/blue-heeler.de\/wp-content\/uploads\/widerrufsformular-blue-heeler_202008.pdf\" target=\"_blank\" rel=\"noopener noreferrer\">mod\u00e8le de formulaire de r\u00e9tractation<\/a> \u00e0 t\u00e9l\u00e9charger <a href=\"http:\/\/blue-heeler.de\/wp-content\/uploads\/widerrufsformular-blue-heeler_202008.pdf\" target=\"_blank\" rel=\"noopener noreferrer\">sous forme de document .pdf<\/a>.<\/p>\n<p>Et ici, vous pouvez t\u00e9l\u00e9charger le <a href=\"http:\/\/get.adobe.com\/reader\/\" target=\"_blank\" rel=\"noopener noreferrer\">PDF Reader<\/a> <\/p>\n\t\t\t\t\t\t\t\t<\/div>\n\t\t\t\t<\/div>\n\t\t\t\t\t<\/div>\n\t\t<\/div>\n\t\t\t\t<div class=\"elementor-column elementor-col-50 elementor-top-column elementor-element elementor-element-059c525\" data-id=\"059c525\" data-element_type=\"column\" data-e-type=\"column\">\n\t\t\t<div class=\"elementor-widget-wrap elementor-element-populated\">\n\t\t\t\t\t\t<div class=\"elementor-element elementor-element-b7eae69 elementor-widget elementor-widget-image\" data-id=\"b7eae69\" data-element_type=\"widget\" data-e-type=\"widget\" data-widget_type=\"image.default\">\n\t\t\t\t<div class=\"elementor-widget-container\">\n\t\t\t\t\t\t\t\t\t\t\t\t\t\t\t\t<a href=\"http:\/\/blue-heeler.de\/wp-content\/uploads\/widerrufsformular-blue-heeler_202008.pdf\">\n\t\t\t\t\t\t\t<img fetchpriority=\"high\" decoding=\"async\" width=\"599\" height=\"752\" src=\"https:\/\/www.blue-heeler.de\/wp-content\/uploads\/widerrufsformular-blue-heeler-foto-202008-1-1.jpg\" class=\"attachment-large size-large wp-image-82336\" alt=\"\" srcset=\"https:\/\/www.blue-heeler.de\/wp-content\/uploads\/widerrufsformular-blue-heeler-foto-202008-1-1.jpg 599w, https:\/\/www.blue-heeler.de\/wp-content\/uploads\/widerrufsformular-blue-heeler-foto-202008-1-1-335x420.jpg 335w, https:\/\/www.blue-heeler.de\/wp-content\/uploads\/widerrufsformular-blue-heeler-foto-202008-1-1-19x24.jpg 19w, https:\/\/www.blue-heeler.de\/wp-content\/uploads\/widerrufsformular-blue-heeler-foto-202008-1-1-29x36.jpg 29w, https:\/\/www.blue-heeler.de\/wp-content\/uploads\/widerrufsformular-blue-heeler-foto-202008-1-1-38x48.jpg 38w, https:\/\/www.blue-heeler.de\/wp-content\/uploads\/widerrufsformular-blue-heeler-foto-202008-1-1-450x565.jpg 450w\" sizes=\"(max-width: 599px) 100vw, 599px\" \/>\t\t\t\t\t\t\t\t<\/a>\n\t\t\t\t\t\t\t\t\t\t\t\t\t\t\t<\/div>\n\t\t\t\t<\/div>\n\t\t\t\t\t<\/div>\n\t\t<\/div>\n\t\t\t\t\t<\/div>\n\t\t<\/section>\n\t\t\t\t<\/div>\n\t\t","protected":false},"excerpt":{"rendered":"<p>Informations et formulaire de r\u00e9tractation Droit de r\u00e9tractation En tant que consommateur au sens de l&rsquo;article 13 du Code civil allemand (BGB), vous avez le droit de vous r\u00e9tracter du pr\u00e9sent contrat dans un d\u00e9lai de quatorze jours sans avoir \u00e0 justifier de motifs. Le d\u00e9lai de r\u00e9tractation est de quatorze jours \u00e0 compter du [&hellip;]<\/p>\n","protected":false},"author":612,"featured_media":0,"parent":0,"menu_order":0,"comment_status":"closed","ping_status":"closed","template":"elementor_header_footer","meta":{"inline_featured_image":false,"footnotes":""},"class_list":["post-82646","page","type-page","status-publish","hentry"],"yoast_head":"<!-- This site is optimized with the Yoast SEO Premium plugin v26.6 (Yoast SEO v26.5) - https:\/\/yoast.com\/wordpress\/plugins\/seo\/ -->\n<title>Information sur le droit de r\u00e9tractation |Blue Heeler Europe<\/title>\n<meta name=\"description\" content=\"Nos instructions sur le formulaire de r\u00e9tractation de Blue Heeler Europe vous garantissent une exp\u00e9rience sans probl\u00e8me. Pour plus d&#039;aide, contactez-nous.\" \/>\n<meta name=\"robots\" content=\"index, follow, max-snippet:-1, max-image-preview:large, max-video-preview:-1\" \/>\n<link rel=\"canonical\" href=\"https:\/\/www.blue-heeler.de\/fr\/informations-et-formulaire-de-retractation\/\" \/>\n<meta property=\"og:locale\" content=\"fr_FR\" \/>\n<meta property=\"og:type\" content=\"article\" \/>\n<meta property=\"og:title\" content=\"Information sur le droit de r\u00e9tractation |Blue Heeler Europe\" \/>\n<meta property=\"og:description\" content=\"Nos instructions sur le formulaire de r\u00e9tractation de Blue Heeler Europe vous garantissent une exp\u00e9rience sans probl\u00e8me. Pour plus d&#039;aide, contactez-nous.\" \/>\n<meta property=\"og:url\" content=\"https:\/\/www.blue-heeler.de\/fr\/informations-et-formulaire-de-retractation\/\" \/>\n<meta property=\"og:site_name\" content=\"BLUE HEELER BOOTS\" \/>\n<meta property=\"og:image\" content=\"https:\/\/blue-heeler.de\/wp-content\/uploads\/widerrufsformular-blue-heeler-foto-202008-1-1.jpg\" \/>\n<meta name=\"twitter:card\" content=\"summary_large_image\" \/>\n<script type=\"application\/ld+json\" class=\"yoast-schema-graph\">{\"@context\":\"https:\/\/schema.org\",\"@graph\":[{\"@type\":\"WebPage\",\"@id\":\"https:\/\/www.blue-heeler.de\/fr\/informations-et-formulaire-de-retractation\/\",\"url\":\"https:\/\/www.blue-heeler.de\/fr\/informations-et-formulaire-de-retractation\/\",\"name\":\"Information sur le droit de r\u00e9tractation |Blue Heeler Europe\",\"isPartOf\":{\"@id\":\"https:\/\/www.blue-heeler.de\/fr\/#website\"},\"primaryImageOfPage\":{\"@id\":\"https:\/\/www.blue-heeler.de\/fr\/informations-et-formulaire-de-retractation\/#primaryimage\"},\"image\":{\"@id\":\"https:\/\/www.blue-heeler.de\/fr\/informations-et-formulaire-de-retractation\/#primaryimage\"},\"thumbnailUrl\":\"https:\/\/blue-heeler.de\/wp-content\/uploads\/widerrufsformular-blue-heeler-foto-202008-1-1.jpg\",\"datePublished\":\"2024-05-08T14:25:55+00:00\",\"description\":\"Nos instructions sur le formulaire de r\u00e9tractation de Blue Heeler Europe vous garantissent une exp\u00e9rience sans probl\u00e8me. Pour plus d'aide, contactez-nous.\",\"breadcrumb\":{\"@id\":\"https:\/\/www.blue-heeler.de\/fr\/informations-et-formulaire-de-retractation\/#breadcrumb\"},\"inLanguage\":\"fr-FR\",\"potentialAction\":[{\"@type\":\"ReadAction\",\"target\":[\"https:\/\/www.blue-heeler.de\/fr\/informations-et-formulaire-de-retractation\/\"]}]},{\"@type\":\"ImageObject\",\"inLanguage\":\"fr-FR\",\"@id\":\"https:\/\/www.blue-heeler.de\/fr\/informations-et-formulaire-de-retractation\/#primaryimage\",\"url\":\"https:\/\/blue-heeler.de\/wp-content\/uploads\/widerrufsformular-blue-heeler-foto-202008-1-1.jpg\",\"contentUrl\":\"https:\/\/blue-heeler.de\/wp-content\/uploads\/widerrufsformular-blue-heeler-foto-202008-1-1.jpg\"},{\"@type\":\"BreadcrumbList\",\"@id\":\"https:\/\/www.blue-heeler.de\/fr\/informations-et-formulaire-de-retractation\/#breadcrumb\",\"itemListElement\":[{\"@type\":\"ListItem\",\"position\":1,\"name\":\"Startseite\",\"item\":\"https:\/\/www.blue-heeler.de\/fr\/\"},{\"@type\":\"ListItem\",\"position\":2,\"name\":\"Informations et formulaire de r\u00e9tractation\"}]},{\"@type\":\"WebSite\",\"@id\":\"https:\/\/www.blue-heeler.de\/fr\/#website\",\"url\":\"https:\/\/www.blue-heeler.de\/fr\/\",\"name\":\"BLUE HEELER BOOTS\",\"description\":\"\",\"publisher\":{\"@id\":\"https:\/\/www.blue-heeler.de\/fr\/#organization\"},\"potentialAction\":[{\"@type\":\"SearchAction\",\"target\":{\"@type\":\"EntryPoint\",\"urlTemplate\":\"https:\/\/www.blue-heeler.de\/fr\/?s={search_term_string}\"},\"query-input\":{\"@type\":\"PropertyValueSpecification\",\"valueRequired\":true,\"valueName\":\"search_term_string\"}}],\"inLanguage\":\"fr-FR\"},{\"@type\":\"Organization\",\"@id\":\"https:\/\/www.blue-heeler.de\/fr\/#organization\",\"name\":\"blue heeler Europe\",\"url\":\"https:\/\/www.blue-heeler.de\/fr\/\",\"logo\":{\"@type\":\"ImageObject\",\"inLanguage\":\"fr-FR\",\"@id\":\"https:\/\/www.blue-heeler.de\/fr\/#\/schema\/logo\/image\/\",\"url\":\"https:\/\/www.blue-heeler.de\/wp-content\/uploads\/Blue-Heeler-logo.png\",\"contentUrl\":\"https:\/\/www.blue-heeler.de\/wp-content\/uploads\/Blue-Heeler-logo.png\",\"width\":1024,\"height\":292,\"caption\":\"blue heeler Europe\"},\"image\":{\"@id\":\"https:\/\/www.blue-heeler.de\/fr\/#\/schema\/logo\/image\/\"}}]}<\/script>\n<!-- \/ Yoast SEO Premium plugin. -->","yoast_head_json":{"title":"Information sur le droit de r\u00e9tractation |Blue Heeler Europe","description":"Nos instructions sur le formulaire de r\u00e9tractation de Blue Heeler Europe vous garantissent une exp\u00e9rience sans probl\u00e8me. Pour plus d'aide, contactez-nous.","robots":{"index":"index","follow":"follow","max-snippet":"max-snippet:-1","max-image-preview":"max-image-preview:large","max-video-preview":"max-video-preview:-1"},"canonical":"https:\/\/www.blue-heeler.de\/fr\/informations-et-formulaire-de-retractation\/","og_locale":"fr_FR","og_type":"article","og_title":"Information sur le droit de r\u00e9tractation |Blue Heeler Europe","og_description":"Nos instructions sur le formulaire de r\u00e9tractation de Blue Heeler Europe vous garantissent une exp\u00e9rience sans probl\u00e8me. Pour plus d'aide, contactez-nous.","og_url":"https:\/\/www.blue-heeler.de\/fr\/informations-et-formulaire-de-retractation\/","og_site_name":"BLUE HEELER BOOTS","og_image":[{"url":"https:\/\/blue-heeler.de\/wp-content\/uploads\/widerrufsformular-blue-heeler-foto-202008-1-1.jpg","type":"","width":"","height":""}],"twitter_card":"summary_large_image","schema":{"@context":"https:\/\/schema.org","@graph":[{"@type":"WebPage","@id":"https:\/\/www.blue-heeler.de\/fr\/informations-et-formulaire-de-retractation\/","url":"https:\/\/www.blue-heeler.de\/fr\/informations-et-formulaire-de-retractation\/","name":"Information sur le droit de r\u00e9tractation |Blue Heeler Europe","isPartOf":{"@id":"https:\/\/www.blue-heeler.de\/fr\/#website"},"primaryImageOfPage":{"@id":"https:\/\/www.blue-heeler.de\/fr\/informations-et-formulaire-de-retractation\/#primaryimage"},"image":{"@id":"https:\/\/www.blue-heeler.de\/fr\/informations-et-formulaire-de-retractation\/#primaryimage"},"thumbnailUrl":"https:\/\/blue-heeler.de\/wp-content\/uploads\/widerrufsformular-blue-heeler-foto-202008-1-1.jpg","datePublished":"2024-05-08T14:25:55+00:00","description":"Nos instructions sur le formulaire de r\u00e9tractation de Blue Heeler Europe vous garantissent une exp\u00e9rience sans probl\u00e8me. Pour plus d'aide, contactez-nous.","breadcrumb":{"@id":"https:\/\/www.blue-heeler.de\/fr\/informations-et-formulaire-de-retractation\/#breadcrumb"},"inLanguage":"fr-FR","potentialAction":[{"@type":"ReadAction","target":["https:\/\/www.blue-heeler.de\/fr\/informations-et-formulaire-de-retractation\/"]}]},{"@type":"ImageObject","inLanguage":"fr-FR","@id":"https:\/\/www.blue-heeler.de\/fr\/informations-et-formulaire-de-retractation\/#primaryimage","url":"https:\/\/blue-heeler.de\/wp-content\/uploads\/widerrufsformular-blue-heeler-foto-202008-1-1.jpg","contentUrl":"https:\/\/blue-heeler.de\/wp-content\/uploads\/widerrufsformular-blue-heeler-foto-202008-1-1.jpg"},{"@type":"BreadcrumbList","@id":"https:\/\/www.blue-heeler.de\/fr\/informations-et-formulaire-de-retractation\/#breadcrumb","itemListElement":[{"@type":"ListItem","position":1,"name":"Startseite","item":"https:\/\/www.blue-heeler.de\/fr\/"},{"@type":"ListItem","position":2,"name":"Informations et formulaire de r\u00e9tractation"}]},{"@type":"WebSite","@id":"https:\/\/www.blue-heeler.de\/fr\/#website","url":"https:\/\/www.blue-heeler.de\/fr\/","name":"BLUE HEELER BOOTS","description":"","publisher":{"@id":"https:\/\/www.blue-heeler.de\/fr\/#organization"},"potentialAction":[{"@type":"SearchAction","target":{"@type":"EntryPoint","urlTemplate":"https:\/\/www.blue-heeler.de\/fr\/?s={search_term_string}"},"query-input":{"@type":"PropertyValueSpecification","valueRequired":true,"valueName":"search_term_string"}}],"inLanguage":"fr-FR"},{"@type":"Organization","@id":"https:\/\/www.blue-heeler.de\/fr\/#organization","name":"blue heeler Europe","url":"https:\/\/www.blue-heeler.de\/fr\/","logo":{"@type":"ImageObject","inLanguage":"fr-FR","@id":"https:\/\/www.blue-heeler.de\/fr\/#\/schema\/logo\/image\/","url":"https:\/\/www.blue-heeler.de\/wp-content\/uploads\/Blue-Heeler-logo.png","contentUrl":"https:\/\/www.blue-heeler.de\/wp-content\/uploads\/Blue-Heeler-logo.png","width":1024,"height":292,"caption":"blue heeler Europe"},"image":{"@id":"https:\/\/www.blue-heeler.de\/fr\/#\/schema\/logo\/image\/"}}]}},"_links":{"self":[{"href":"https:\/\/www.blue-heeler.de\/fr\/wp-json\/wp\/v2\/pages\/82646","targetHints":{"allow":["GET"]}}],"collection":[{"href":"https:\/\/www.blue-heeler.de\/fr\/wp-json\/wp\/v2\/pages"}],"about":[{"href":"https:\/\/www.blue-heeler.de\/fr\/wp-json\/wp\/v2\/types\/page"}],"author":[{"embeddable":true,"href":"https:\/\/www.blue-heeler.de\/fr\/wp-json\/wp\/v2\/users\/612"}],"replies":[{"embeddable":true,"href":"https:\/\/www.blue-heeler.de\/fr\/wp-json\/wp\/v2\/comments?post=82646"}],"version-history":[{"count":0,"href":"https:\/\/www.blue-heeler.de\/fr\/wp-json\/wp\/v2\/pages\/82646\/revisions"}],"wp:attachment":[{"href":"https:\/\/www.blue-heeler.de\/fr\/wp-json\/wp\/v2\/media?parent=82646"}],"curies":[{"name":"wp","href":"https:\/\/api.w.org\/{rel}","templated":true}]}}