{"id":82599,"date":"2024-05-08T16:02:42","date_gmt":"2024-05-08T14:02:42","guid":{"rendered":"http:\/\/blue-heeler.de\/expedition\/"},"modified":"2024-05-08T16:02:42","modified_gmt":"2024-05-08T14:02:42","slug":"expedition","status":"publish","type":"page","link":"https:\/\/www.blue-heeler.de\/fr\/expedition\/","title":{"rendered":"Exp\u00e9dition"},"content":{"rendered":"\t\t<div data-elementor-type=\"wp-page\" data-elementor-id=\"82599\" class=\"elementor elementor-82599 elementor-6866\" data-elementor-post-type=\"page\">\n\t\t\t\t\t\t<section class=\"elementor-section elementor-top-section elementor-element elementor-element-f88db20 elementor-section-stretched elementor-section-boxed elementor-section-height-default elementor-section-height-default\" data-id=\"f88db20\" data-element_type=\"section\" data-e-type=\"section\" data-settings=\"{&quot;stretch_section&quot;:&quot;section-stretched&quot;}\">\n\t\t\t\t\t\t<div class=\"elementor-container elementor-column-gap-no\">\n\t\t\t\t\t<div class=\"elementor-column elementor-col-100 elementor-top-column elementor-element elementor-element-8cef042\" data-id=\"8cef042\" data-element_type=\"column\" data-e-type=\"column\" data-settings=\"{&quot;background_background&quot;:&quot;classic&quot;}\">\n\t\t\t<div class=\"elementor-widget-wrap elementor-element-populated\">\n\t\t\t\t\t\t<div class=\"elementor-element elementor-element-ebf723b elementor-widget__width-initial elementor-widget elementor-widget-heading\" data-id=\"ebf723b\" data-element_type=\"widget\" data-e-type=\"widget\" data-widget_type=\"heading.default\">\n\t\t\t\t<div class=\"elementor-widget-container\">\n\t\t\t\t\t<h5 class=\"elementor-heading-title elementor-size-default\">Prix, frais de livraison et informations sur la livraison<\/h5>\t\t\t\t<\/div>\n\t\t\t\t<\/div>\n\t\t\t\t<div class=\"elementor-element elementor-element-a4d9105 elementor-widget-divider--view-line elementor-widget elementor-widget-divider\" data-id=\"a4d9105\" data-element_type=\"widget\" data-e-type=\"widget\" data-widget_type=\"divider.default\">\n\t\t\t\t<div class=\"elementor-widget-container\">\n\t\t\t\t\t\t\t<div class=\"elementor-divider\">\n\t\t\t<span class=\"elementor-divider-separator\">\n\t\t\t\t\t\t<\/span>\n\t\t<\/div>\n\t\t\t\t\t\t<\/div>\n\t\t\t\t<\/div>\n\t\t\t\t<div class=\"elementor-element elementor-element-518eab3 elementor-widget elementor-widget-image\" data-id=\"518eab3\" data-element_type=\"widget\" data-e-type=\"widget\" data-widget_type=\"image.default\">\n\t\t\t\t<div class=\"elementor-widget-container\">\n\t\t\t\t\t\t\t\t\t\t\t\t\t\t\t<img fetchpriority=\"high\" decoding=\"async\" width=\"500\" height=\"322\" src=\"https:\/\/www.blue-heeler.de\/wp-content\/uploads\/shipping-20240501-143724.jpg\" class=\"attachment-full size-full wp-image-82600\" alt=\"\" srcset=\"https:\/\/www.blue-heeler.de\/wp-content\/uploads\/shipping-20240501-143724.jpg 500w, https:\/\/www.blue-heeler.de\/wp-content\/uploads\/shipping-20240501-143724-420x270.jpg 420w, https:\/\/www.blue-heeler.de\/wp-content\/uploads\/shipping-20240501-143724-24x15.jpg 24w, https:\/\/www.blue-heeler.de\/wp-content\/uploads\/shipping-20240501-143724-36x23.jpg 36w, https:\/\/www.blue-heeler.de\/wp-content\/uploads\/shipping-20240501-143724-48x31.jpg 48w, https:\/\/www.blue-heeler.de\/wp-content\/uploads\/shipping-20240501-143724-450x290.jpg 450w\" sizes=\"(max-width: 500px) 100vw, 500px\" \/>\t\t\t\t\t\t\t\t\t\t\t\t\t\t\t<\/div>\n\t\t\t\t<\/div>\n\t\t\t\t<div class=\"elementor-element elementor-element-31a896f elementor-widget-divider--view-line elementor-widget elementor-widget-divider\" data-id=\"31a896f\" data-element_type=\"widget\" data-e-type=\"widget\" data-widget_type=\"divider.default\">\n\t\t\t\t<div class=\"elementor-widget-container\">\n\t\t\t\t\t\t\t<div class=\"elementor-divider\">\n\t\t\t<span class=\"elementor-divider-separator\">\n\t\t\t\t\t\t<\/span>\n\t\t<\/div>\n\t\t\t\t\t\t<\/div>\n\t\t\t\t<\/div>\n\t\t\t\t<div class=\"elementor-element elementor-element-576eebb elementor-widget elementor-widget-text-editor\" data-id=\"576eebb\" data-element_type=\"widget\" data-e-type=\"widget\" data-widget_type=\"text-editor.default\">\n\t\t\t\t<div class=\"elementor-widget-container\">\n\t\t\t\t\t\t\t\t\t<p>Les prix indiqu\u00e9s sur les pages de produits incluent la TVA et les autres \u00e9l\u00e9ments de prix.<\/p>\n<p><strong>Exp\u00e9dition assur\u00e9e par DHL<\/strong><\/p>\n<p>Nous ne livrons qu&rsquo;en Allemagne.<\/p>\n<p>Nous nous ferons un plaisir de livrer votre colis \u00e0 une station d&#8217;emballage ou \u00e0 un bureau de poste.<\/p>\n<p>Tous les envois et retours sont <strong>GRATUITS<\/strong>.<\/p>\n<p><strong>Pas d&rsquo;<\/strong> envoi express.<\/p>\n\t\t\t\t\t\t\t\t<\/div>\n\t\t\t\t<\/div>\n\t\t\t\t\t<\/div>\n\t\t<\/div>\n\t\t\t\t\t<\/div>\n\t\t<\/section>\n\t\t\t\t<\/div>\n\t\t","protected":false},"excerpt":{"rendered":"<p>Prix, frais de livraison et informations sur la livraison Les prix indiqu\u00e9s sur les pages de produits incluent la TVA et les autres \u00e9l\u00e9ments de prix. Exp\u00e9dition assur\u00e9e par DHL Nous ne livrons qu&rsquo;en Allemagne. Nous nous ferons un plaisir de livrer votre colis \u00e0 une station d&#8217;emballage ou \u00e0 un bureau de poste. Tous [&hellip;]<\/p>\n","protected":false},"author":612,"featured_media":0,"parent":0,"menu_order":0,"comment_status":"closed","ping_status":"closed","template":"elementor_header_footer","meta":{"inline_featured_image":false,"footnotes":""},"class_list":["post-82599","page","type-page","status-publish","hentry"],"yoast_head":"<!-- This site is optimized with the Yoast SEO Premium plugin v26.6 (Yoast SEO v26.5) - https:\/\/yoast.com\/wordpress\/plugins\/seo\/ -->\n<title>Prix, frais de port et livraison | Blue Heeler France<\/title>\n<meta name=\"description\" content=\"Obtenez des prix transparents, des frais de port r\u00e9duits et une livraison rapide avec Blue Heeler en France. D\u00e9couvrez d\u00e8s aujourd&#039;hui notre large gamme de solutions commerciales.\" \/>\n<meta name=\"robots\" content=\"index, follow, max-snippet:-1, max-image-preview:large, max-video-preview:-1\" \/>\n<link rel=\"canonical\" href=\"https:\/\/www.blue-heeler.de\/fr\/expedition\/\" \/>\n<meta property=\"og:locale\" content=\"fr_FR\" \/>\n<meta property=\"og:type\" content=\"article\" \/>\n<meta property=\"og:title\" content=\"Prix, frais de port et livraison | Blue Heeler France\" \/>\n<meta property=\"og:description\" content=\"Obtenez des prix transparents, des frais de port r\u00e9duits et une livraison rapide avec Blue Heeler en France. D\u00e9couvrez d\u00e8s aujourd&#039;hui notre large gamme de solutions commerciales.\" \/>\n<meta property=\"og:url\" content=\"https:\/\/www.blue-heeler.de\/fr\/expedition\/\" \/>\n<meta property=\"og:site_name\" content=\"BLUE HEELER BOOTS\" \/>\n<meta property=\"og:image\" content=\"https:\/\/blue-heeler.de\/wp-content\/uploads\/shipping-20240501-143724.jpg\" \/>\n<meta name=\"twitter:card\" content=\"summary_large_image\" \/>\n<script type=\"application\/ld+json\" class=\"yoast-schema-graph\">{\"@context\":\"https:\/\/schema.org\",\"@graph\":[{\"@type\":\"WebPage\",\"@id\":\"https:\/\/www.blue-heeler.de\/fr\/expedition\/\",\"url\":\"https:\/\/www.blue-heeler.de\/fr\/expedition\/\",\"name\":\"Prix, frais de port et livraison | Blue Heeler France\",\"isPartOf\":{\"@id\":\"https:\/\/www.blue-heeler.de\/fr\/#website\"},\"primaryImageOfPage\":{\"@id\":\"https:\/\/www.blue-heeler.de\/fr\/expedition\/#primaryimage\"},\"image\":{\"@id\":\"https:\/\/www.blue-heeler.de\/fr\/expedition\/#primaryimage\"},\"thumbnailUrl\":\"https:\/\/blue-heeler.de\/wp-content\/uploads\/shipping-20240501-143724.jpg\",\"datePublished\":\"2024-05-08T14:02:42+00:00\",\"description\":\"Obtenez des prix transparents, des frais de port r\u00e9duits et une livraison rapide avec Blue Heeler en France. D\u00e9couvrez d\u00e8s aujourd'hui notre large gamme de solutions commerciales.\",\"breadcrumb\":{\"@id\":\"https:\/\/www.blue-heeler.de\/fr\/expedition\/#breadcrumb\"},\"inLanguage\":\"fr-FR\",\"potentialAction\":[{\"@type\":\"ReadAction\",\"target\":[\"https:\/\/www.blue-heeler.de\/fr\/expedition\/\"]}]},{\"@type\":\"ImageObject\",\"inLanguage\":\"fr-FR\",\"@id\":\"https:\/\/www.blue-heeler.de\/fr\/expedition\/#primaryimage\",\"url\":\"https:\/\/blue-heeler.de\/wp-content\/uploads\/shipping-20240501-143724.jpg\",\"contentUrl\":\"https:\/\/blue-heeler.de\/wp-content\/uploads\/shipping-20240501-143724.jpg\"},{\"@type\":\"BreadcrumbList\",\"@id\":\"https:\/\/www.blue-heeler.de\/fr\/expedition\/#breadcrumb\",\"itemListElement\":[{\"@type\":\"ListItem\",\"position\":1,\"name\":\"Startseite\",\"item\":\"https:\/\/www.blue-heeler.de\/fr\/\"},{\"@type\":\"ListItem\",\"position\":2,\"name\":\"Exp\u00e9dition\"}]},{\"@type\":\"WebSite\",\"@id\":\"https:\/\/www.blue-heeler.de\/fr\/#website\",\"url\":\"https:\/\/www.blue-heeler.de\/fr\/\",\"name\":\"BLUE HEELER BOOTS\",\"description\":\"\",\"publisher\":{\"@id\":\"https:\/\/www.blue-heeler.de\/fr\/#organization\"},\"potentialAction\":[{\"@type\":\"SearchAction\",\"target\":{\"@type\":\"EntryPoint\",\"urlTemplate\":\"https:\/\/www.blue-heeler.de\/fr\/?s={search_term_string}\"},\"query-input\":{\"@type\":\"PropertyValueSpecification\",\"valueRequired\":true,\"valueName\":\"search_term_string\"}}],\"inLanguage\":\"fr-FR\"},{\"@type\":\"Organization\",\"@id\":\"https:\/\/www.blue-heeler.de\/fr\/#organization\",\"name\":\"blue heeler Europe\",\"url\":\"https:\/\/www.blue-heeler.de\/fr\/\",\"logo\":{\"@type\":\"ImageObject\",\"inLanguage\":\"fr-FR\",\"@id\":\"https:\/\/www.blue-heeler.de\/fr\/#\/schema\/logo\/image\/\",\"url\":\"https:\/\/www.blue-heeler.de\/wp-content\/uploads\/Blue-Heeler-logo.png\",\"contentUrl\":\"https:\/\/www.blue-heeler.de\/wp-content\/uploads\/Blue-Heeler-logo.png\",\"width\":1024,\"height\":292,\"caption\":\"blue heeler Europe\"},\"image\":{\"@id\":\"https:\/\/www.blue-heeler.de\/fr\/#\/schema\/logo\/image\/\"}}]}<\/script>\n<!-- \/ Yoast SEO Premium plugin. -->","yoast_head_json":{"title":"Prix, frais de port et livraison | Blue Heeler France","description":"Obtenez des prix transparents, des frais de port r\u00e9duits et une livraison rapide avec Blue Heeler en France. D\u00e9couvrez d\u00e8s aujourd'hui notre large gamme de solutions commerciales.","robots":{"index":"index","follow":"follow","max-snippet":"max-snippet:-1","max-image-preview":"max-image-preview:large","max-video-preview":"max-video-preview:-1"},"canonical":"https:\/\/www.blue-heeler.de\/fr\/expedition\/","og_locale":"fr_FR","og_type":"article","og_title":"Prix, frais de port et livraison | Blue Heeler France","og_description":"Obtenez des prix transparents, des frais de port r\u00e9duits et une livraison rapide avec Blue Heeler en France. D\u00e9couvrez d\u00e8s aujourd'hui notre large gamme de solutions commerciales.","og_url":"https:\/\/www.blue-heeler.de\/fr\/expedition\/","og_site_name":"BLUE HEELER BOOTS","og_image":[{"url":"https:\/\/blue-heeler.de\/wp-content\/uploads\/shipping-20240501-143724.jpg","type":"","width":"","height":""}],"twitter_card":"summary_large_image","schema":{"@context":"https:\/\/schema.org","@graph":[{"@type":"WebPage","@id":"https:\/\/www.blue-heeler.de\/fr\/expedition\/","url":"https:\/\/www.blue-heeler.de\/fr\/expedition\/","name":"Prix, frais de port et livraison | Blue Heeler France","isPartOf":{"@id":"https:\/\/www.blue-heeler.de\/fr\/#website"},"primaryImageOfPage":{"@id":"https:\/\/www.blue-heeler.de\/fr\/expedition\/#primaryimage"},"image":{"@id":"https:\/\/www.blue-heeler.de\/fr\/expedition\/#primaryimage"},"thumbnailUrl":"https:\/\/blue-heeler.de\/wp-content\/uploads\/shipping-20240501-143724.jpg","datePublished":"2024-05-08T14:02:42+00:00","description":"Obtenez des prix transparents, des frais de port r\u00e9duits et une livraison rapide avec Blue Heeler en France. D\u00e9couvrez d\u00e8s aujourd'hui notre large gamme de solutions commerciales.","breadcrumb":{"@id":"https:\/\/www.blue-heeler.de\/fr\/expedition\/#breadcrumb"},"inLanguage":"fr-FR","potentialAction":[{"@type":"ReadAction","target":["https:\/\/www.blue-heeler.de\/fr\/expedition\/"]}]},{"@type":"ImageObject","inLanguage":"fr-FR","@id":"https:\/\/www.blue-heeler.de\/fr\/expedition\/#primaryimage","url":"https:\/\/blue-heeler.de\/wp-content\/uploads\/shipping-20240501-143724.jpg","contentUrl":"https:\/\/blue-heeler.de\/wp-content\/uploads\/shipping-20240501-143724.jpg"},{"@type":"BreadcrumbList","@id":"https:\/\/www.blue-heeler.de\/fr\/expedition\/#breadcrumb","itemListElement":[{"@type":"ListItem","position":1,"name":"Startseite","item":"https:\/\/www.blue-heeler.de\/fr\/"},{"@type":"ListItem","position":2,"name":"Exp\u00e9dition"}]},{"@type":"WebSite","@id":"https:\/\/www.blue-heeler.de\/fr\/#website","url":"https:\/\/www.blue-heeler.de\/fr\/","name":"BLUE HEELER BOOTS","description":"","publisher":{"@id":"https:\/\/www.blue-heeler.de\/fr\/#organization"},"potentialAction":[{"@type":"SearchAction","target":{"@type":"EntryPoint","urlTemplate":"https:\/\/www.blue-heeler.de\/fr\/?s={search_term_string}"},"query-input":{"@type":"PropertyValueSpecification","valueRequired":true,"valueName":"search_term_string"}}],"inLanguage":"fr-FR"},{"@type":"Organization","@id":"https:\/\/www.blue-heeler.de\/fr\/#organization","name":"blue heeler Europe","url":"https:\/\/www.blue-heeler.de\/fr\/","logo":{"@type":"ImageObject","inLanguage":"fr-FR","@id":"https:\/\/www.blue-heeler.de\/fr\/#\/schema\/logo\/image\/","url":"https:\/\/www.blue-heeler.de\/wp-content\/uploads\/Blue-Heeler-logo.png","contentUrl":"https:\/\/www.blue-heeler.de\/wp-content\/uploads\/Blue-Heeler-logo.png","width":1024,"height":292,"caption":"blue heeler Europe"},"image":{"@id":"https:\/\/www.blue-heeler.de\/fr\/#\/schema\/logo\/image\/"}}]}},"_links":{"self":[{"href":"https:\/\/www.blue-heeler.de\/fr\/wp-json\/wp\/v2\/pages\/82599","targetHints":{"allow":["GET"]}}],"collection":[{"href":"https:\/\/www.blue-heeler.de\/fr\/wp-json\/wp\/v2\/pages"}],"about":[{"href":"https:\/\/www.blue-heeler.de\/fr\/wp-json\/wp\/v2\/types\/page"}],"author":[{"embeddable":true,"href":"https:\/\/www.blue-heeler.de\/fr\/wp-json\/wp\/v2\/users\/612"}],"replies":[{"embeddable":true,"href":"https:\/\/www.blue-heeler.de\/fr\/wp-json\/wp\/v2\/comments?post=82599"}],"version-history":[{"count":0,"href":"https:\/\/www.blue-heeler.de\/fr\/wp-json\/wp\/v2\/pages\/82599\/revisions"}],"wp:attachment":[{"href":"https:\/\/www.blue-heeler.de\/fr\/wp-json\/wp\/v2\/media?parent=82599"}],"curies":[{"name":"wp","href":"https:\/\/api.w.org\/{rel}","templated":true}]}}